{"id":184,"date":"2021-05-04T19:15:39","date_gmt":"2021-05-04T17:15:39","guid":{"rendered":"http:\/\/gihat.org\/?page_id=184"},"modified":"2021-09-07T10:56:18","modified_gmt":"2021-09-07T08:56:18","slug":"amparo-sanchez-cobos","status":"publish","type":"page","link":"https:\/\/gihat.org\/index.php\/participantes\/amparo-sanchez-cobos\/","title":{"rendered":"Amparo S\u00e1nchez Cobos"},"content":{"rendered":"\n<div class=\"wp-block-media-text alignwide is-stacked-on-mobile is-vertically-aligned-top is-style-default has-white-background-color has-background\" style=\"grid-template-columns:39% auto\"><figure class=\"wp-block-media-text__media\"><img loading=\"lazy\" width=\"500\" height=\"500\" src=\"http:\/\/gihat.org\/wp-content\/uploads\/2021\/04\/Amparo-Sanchez-Cobos.jpg\" alt=\"\" class=\"wp-image-106 size-full\" srcset=\"https:\/\/gihat.org\/wp-content\/uploads\/2021\/04\/Amparo-Sanchez-Cobos.jpg 500w, https:\/\/gihat.org\/wp-content\/uploads\/2021\/04\/Amparo-Sanchez-Cobos-300x300.jpg 300w, https:\/\/gihat.org\/wp-content\/uploads\/2021\/04\/Amparo-Sanchez-Cobos-150x150.jpg 150w\" sizes=\"(max-width: 500px) 100vw, 500px\" \/><\/figure><div class=\"wp-block-media-text__content\">\n<p><\/p>\n\n\n\n<p>Profesora Ayudante Doctora en la Universitat Jaume I de Castell\u00f3n. Doctora en Historia (Universitat Jaume I, 2007. Premio Extraordinario) sus l\u00edneas de investigaci\u00f3n principales est\u00e1n centradas en la historia del anarquismo en Cuba en los siglos XIX y XX y la historia de la esclavitud en Cuba en el siglo XIX. Es autora de <em>Colonialismo y esclavitud seg\u00fan un reformista espa\u00f1ol. Cuba en Ram\u00f3n de la Sagra<\/em> (Premio Iberoamericano Cortes de C\u00e1diz 2015, Ayuntamiento de C\u00e1diz, 2016) y <em>Sembrando ideales. Anarquistas espa\u00f1oles en Cuba (1902-1925)<\/em> (CSIC, 2008) y editora con Steve Palmer y Jos\u00e9 A. Piqueras de <em>State of Ambiguity. Civic Life and Culture in Cuba\u2019s First Republic<\/em> (Duke University Press, 2014). Ha colaborado en una veintena de obras colectivas sobre la historia de Cuba y del anarquismo entre las que destacan <em>Plantaci\u00f3n, espacios agrarios y paisaje social en la Cuba colonial<\/em> (2017); <em>Am\u00e9rica Latina de la independencia a la crisis del liberalismo, 1810-1930 <\/em>(2016); <em>Proyectos pol\u00edticos y culturales en las realidades caribe\u00f1as de los siglos XIX y XX<\/em> (2016); <em>Cuando los anarquistas citaban la Biblia: entre mesianismo y propaganda<\/em> (2014); <em>Handbook of Contemporary Cuba. Economy, Politics, Civil Society, and Globalization<\/em> (2013); y <em>Cultura y pol\u00edtica del anarquismo en Espa\u00f1a e Iberoam\u00e9rica<\/em> (2012). Ha publicado diversos art\u00edculos en revistas internacionales, entre otras, <em>Arenal<\/em> (2020), <em>Historia y Pol\u00edtica<\/em> (2019), <em>HISTOReLo<\/em> (2019), <em>Caravelle <\/em>(2018), <em>Anuario Colombiano de Historia Social y de la Cultura<\/em> (2017), <em>Revista Universitaria de Historia militar <\/em>(RUHM) (2016), <em>Ayer. Revista de Historia Contempor\u00e1nea <\/em>(2014), <em>Alcores <\/em>(2013), <em>Millars. Espai i Hist\u00f3ria<\/em> (2010 y 2008), <em>Historia Social<\/em> (2007) y <em>Op cit <\/em>(2004). Adem\u00e1s, ha participado en m\u00e1s de treinta congresos internacionales relacionados con la historia del Caribe y del anarquismo.<\/p>\n<\/div><\/div>\n","protected":false},"excerpt":{"rendered":"<p>Profesora Ayudante Doctora en la Universitat Jaume I de Castell\u00f3n. Doctora en Historia (Universitat Jaume I, 2007. Premio Extraordinario) sus l\u00edneas de investigaci\u00f3n principales est\u00e1n centradas en la historia del anarquismo en Cuba en los siglos XIX y XX y la historia de la esclavitud en Cuba en el siglo XIX. Es autora de Colonialismo&hellip;&nbsp;<a href=\"https:\/\/gihat.org\/index.php\/participantes\/amparo-sanchez-cobos\/\" class=\"\" rel=\"bookmark\">Leer m\u00e1s &raquo;<span class=\"screen-reader-text\">Amparo S\u00e1nchez Cobos<\/span><\/a><\/p>\n","protected":false},"author":1,"featured_media":0,"parent":80,"menu_order":0,"comment_status":"closed","ping_status":"closed","template":"","meta":{"neve_meta_sidebar":"default","neve_meta_container":"","neve_meta_enable_content_width":"off","neve_meta_content_width":59,"neve_meta_title_alignment":"","neve_meta_author_avatar":"","neve_post_elements_order":"","neve_meta_disable_header":"off","neve_meta_disable_footer":"","neve_meta_disable_title":"off"},"yoast_head":"<!-- This site is optimized with the Yoast SEO plugin v18.4.1 - https:\/\/yoast.com\/wordpress\/plugins\/seo\/ -->\n<title>Amparo S\u00e1nchez Cobos -<\/title>\n<meta name=\"robots\" content=\"index, follow, max-snippet:-1, max-image-preview:large, max-video-preview:-1\" \/>\n<link rel=\"canonical\" href=\"http:\/\/gihat.org\/index.php\/participantes\/amparo-sanchez-cobos\/\" \/>\n<meta property=\"og:locale\" content=\"es_ES\" \/>\n<meta property=\"og:type\" content=\"article\" \/>\n<meta property=\"og:title\" content=\"Amparo S\u00e1nchez Cobos -\" \/>\n<meta property=\"og:description\" content=\"Profesora Ayudante Doctora en la Universitat Jaume I de Castell\u00f3n. Doctora en Historia (Universitat Jaume I, 2007. Premio Extraordinario) sus l\u00edneas de investigaci\u00f3n principales est\u00e1n centradas en la historia del anarquismo en Cuba en los siglos XIX y XX y la historia de la esclavitud en Cuba en el siglo XIX. Es autora de Colonialismo&hellip;&nbsp;Leer m\u00e1s &raquo;Amparo S\u00e1nchez Cobos\" \/>\n<meta property=\"og:url\" content=\"http:\/\/gihat.org\/index.php\/participantes\/amparo-sanchez-cobos\/\" \/>\n<meta property=\"article:modified_time\" content=\"2021-09-07T08:56:18+00:00\" \/>\n<meta property=\"og:image\" content=\"http:\/\/gihat.org\/wp-content\/uploads\/2021\/04\/Amparo-Sanchez-Cobos.jpg\" \/>\n<meta name=\"twitter:card\" content=\"summary_large_image\" \/>\n<meta name=\"twitter:label1\" content=\"Tiempo de lectura\" \/>\n\t<meta name=\"twitter:data1\" content=\"2 minutos\" \/>\n<script type=\"application\/ld+json\" class=\"yoast-schema-graph\">{\"@context\":\"https:\/\/schema.org\",\"@graph\":[{\"@type\":\"Organization\",\"@id\":\"https:\/\/gihat.org\/#organization\",\"name\":\"GIHAT, Grupo de Investigaci\u00f3n de Historia del Anarquismo Transnacional\",\"url\":\"https:\/\/gihat.org\/\",\"sameAs\":[],\"logo\":{\"@type\":\"ImageObject\",\"@id\":\"https:\/\/gihat.org\/#logo\",\"inLanguage\":\"es\",\"url\":\"http:\/\/gihat.org\/wp-content\/uploads\/2021\/04\/cropped-Gihat-Logo-2.gif\",\"contentUrl\":\"http:\/\/gihat.org\/wp-content\/uploads\/2021\/04\/cropped-Gihat-Logo-2.gif\",\"width\":282,\"height\":90,\"caption\":\"GIHAT, Grupo de Investigaci\u00f3n de Historia del Anarquismo Transnacional\"},\"image\":{\"@id\":\"https:\/\/gihat.org\/#logo\"}},{\"@type\":\"WebSite\",\"@id\":\"https:\/\/gihat.org\/#website\",\"url\":\"https:\/\/gihat.org\/\",\"name\":\"\",\"description\":\"\",\"publisher\":{\"@id\":\"https:\/\/gihat.org\/#organization\"},\"potentialAction\":[{\"@type\":\"SearchAction\",\"target\":{\"@type\":\"EntryPoint\",\"urlTemplate\":\"https:\/\/gihat.org\/?s={search_term_string}\"},\"query-input\":\"required name=search_term_string\"}],\"inLanguage\":\"es\"},{\"@type\":\"ImageObject\",\"@id\":\"http:\/\/gihat.org\/index.php\/participantes\/amparo-sanchez-cobos\/#primaryimage\",\"inLanguage\":\"es\",\"url\":\"https:\/\/gihat.org\/wp-content\/uploads\/2021\/04\/Amparo-Sanchez-Cobos.jpg\",\"contentUrl\":\"https:\/\/gihat.org\/wp-content\/uploads\/2021\/04\/Amparo-Sanchez-Cobos.jpg\",\"width\":500,\"height\":500},{\"@type\":\"WebPage\",\"@id\":\"http:\/\/gihat.org\/index.php\/participantes\/amparo-sanchez-cobos\/#webpage\",\"url\":\"http:\/\/gihat.org\/index.php\/participantes\/amparo-sanchez-cobos\/\",\"name\":\"Amparo S\u00e1nchez Cobos -\",\"isPartOf\":{\"@id\":\"https:\/\/gihat.org\/#website\"},\"primaryImageOfPage\":{\"@id\":\"http:\/\/gihat.org\/index.php\/participantes\/amparo-sanchez-cobos\/#primaryimage\"},\"datePublished\":\"2021-05-04T17:15:39+00:00\",\"dateModified\":\"2021-09-07T08:56:18+00:00\",\"breadcrumb\":{\"@id\":\"http:\/\/gihat.org\/index.php\/participantes\/amparo-sanchez-cobos\/#breadcrumb\"},\"inLanguage\":\"es\",\"potentialAction\":[{\"@type\":\"ReadAction\",\"target\":[\"http:\/\/gihat.org\/index.php\/participantes\/amparo-sanchez-cobos\/\"]}]},{\"@type\":\"BreadcrumbList\",\"@id\":\"http:\/\/gihat.org\/index.php\/participantes\/amparo-sanchez-cobos\/#breadcrumb\",\"itemListElement\":[{\"@type\":\"ListItem\",\"position\":1,\"name\":\"Portada\",\"item\":\"https:\/\/gihat.org\/\"},{\"@type\":\"ListItem\",\"position\":2,\"name\":\"Participantes\",\"item\":\"https:\/\/gihat.org\/index.php\/participantes\/\"},{\"@type\":\"ListItem\",\"position\":3,\"name\":\"Amparo S\u00e1nchez Cobos\"}]}]}<\/script>\n<!-- \/ Yoast SEO plugin. -->","yoast_head_json":{"title":"Amparo S\u00e1nchez Cobos -","robots":{"index":"index","follow":"follow","max-snippet":"max-snippet:-1","max-image-preview":"max-image-preview:large","max-video-preview":"max-video-preview:-1"},"canonical":"http:\/\/gihat.org\/index.php\/participantes\/amparo-sanchez-cobos\/","og_locale":"es_ES","og_type":"article","og_title":"Amparo S\u00e1nchez Cobos -","og_description":"Profesora Ayudante Doctora en la Universitat Jaume I de Castell\u00f3n. Doctora en Historia (Universitat Jaume I, 2007. Premio Extraordinario) sus l\u00edneas de investigaci\u00f3n principales est\u00e1n centradas en la historia del anarquismo en Cuba en los siglos XIX y XX y la historia de la esclavitud en Cuba en el siglo XIX. Es autora de Colonialismo&hellip;&nbsp;Leer m\u00e1s &raquo;Amparo S\u00e1nchez Cobos","og_url":"http:\/\/gihat.org\/index.php\/participantes\/amparo-sanchez-cobos\/","article_modified_time":"2021-09-07T08:56:18+00:00","og_image":[{"url":"http:\/\/gihat.org\/wp-content\/uploads\/2021\/04\/Amparo-Sanchez-Cobos.jpg"}],"twitter_card":"summary_large_image","twitter_misc":{"Tiempo de lectura":"2 minutos"},"schema":{"@context":"https:\/\/schema.org","@graph":[{"@type":"Organization","@id":"https:\/\/gihat.org\/#organization","name":"GIHAT, Grupo de Investigaci\u00f3n de Historia del Anarquismo Transnacional","url":"https:\/\/gihat.org\/","sameAs":[],"logo":{"@type":"ImageObject","@id":"https:\/\/gihat.org\/#logo","inLanguage":"es","url":"http:\/\/gihat.org\/wp-content\/uploads\/2021\/04\/cropped-Gihat-Logo-2.gif","contentUrl":"http:\/\/gihat.org\/wp-content\/uploads\/2021\/04\/cropped-Gihat-Logo-2.gif","width":282,"height":90,"caption":"GIHAT, Grupo de Investigaci\u00f3n de Historia del Anarquismo Transnacional"},"image":{"@id":"https:\/\/gihat.org\/#logo"}},{"@type":"WebSite","@id":"https:\/\/gihat.org\/#website","url":"https:\/\/gihat.org\/","name":"","description":"","publisher":{"@id":"https:\/\/gihat.org\/#organization"},"potentialAction":[{"@type":"SearchAction","target":{"@type":"EntryPoint","urlTemplate":"https:\/\/gihat.org\/?s={search_term_string}"},"query-input":"required name=search_term_string"}],"inLanguage":"es"},{"@type":"ImageObject","@id":"http:\/\/gihat.org\/index.php\/participantes\/amparo-sanchez-cobos\/#primaryimage","inLanguage":"es","url":"https:\/\/gihat.org\/wp-content\/uploads\/2021\/04\/Amparo-Sanchez-Cobos.jpg","contentUrl":"https:\/\/gihat.org\/wp-content\/uploads\/2021\/04\/Amparo-Sanchez-Cobos.jpg","width":500,"height":500},{"@type":"WebPage","@id":"http:\/\/gihat.org\/index.php\/participantes\/amparo-sanchez-cobos\/#webpage","url":"http:\/\/gihat.org\/index.php\/participantes\/amparo-sanchez-cobos\/","name":"Amparo S\u00e1nchez Cobos -","isPartOf":{"@id":"https:\/\/gihat.org\/#website"},"primaryImageOfPage":{"@id":"http:\/\/gihat.org\/index.php\/participantes\/amparo-sanchez-cobos\/#primaryimage"},"datePublished":"2021-05-04T17:15:39+00:00","dateModified":"2021-09-07T08:56:18+00:00","breadcrumb":{"@id":"http:\/\/gihat.org\/index.php\/participantes\/amparo-sanchez-cobos\/#breadcrumb"},"inLanguage":"es","potentialAction":[{"@type":"ReadAction","target":["http:\/\/gihat.org\/index.php\/participantes\/amparo-sanchez-cobos\/"]}]},{"@type":"BreadcrumbList","@id":"http:\/\/gihat.org\/index.php\/participantes\/amparo-sanchez-cobos\/#breadcrumb","itemListElement":[{"@type":"ListItem","position":1,"name":"Portada","item":"https:\/\/gihat.org\/"},{"@type":"ListItem","position":2,"name":"Participantes","item":"https:\/\/gihat.org\/index.php\/participantes\/"},{"@type":"ListItem","position":3,"name":"Amparo S\u00e1nchez Cobos"}]}]}},"_links":{"self":[{"href":"https:\/\/gihat.org\/index.php\/wp-json\/wp\/v2\/pages\/184"}],"collection":[{"href":"https:\/\/gihat.org\/index.php\/wp-json\/wp\/v2\/pages"}],"about":[{"href":"https:\/\/gihat.org\/index.php\/wp-json\/wp\/v2\/types\/page"}],"author":[{"embeddable":true,"href":"https:\/\/gihat.org\/index.php\/wp-json\/wp\/v2\/users\/1"}],"replies":[{"embeddable":true,"href":"https:\/\/gihat.org\/index.php\/wp-json\/wp\/v2\/comments?post=184"}],"version-history":[{"count":9,"href":"https:\/\/gihat.org\/index.php\/wp-json\/wp\/v2\/pages\/184\/revisions"}],"predecessor-version":[{"id":326,"href":"https:\/\/gihat.org\/index.php\/wp-json\/wp\/v2\/pages\/184\/revisions\/326"}],"up":[{"embeddable":true,"href":"https:\/\/gihat.org\/index.php\/wp-json\/wp\/v2\/pages\/80"}],"wp:attachment":[{"href":"https:\/\/gihat.org\/index.php\/wp-json\/wp\/v2\/media?parent=184"}],"curies":[{"name":"wp","href":"https:\/\/api.w.org\/{rel}","templated":true}]}}