{"id":191,"date":"2021-05-04T19:25:28","date_gmt":"2021-05-04T17:25:28","guid":{"rendered":"http:\/\/gihat.org\/?page_id=191"},"modified":"2021-09-07T10:57:36","modified_gmt":"2021-09-07T08:57:36","slug":"raul-gracia-meseguer","status":"publish","type":"page","link":"https:\/\/gihat.org\/index.php\/participantes\/raul-gracia-meseguer\/","title":{"rendered":"Ra\u00fal Gracia Meseguer"},"content":{"rendered":"\n<div class=\"wp-block-media-text alignwide is-stacked-on-mobile is-vertically-aligned-top is-style-default has-white-background-color has-background\" style=\"grid-template-columns:39% auto\"><figure class=\"wp-block-media-text__media\"><img loading=\"lazy\" width=\"500\" height=\"500\" src=\"http:\/\/gihat.org\/wp-content\/uploads\/2021\/05\/Rau\u0301l-Gracia-Meseguer.jpg\" alt=\"\" class=\"wp-image-296 size-full\" srcset=\"https:\/\/gihat.org\/wp-content\/uploads\/2021\/05\/Rau\u0301l-Gracia-Meseguer.jpg 500w, https:\/\/gihat.org\/wp-content\/uploads\/2021\/05\/Rau\u0301l-Gracia-Meseguer-300x300.jpg 300w, https:\/\/gihat.org\/wp-content\/uploads\/2021\/05\/Rau\u0301l-Gracia-Meseguer-150x150.jpg 150w\" sizes=\"(max-width: 500px) 100vw, 500px\" \/><\/figure><div class=\"wp-block-media-text__content\">\n<p><\/p>\n\n\n\n<p class=\"has-text-align-left\">Becario predoctoral (beca Gobierno Vasco, Convocatoria 2020-2021) para el desarrollo de la Tesis Doctoral \u201cAuge y p\u00e9rdida de influencia del anarquismo transnacional (Espa\u00f1a, Argentina, Uruguay: 1890-1940)\u201d. Ha realizado sendas comunicaciones sobre las redes anarquistas transnacionales. En el a\u00f1o 2020 realizo una estancia en el Instituto Internacional de Historia Social de \u00c1msterdam (IISG). Es miembro del Instituto de Historia Social Valent\u00edn de Foronda y de varios grupos de investigaci\u00f3n: \u201cNacionalizaci\u00f3n, Estado y violencias. Experiencias, discursos y pr\u00e1cticas (siglos XIX y XX)\u201d, IP Dr. Fernando Molina (ref. HAR2017-83955-P); \u201cGrupo de Investigaci\u00f3n de Historia del Anarquismo Transnacional (GIHAT)\u201d de la UNED, IP Dr. Susana Sueiro Seoane; y del Grupo acreditado Tipo A de investigaci\u00f3n del Sistema Universitario Vasco IT- 1227-19 \u201cNacionalizaci\u00f3n, Estado y violencias pol\u00edticas. Dimensi\u00f3n social, discursos y pr\u00e1cticas (siglos XIX-XXI)\u201d, IP Dr. Antonio Rivera.<\/p>\n<\/div><\/div>\n\n\n\n<p><\/p>\n","protected":false},"excerpt":{"rendered":"<p>Becario predoctoral (beca Gobierno Vasco, Convocatoria 2020-2021) para el desarrollo de la Tesis Doctoral \u201cAuge y p\u00e9rdida de influencia del anarquismo transnacional (Espa\u00f1a, Argentina, Uruguay: 1890-1940)\u201d. Ha realizado sendas comunicaciones sobre las redes anarquistas transnacionales. En el a\u00f1o 2020 realizo una estancia en el Instituto Internacional de Historia Social de \u00c1msterdam (IISG). Es miembro del&hellip;&nbsp;<a href=\"https:\/\/gihat.org\/index.php\/participantes\/raul-gracia-meseguer\/\" class=\"\" rel=\"bookmark\">Leer m\u00e1s &raquo;<span class=\"screen-reader-text\">Ra\u00fal Gracia Meseguer<\/span><\/a><\/p>\n","protected":false},"author":1,"featured_media":0,"parent":80,"menu_order":0,"comment_status":"closed","ping_status":"closed","template":"","meta":{"neve_meta_sidebar":"default","neve_meta_container":"","neve_meta_enable_content_width":"off","neve_meta_content_width":100,"neve_meta_title_alignment":"","neve_meta_author_avatar":"","neve_post_elements_order":"","neve_meta_disable_header":"","neve_meta_disable_footer":"","neve_meta_disable_title":""},"yoast_head":"<!-- This site is optimized with the Yoast SEO plugin v18.4.1 - https:\/\/yoast.com\/wordpress\/plugins\/seo\/ -->\n<title>Ra\u00fal Gracia Meseguer -<\/title>\n<meta name=\"robots\" content=\"index, follow, max-snippet:-1, max-image-preview:large, max-video-preview:-1\" \/>\n<link rel=\"canonical\" href=\"http:\/\/gihat.org\/index.php\/participantes\/raul-gracia-meseguer\/\" \/>\n<meta property=\"og:locale\" content=\"es_ES\" \/>\n<meta property=\"og:type\" content=\"article\" \/>\n<meta property=\"og:title\" content=\"Ra\u00fal Gracia Meseguer -\" \/>\n<meta property=\"og:description\" content=\"Becario predoctoral (beca Gobierno Vasco, Convocatoria 2020-2021) para el desarrollo de la Tesis Doctoral \u201cAuge y p\u00e9rdida de influencia del anarquismo transnacional (Espa\u00f1a, Argentina, Uruguay: 1890-1940)\u201d. Ha realizado sendas comunicaciones sobre las redes anarquistas transnacionales. En el a\u00f1o 2020 realizo una estancia en el Instituto Internacional de Historia Social de \u00c1msterdam (IISG). Es miembro del&hellip;&nbsp;Leer m\u00e1s &raquo;Ra\u00fal Gracia Meseguer\" \/>\n<meta property=\"og:url\" content=\"http:\/\/gihat.org\/index.php\/participantes\/raul-gracia-meseguer\/\" \/>\n<meta property=\"article:modified_time\" content=\"2021-09-07T08:57:36+00:00\" \/>\n<meta property=\"og:image\" content=\"http:\/\/gihat.org\/wp-content\/uploads\/2021\/05\/Rau\u0301l-Gracia-Meseguer.jpg\" \/>\n<meta name=\"twitter:card\" content=\"summary_large_image\" \/>\n<meta name=\"twitter:label1\" content=\"Tiempo de lectura\" \/>\n\t<meta name=\"twitter:data1\" content=\"1 minuto\" \/>\n<script type=\"application\/ld+json\" class=\"yoast-schema-graph\">{\"@context\":\"https:\/\/schema.org\",\"@graph\":[{\"@type\":\"Organization\",\"@id\":\"https:\/\/gihat.org\/#organization\",\"name\":\"GIHAT, Grupo de Investigaci\u00f3n de Historia del Anarquismo Transnacional\",\"url\":\"https:\/\/gihat.org\/\",\"sameAs\":[],\"logo\":{\"@type\":\"ImageObject\",\"@id\":\"https:\/\/gihat.org\/#logo\",\"inLanguage\":\"es\",\"url\":\"http:\/\/gihat.org\/wp-content\/uploads\/2021\/04\/cropped-Gihat-Logo-2.gif\",\"contentUrl\":\"http:\/\/gihat.org\/wp-content\/uploads\/2021\/04\/cropped-Gihat-Logo-2.gif\",\"width\":282,\"height\":90,\"caption\":\"GIHAT, Grupo de Investigaci\u00f3n de Historia del Anarquismo Transnacional\"},\"image\":{\"@id\":\"https:\/\/gihat.org\/#logo\"}},{\"@type\":\"WebSite\",\"@id\":\"https:\/\/gihat.org\/#website\",\"url\":\"https:\/\/gihat.org\/\",\"name\":\"\",\"description\":\"\",\"publisher\":{\"@id\":\"https:\/\/gihat.org\/#organization\"},\"potentialAction\":[{\"@type\":\"SearchAction\",\"target\":{\"@type\":\"EntryPoint\",\"urlTemplate\":\"https:\/\/gihat.org\/?s={search_term_string}\"},\"query-input\":\"required name=search_term_string\"}],\"inLanguage\":\"es\"},{\"@type\":\"ImageObject\",\"@id\":\"http:\/\/gihat.org\/index.php\/participantes\/raul-gracia-meseguer\/#primaryimage\",\"inLanguage\":\"es\",\"url\":\"https:\/\/gihat.org\/wp-content\/uploads\/2021\/05\/Rau\u0301l-Gracia-Meseguer.jpg\",\"contentUrl\":\"https:\/\/gihat.org\/wp-content\/uploads\/2021\/05\/Rau\u0301l-Gracia-Meseguer.jpg\",\"width\":500,\"height\":500},{\"@type\":\"WebPage\",\"@id\":\"http:\/\/gihat.org\/index.php\/participantes\/raul-gracia-meseguer\/#webpage\",\"url\":\"http:\/\/gihat.org\/index.php\/participantes\/raul-gracia-meseguer\/\",\"name\":\"Ra\u00fal Gracia Meseguer -\",\"isPartOf\":{\"@id\":\"https:\/\/gihat.org\/#website\"},\"primaryImageOfPage\":{\"@id\":\"http:\/\/gihat.org\/index.php\/participantes\/raul-gracia-meseguer\/#primaryimage\"},\"datePublished\":\"2021-05-04T17:25:28+00:00\",\"dateModified\":\"2021-09-07T08:57:36+00:00\",\"breadcrumb\":{\"@id\":\"http:\/\/gihat.org\/index.php\/participantes\/raul-gracia-meseguer\/#breadcrumb\"},\"inLanguage\":\"es\",\"potentialAction\":[{\"@type\":\"ReadAction\",\"target\":[\"http:\/\/gihat.org\/index.php\/participantes\/raul-gracia-meseguer\/\"]}]},{\"@type\":\"BreadcrumbList\",\"@id\":\"http:\/\/gihat.org\/index.php\/participantes\/raul-gracia-meseguer\/#breadcrumb\",\"itemListElement\":[{\"@type\":\"ListItem\",\"position\":1,\"name\":\"Portada\",\"item\":\"https:\/\/gihat.org\/\"},{\"@type\":\"ListItem\",\"position\":2,\"name\":\"Participantes\",\"item\":\"https:\/\/gihat.org\/index.php\/participantes\/\"},{\"@type\":\"ListItem\",\"position\":3,\"name\":\"Ra\u00fal Gracia Meseguer\"}]}]}<\/script>\n<!-- \/ Yoast SEO plugin. -->","yoast_head_json":{"title":"Ra\u00fal Gracia Meseguer -","robots":{"index":"index","follow":"follow","max-snippet":"max-snippet:-1","max-image-preview":"max-image-preview:large","max-video-preview":"max-video-preview:-1"},"canonical":"http:\/\/gihat.org\/index.php\/participantes\/raul-gracia-meseguer\/","og_locale":"es_ES","og_type":"article","og_title":"Ra\u00fal Gracia Meseguer -","og_description":"Becario predoctoral (beca Gobierno Vasco, Convocatoria 2020-2021) para el desarrollo de la Tesis Doctoral \u201cAuge y p\u00e9rdida de influencia del anarquismo transnacional (Espa\u00f1a, Argentina, Uruguay: 1890-1940)\u201d. Ha realizado sendas comunicaciones sobre las redes anarquistas transnacionales. En el a\u00f1o 2020 realizo una estancia en el Instituto Internacional de Historia Social de \u00c1msterdam (IISG). Es miembro del&hellip;&nbsp;Leer m\u00e1s &raquo;Ra\u00fal Gracia Meseguer","og_url":"http:\/\/gihat.org\/index.php\/participantes\/raul-gracia-meseguer\/","article_modified_time":"2021-09-07T08:57:36+00:00","og_image":[{"url":"http:\/\/gihat.org\/wp-content\/uploads\/2021\/05\/Rau\u0301l-Gracia-Meseguer.jpg"}],"twitter_card":"summary_large_image","twitter_misc":{"Tiempo de lectura":"1 minuto"},"schema":{"@context":"https:\/\/schema.org","@graph":[{"@type":"Organization","@id":"https:\/\/gihat.org\/#organization","name":"GIHAT, Grupo de Investigaci\u00f3n de Historia del Anarquismo Transnacional","url":"https:\/\/gihat.org\/","sameAs":[],"logo":{"@type":"ImageObject","@id":"https:\/\/gihat.org\/#logo","inLanguage":"es","url":"http:\/\/gihat.org\/wp-content\/uploads\/2021\/04\/cropped-Gihat-Logo-2.gif","contentUrl":"http:\/\/gihat.org\/wp-content\/uploads\/2021\/04\/cropped-Gihat-Logo-2.gif","width":282,"height":90,"caption":"GIHAT, Grupo de Investigaci\u00f3n de Historia del Anarquismo Transnacional"},"image":{"@id":"https:\/\/gihat.org\/#logo"}},{"@type":"WebSite","@id":"https:\/\/gihat.org\/#website","url":"https:\/\/gihat.org\/","name":"","description":"","publisher":{"@id":"https:\/\/gihat.org\/#organization"},"potentialAction":[{"@type":"SearchAction","target":{"@type":"EntryPoint","urlTemplate":"https:\/\/gihat.org\/?s={search_term_string}"},"query-input":"required name=search_term_string"}],"inLanguage":"es"},{"@type":"ImageObject","@id":"http:\/\/gihat.org\/index.php\/participantes\/raul-gracia-meseguer\/#primaryimage","inLanguage":"es","url":"https:\/\/gihat.org\/wp-content\/uploads\/2021\/05\/Rau\u0301l-Gracia-Meseguer.jpg","contentUrl":"https:\/\/gihat.org\/wp-content\/uploads\/2021\/05\/Rau\u0301l-Gracia-Meseguer.jpg","width":500,"height":500},{"@type":"WebPage","@id":"http:\/\/gihat.org\/index.php\/participantes\/raul-gracia-meseguer\/#webpage","url":"http:\/\/gihat.org\/index.php\/participantes\/raul-gracia-meseguer\/","name":"Ra\u00fal Gracia Meseguer -","isPartOf":{"@id":"https:\/\/gihat.org\/#website"},"primaryImageOfPage":{"@id":"http:\/\/gihat.org\/index.php\/participantes\/raul-gracia-meseguer\/#primaryimage"},"datePublished":"2021-05-04T17:25:28+00:00","dateModified":"2021-09-07T08:57:36+00:00","breadcrumb":{"@id":"http:\/\/gihat.org\/index.php\/participantes\/raul-gracia-meseguer\/#breadcrumb"},"inLanguage":"es","potentialAction":[{"@type":"ReadAction","target":["http:\/\/gihat.org\/index.php\/participantes\/raul-gracia-meseguer\/"]}]},{"@type":"BreadcrumbList","@id":"http:\/\/gihat.org\/index.php\/participantes\/raul-gracia-meseguer\/#breadcrumb","itemListElement":[{"@type":"ListItem","position":1,"name":"Portada","item":"https:\/\/gihat.org\/"},{"@type":"ListItem","position":2,"name":"Participantes","item":"https:\/\/gihat.org\/index.php\/participantes\/"},{"@type":"ListItem","position":3,"name":"Ra\u00fal Gracia Meseguer"}]}]}},"_links":{"self":[{"href":"https:\/\/gihat.org\/index.php\/wp-json\/wp\/v2\/pages\/191"}],"collection":[{"href":"https:\/\/gihat.org\/index.php\/wp-json\/wp\/v2\/pages"}],"about":[{"href":"https:\/\/gihat.org\/index.php\/wp-json\/wp\/v2\/types\/page"}],"author":[{"embeddable":true,"href":"https:\/\/gihat.org\/index.php\/wp-json\/wp\/v2\/users\/1"}],"replies":[{"embeddable":true,"href":"https:\/\/gihat.org\/index.php\/wp-json\/wp\/v2\/comments?post=191"}],"version-history":[{"count":4,"href":"https:\/\/gihat.org\/index.php\/wp-json\/wp\/v2\/pages\/191\/revisions"}],"predecessor-version":[{"id":330,"href":"https:\/\/gihat.org\/index.php\/wp-json\/wp\/v2\/pages\/191\/revisions\/330"}],"up":[{"embeddable":true,"href":"https:\/\/gihat.org\/index.php\/wp-json\/wp\/v2\/pages\/80"}],"wp:attachment":[{"href":"https:\/\/gihat.org\/index.php\/wp-json\/wp\/v2\/media?parent=191"}],"curies":[{"name":"wp","href":"https:\/\/api.w.org\/{rel}","templated":true}]}}