{"id":212,"date":"2021-05-07T12:51:27","date_gmt":"2021-05-07T10:51:27","guid":{"rendered":"http:\/\/gihat.org\/?page_id=212"},"modified":"2021-09-07T10:57:54","modified_gmt":"2021-09-07T08:57:54","slug":"oscar-frean","status":"publish","type":"page","link":"https:\/\/gihat.org\/index.php\/participantes\/oscar-frean\/","title":{"rendered":"\u00d3scar Fre\u00e1n Hern\u00e1ndez"},"content":{"rendered":"\n<div class=\"wp-block-media-text alignwide is-stacked-on-mobile is-vertically-aligned-top is-style-default has-background has-white-background-color has-background\" style=\"grid-template-columns:39% auto\"><figure class=\"wp-block-media-text__media\"><img src=\"http:\/\/gihat.org\/wp-content\/uploads\/2021\/05\/O\u0301scar-Frea\u0301n.jpg\" alt=\"\" class=\"wp-image-214 size-full\"\/><\/figure><div class=\"wp-block-media-text__content\">\n<p><\/p>\n\n\n\n<p>Catedr\u00e1tico de Historia Contempor\u00e1nea de Espa\u00f1a en la Universit\u00e9 Lyon 2 (Francia). Sus trabajos se centran en el estudio del anarcosindicalismo espa\u00f1ol, del movimiento libertario en Galicia y del exilio anarquista espa\u00f1ol en Francia. En el \u00e1mbito de la historia transnacional, sus l\u00edneas de investigaci\u00f3n se orientan, por un lado, hacia el estudio del activismo y de las redes de sociabilidad de los exiliados espa\u00f1oles en Francia y, por otro lado, al an\u00e1lisis de las relaciones de los anarquistas gallegos en los pa\u00edses americanos.<\/p>\n\n\n\n<p><a href=\"https:\/\/orcid.org\/0000-0002-8349-9323\">Ver perfil en Orcid.<\/a><\/p>\n\n\n\n<p><\/p>\n<\/div><\/div>\n\n\n\n<p><\/p>\n","protected":false},"excerpt":{"rendered":"<p>Catedr\u00e1tico de Historia Contempor\u00e1nea de Espa\u00f1a en la Universit\u00e9 Lyon 2 (Francia). Sus trabajos se centran en el estudio del anarcosindicalismo espa\u00f1ol, del movimiento libertario en Galicia y del exilio anarquista espa\u00f1ol en Francia. En el \u00e1mbito de la historia transnacional, sus l\u00edneas de investigaci\u00f3n se orientan, por un lado, hacia el estudio del activismo&hellip;&nbsp;<a href=\"https:\/\/gihat.org\/index.php\/participantes\/oscar-frean\/\" class=\"\" rel=\"bookmark\">Leer m\u00e1s &raquo;<span class=\"screen-reader-text\">\u00d3scar Fre\u00e1n Hern\u00e1ndez<\/span><\/a><\/p>\n","protected":false},"author":1,"featured_media":0,"parent":80,"menu_order":0,"comment_status":"closed","ping_status":"closed","template":"","meta":{"neve_meta_sidebar":"default","neve_meta_container":"","neve_meta_enable_content_width":"off","neve_meta_content_width":100,"neve_meta_title_alignment":"","neve_meta_author_avatar":"","neve_post_elements_order":"","neve_meta_disable_header":"","neve_meta_disable_footer":"","neve_meta_disable_title":""},"yoast_head":"<!-- This site is optimized with the Yoast SEO plugin v18.4.1 - https:\/\/yoast.com\/wordpress\/plugins\/seo\/ -->\n<title>\u00d3scar Fre\u00e1n Hern\u00e1ndez -<\/title>\n<meta name=\"robots\" content=\"index, follow, max-snippet:-1, max-image-preview:large, max-video-preview:-1\" \/>\n<link rel=\"canonical\" href=\"https:\/\/gihat.org\/index.php\/participantes\/oscar-frean\/\" \/>\n<meta property=\"og:locale\" content=\"es_ES\" \/>\n<meta property=\"og:type\" content=\"article\" \/>\n<meta property=\"og:title\" content=\"\u00d3scar Fre\u00e1n Hern\u00e1ndez -\" \/>\n<meta property=\"og:description\" content=\"Catedr\u00e1tico de Historia Contempor\u00e1nea de Espa\u00f1a en la Universit\u00e9 Lyon 2 (Francia). Sus trabajos se centran en el estudio del anarcosindicalismo espa\u00f1ol, del movimiento libertario en Galicia y del exilio anarquista espa\u00f1ol en Francia. En el \u00e1mbito de la historia transnacional, sus l\u00edneas de investigaci\u00f3n se orientan, por un lado, hacia el estudio del activismo&hellip;&nbsp;Leer m\u00e1s &raquo;\u00d3scar Fre\u00e1n Hern\u00e1ndez\" \/>\n<meta property=\"og:url\" content=\"https:\/\/gihat.org\/index.php\/participantes\/oscar-frean\/\" \/>\n<meta property=\"article:modified_time\" content=\"2021-09-07T08:57:54+00:00\" \/>\n<meta property=\"og:image\" content=\"http:\/\/gihat.org\/wp-content\/uploads\/2021\/05\/O\u0301scar-Frea\u0301n.jpg\" \/>\n<meta name=\"twitter:card\" content=\"summary_large_image\" \/>\n<meta name=\"twitter:label1\" content=\"Tiempo de lectura\" \/>\n\t<meta name=\"twitter:data1\" content=\"1 minuto\" \/>\n<script type=\"application\/ld+json\" class=\"yoast-schema-graph\">{\"@context\":\"https:\/\/schema.org\",\"@graph\":[{\"@type\":\"Organization\",\"@id\":\"https:\/\/gihat.org\/#organization\",\"name\":\"GIHAT, Grupo de Investigaci\u00f3n de Historia del Anarquismo Transnacional\",\"url\":\"https:\/\/gihat.org\/\",\"sameAs\":[],\"logo\":{\"@type\":\"ImageObject\",\"@id\":\"https:\/\/gihat.org\/#logo\",\"inLanguage\":\"es\",\"url\":\"http:\/\/gihat.org\/wp-content\/uploads\/2021\/04\/cropped-Gihat-Logo-2.gif\",\"contentUrl\":\"http:\/\/gihat.org\/wp-content\/uploads\/2021\/04\/cropped-Gihat-Logo-2.gif\",\"width\":282,\"height\":90,\"caption\":\"GIHAT, Grupo de Investigaci\u00f3n de Historia del Anarquismo Transnacional\"},\"image\":{\"@id\":\"https:\/\/gihat.org\/#logo\"}},{\"@type\":\"WebSite\",\"@id\":\"https:\/\/gihat.org\/#website\",\"url\":\"https:\/\/gihat.org\/\",\"name\":\"\",\"description\":\"\",\"publisher\":{\"@id\":\"https:\/\/gihat.org\/#organization\"},\"potentialAction\":[{\"@type\":\"SearchAction\",\"target\":{\"@type\":\"EntryPoint\",\"urlTemplate\":\"https:\/\/gihat.org\/?s={search_term_string}\"},\"query-input\":\"required name=search_term_string\"}],\"inLanguage\":\"es\"},{\"@type\":\"ImageObject\",\"@id\":\"https:\/\/gihat.org\/index.php\/participantes\/oscar-frean\/#primaryimage\",\"inLanguage\":\"es\",\"url\":\"https:\/\/gihat.org\/wp-content\/uploads\/2021\/05\/O\u0301scar-Frea\u0301n.jpg\",\"contentUrl\":\"https:\/\/gihat.org\/wp-content\/uploads\/2021\/05\/O\u0301scar-Frea\u0301n.jpg\",\"width\":442,\"height\":442},{\"@type\":\"WebPage\",\"@id\":\"https:\/\/gihat.org\/index.php\/participantes\/oscar-frean\/#webpage\",\"url\":\"https:\/\/gihat.org\/index.php\/participantes\/oscar-frean\/\",\"name\":\"\u00d3scar Fre\u00e1n Hern\u00e1ndez -\",\"isPartOf\":{\"@id\":\"https:\/\/gihat.org\/#website\"},\"primaryImageOfPage\":{\"@id\":\"https:\/\/gihat.org\/index.php\/participantes\/oscar-frean\/#primaryimage\"},\"datePublished\":\"2021-05-07T10:51:27+00:00\",\"dateModified\":\"2021-09-07T08:57:54+00:00\",\"breadcrumb\":{\"@id\":\"https:\/\/gihat.org\/index.php\/participantes\/oscar-frean\/#breadcrumb\"},\"inLanguage\":\"es\",\"potentialAction\":[{\"@type\":\"ReadAction\",\"target\":[\"https:\/\/gihat.org\/index.php\/participantes\/oscar-frean\/\"]}]},{\"@type\":\"BreadcrumbList\",\"@id\":\"https:\/\/gihat.org\/index.php\/participantes\/oscar-frean\/#breadcrumb\",\"itemListElement\":[{\"@type\":\"ListItem\",\"position\":1,\"name\":\"Portada\",\"item\":\"https:\/\/gihat.org\/\"},{\"@type\":\"ListItem\",\"position\":2,\"name\":\"Participantes\",\"item\":\"https:\/\/gihat.org\/index.php\/participantes\/\"},{\"@type\":\"ListItem\",\"position\":3,\"name\":\"\u00d3scar Fre\u00e1n Hern\u00e1ndez\"}]}]}<\/script>\n<!-- \/ Yoast SEO plugin. -->","yoast_head_json":{"title":"\u00d3scar Fre\u00e1n Hern\u00e1ndez -","robots":{"index":"index","follow":"follow","max-snippet":"max-snippet:-1","max-image-preview":"max-image-preview:large","max-video-preview":"max-video-preview:-1"},"canonical":"https:\/\/gihat.org\/index.php\/participantes\/oscar-frean\/","og_locale":"es_ES","og_type":"article","og_title":"\u00d3scar Fre\u00e1n Hern\u00e1ndez -","og_description":"Catedr\u00e1tico de Historia Contempor\u00e1nea de Espa\u00f1a en la Universit\u00e9 Lyon 2 (Francia). Sus trabajos se centran en el estudio del anarcosindicalismo espa\u00f1ol, del movimiento libertario en Galicia y del exilio anarquista espa\u00f1ol en Francia. En el \u00e1mbito de la historia transnacional, sus l\u00edneas de investigaci\u00f3n se orientan, por un lado, hacia el estudio del activismo&hellip;&nbsp;Leer m\u00e1s &raquo;\u00d3scar Fre\u00e1n Hern\u00e1ndez","og_url":"https:\/\/gihat.org\/index.php\/participantes\/oscar-frean\/","article_modified_time":"2021-09-07T08:57:54+00:00","og_image":[{"url":"http:\/\/gihat.org\/wp-content\/uploads\/2021\/05\/O\u0301scar-Frea\u0301n.jpg"}],"twitter_card":"summary_large_image","twitter_misc":{"Tiempo de lectura":"1 minuto"},"schema":{"@context":"https:\/\/schema.org","@graph":[{"@type":"Organization","@id":"https:\/\/gihat.org\/#organization","name":"GIHAT, Grupo de Investigaci\u00f3n de Historia del Anarquismo Transnacional","url":"https:\/\/gihat.org\/","sameAs":[],"logo":{"@type":"ImageObject","@id":"https:\/\/gihat.org\/#logo","inLanguage":"es","url":"http:\/\/gihat.org\/wp-content\/uploads\/2021\/04\/cropped-Gihat-Logo-2.gif","contentUrl":"http:\/\/gihat.org\/wp-content\/uploads\/2021\/04\/cropped-Gihat-Logo-2.gif","width":282,"height":90,"caption":"GIHAT, Grupo de Investigaci\u00f3n de Historia del Anarquismo Transnacional"},"image":{"@id":"https:\/\/gihat.org\/#logo"}},{"@type":"WebSite","@id":"https:\/\/gihat.org\/#website","url":"https:\/\/gihat.org\/","name":"","description":"","publisher":{"@id":"https:\/\/gihat.org\/#organization"},"potentialAction":[{"@type":"SearchAction","target":{"@type":"EntryPoint","urlTemplate":"https:\/\/gihat.org\/?s={search_term_string}"},"query-input":"required name=search_term_string"}],"inLanguage":"es"},{"@type":"ImageObject","@id":"https:\/\/gihat.org\/index.php\/participantes\/oscar-frean\/#primaryimage","inLanguage":"es","url":"https:\/\/gihat.org\/wp-content\/uploads\/2021\/05\/O\u0301scar-Frea\u0301n.jpg","contentUrl":"https:\/\/gihat.org\/wp-content\/uploads\/2021\/05\/O\u0301scar-Frea\u0301n.jpg","width":442,"height":442},{"@type":"WebPage","@id":"https:\/\/gihat.org\/index.php\/participantes\/oscar-frean\/#webpage","url":"https:\/\/gihat.org\/index.php\/participantes\/oscar-frean\/","name":"\u00d3scar Fre\u00e1n Hern\u00e1ndez -","isPartOf":{"@id":"https:\/\/gihat.org\/#website"},"primaryImageOfPage":{"@id":"https:\/\/gihat.org\/index.php\/participantes\/oscar-frean\/#primaryimage"},"datePublished":"2021-05-07T10:51:27+00:00","dateModified":"2021-09-07T08:57:54+00:00","breadcrumb":{"@id":"https:\/\/gihat.org\/index.php\/participantes\/oscar-frean\/#breadcrumb"},"inLanguage":"es","potentialAction":[{"@type":"ReadAction","target":["https:\/\/gihat.org\/index.php\/participantes\/oscar-frean\/"]}]},{"@type":"BreadcrumbList","@id":"https:\/\/gihat.org\/index.php\/participantes\/oscar-frean\/#breadcrumb","itemListElement":[{"@type":"ListItem","position":1,"name":"Portada","item":"https:\/\/gihat.org\/"},{"@type":"ListItem","position":2,"name":"Participantes","item":"https:\/\/gihat.org\/index.php\/participantes\/"},{"@type":"ListItem","position":3,"name":"\u00d3scar Fre\u00e1n Hern\u00e1ndez"}]}]}},"_links":{"self":[{"href":"https:\/\/gihat.org\/index.php\/wp-json\/wp\/v2\/pages\/212"}],"collection":[{"href":"https:\/\/gihat.org\/index.php\/wp-json\/wp\/v2\/pages"}],"about":[{"href":"https:\/\/gihat.org\/index.php\/wp-json\/wp\/v2\/types\/page"}],"author":[{"embeddable":true,"href":"https:\/\/gihat.org\/index.php\/wp-json\/wp\/v2\/users\/1"}],"replies":[{"embeddable":true,"href":"https:\/\/gihat.org\/index.php\/wp-json\/wp\/v2\/comments?post=212"}],"version-history":[{"count":3,"href":"https:\/\/gihat.org\/index.php\/wp-json\/wp\/v2\/pages\/212\/revisions"}],"predecessor-version":[{"id":331,"href":"https:\/\/gihat.org\/index.php\/wp-json\/wp\/v2\/pages\/212\/revisions\/331"}],"up":[{"embeddable":true,"href":"https:\/\/gihat.org\/index.php\/wp-json\/wp\/v2\/pages\/80"}],"wp:attachment":[{"href":"https:\/\/gihat.org\/index.php\/wp-json\/wp\/v2\/media?parent=212"}],"curies":[{"name":"wp","href":"https:\/\/api.w.org\/{rel}","templated":true}]}}