{"id":254,"date":"2021-05-14T17:25:56","date_gmt":"2021-05-14T15:25:56","guid":{"rendered":"http:\/\/gihat.org\/?page_id=254"},"modified":"2021-09-07T10:58:15","modified_gmt":"2021-09-07T08:58:15","slug":"laura-fernandez-cordero","status":"publish","type":"page","link":"https:\/\/gihat.org\/index.php\/participantes\/laura-fernandez-cordero\/","title":{"rendered":"Laura Fern\u00e1ndez Cordero"},"content":{"rendered":"\n<div class=\"wp-block-media-text alignwide is-stacked-on-mobile is-vertically-aligned-top is-style-default has-white-background-color has-background\" style=\"grid-template-columns:39% auto\"><figure class=\"wp-block-media-text__media\"><img loading=\"lazy\" width=\"500\" height=\"500\" src=\"http:\/\/gihat.org\/wp-content\/uploads\/2021\/05\/Laura-Ferna\u0301ndez-Cordero.jpg\" alt=\"\" class=\"wp-image-255 size-full\" srcset=\"https:\/\/gihat.org\/wp-content\/uploads\/2021\/05\/Laura-Ferna\u0301ndez-Cordero.jpg 500w, https:\/\/gihat.org\/wp-content\/uploads\/2021\/05\/Laura-Ferna\u0301ndez-Cordero-300x300.jpg 300w, https:\/\/gihat.org\/wp-content\/uploads\/2021\/05\/Laura-Ferna\u0301ndez-Cordero-150x150.jpg 150w\" sizes=\"(max-width: 500px) 100vw, 500px\" \/><\/figure><div class=\"wp-block-media-text__content\">\n<p><\/p>\n\n\n\n<p>Soci\u00f3loga y doctora en Ciencias Sociales por la Universidad de Buenos Aires. Investigadora del CONICET (Consejo Nacional de Investigaciones Cient\u00edficas y T\u00e9cnicas de Argentina). Responsable del \u00c1rea Acad\u00e9mica del\u00a0Centro de Documentaci\u00f3n e Investigaci\u00f3n de la Cultura de Izquierdas (CeDInCI), donde tambi\u00e9n coordina el Programa <em>Sexo y Revoluci\u00f3n. Memorias pol\u00edticas feministas y sexogen\u00e9ricas<\/em>. Integrante del Colectivo editor de la revista Pol\u00edticas de la Memoria. Se desempe\u00f1\u00f3 como docente de grado y posgrado en la Facultad de Ciencias Sociales (UBA). El conjunto de su trabajo interviene con vocaci\u00f3n transdisciplinaria en los estudios sobre el mundo pol\u00edtico y cultural de las izquierdas a lo largo del siglo XX y hasta la actualidad, con una perspectiva cr\u00edtica aunque no exclusiva, relacionada con las Teor\u00edas Feministas. Es Investigadora Responsable del Proyecto de Investigaci\u00f3n Cient\u00edfica y Tecnol\u00f3gica (PICT) que lleva adelante la instituci\u00f3n. Ha recibido una beca de formaci\u00f3n DAAD (Alemania). Public\u00f3 art\u00edculos en Argentina, Brasil, Chile, Espa\u00f1a, EEUU y Francia. Es autora de: <em>Feminismos para la revoluci\u00f3n. Antolog\u00eda de catorce mujeres que desafiaron los l\u00edmites de las izquierdas<\/em>,\u00a0 Siglo XXI editores, 2021;\u00a0<em>Amor y anarquismo. Experiencias pioneras que pensaron y ejercieron la libertad sexual<\/em>, Siglo XXI editores, 2017. Coautora de\u00a0<em>Vidas en lucha. Conversaciones<\/em>, Judith Butler, Virginia Cano y Laura Fern\u00e1ndez Cordero, Katz editores, 2019.<\/p>\n\n\n\n<p><a href=\"https:\/\/uba.academia.edu\/LauraFernandezCordero\" target=\"_blank\" rel=\"noreferrer noopener\">Ver perfil en Academia.<\/a><\/p>\n<\/div><\/div>\n","protected":false},"excerpt":{"rendered":"<p>Soci\u00f3loga y doctora en Ciencias Sociales por la Universidad de Buenos Aires. Investigadora del CONICET (Consejo Nacional de Investigaciones Cient\u00edficas y T\u00e9cnicas de Argentina). Responsable del \u00c1rea Acad\u00e9mica del\u00a0Centro de Documentaci\u00f3n e Investigaci\u00f3n de la Cultura de Izquierdas (CeDInCI), donde tambi\u00e9n coordina el Programa Sexo y Revoluci\u00f3n. Memorias pol\u00edticas feministas y sexogen\u00e9ricas. Integrante del Colectivo&hellip;&nbsp;<a href=\"https:\/\/gihat.org\/index.php\/participantes\/laura-fernandez-cordero\/\" class=\"\" rel=\"bookmark\">Leer m\u00e1s &raquo;<span class=\"screen-reader-text\">Laura Fern\u00e1ndez Cordero<\/span><\/a><\/p>\n","protected":false},"author":1,"featured_media":0,"parent":80,"menu_order":0,"comment_status":"closed","ping_status":"closed","template":"","meta":{"neve_meta_sidebar":"default","neve_meta_container":"","neve_meta_enable_content_width":"off","neve_meta_content_width":100,"neve_meta_title_alignment":"","neve_meta_author_avatar":"","neve_post_elements_order":"","neve_meta_disable_header":"","neve_meta_disable_footer":"","neve_meta_disable_title":""},"yoast_head":"<!-- This site is optimized with the Yoast SEO plugin v18.4.1 - https:\/\/yoast.com\/wordpress\/plugins\/seo\/ -->\n<title>Laura Fern\u00e1ndez Cordero -<\/title>\n<meta name=\"robots\" content=\"index, follow, max-snippet:-1, max-image-preview:large, max-video-preview:-1\" \/>\n<link rel=\"canonical\" href=\"http:\/\/gihat.org\/index.php\/participantes\/laura-fernandez-cordero\/\" \/>\n<meta property=\"og:locale\" content=\"es_ES\" \/>\n<meta property=\"og:type\" content=\"article\" \/>\n<meta property=\"og:title\" content=\"Laura Fern\u00e1ndez Cordero -\" \/>\n<meta property=\"og:description\" content=\"Soci\u00f3loga y doctora en Ciencias Sociales por la Universidad de Buenos Aires. Investigadora del CONICET (Consejo Nacional de Investigaciones Cient\u00edficas y T\u00e9cnicas de Argentina). Responsable del \u00c1rea Acad\u00e9mica del\u00a0Centro de Documentaci\u00f3n e Investigaci\u00f3n de la Cultura de Izquierdas (CeDInCI), donde tambi\u00e9n coordina el Programa Sexo y Revoluci\u00f3n. Memorias pol\u00edticas feministas y sexogen\u00e9ricas. Integrante del Colectivo&hellip;&nbsp;Leer m\u00e1s &raquo;Laura Fern\u00e1ndez Cordero\" \/>\n<meta property=\"og:url\" content=\"http:\/\/gihat.org\/index.php\/participantes\/laura-fernandez-cordero\/\" \/>\n<meta property=\"article:modified_time\" content=\"2021-09-07T08:58:15+00:00\" \/>\n<meta property=\"og:image\" content=\"http:\/\/gihat.org\/wp-content\/uploads\/2021\/05\/Laura-Ferna\u0301ndez-Cordero.jpg\" \/>\n<meta name=\"twitter:card\" content=\"summary_large_image\" \/>\n<meta name=\"twitter:label1\" content=\"Tiempo de lectura\" \/>\n\t<meta name=\"twitter:data1\" content=\"2 minutos\" \/>\n<script type=\"application\/ld+json\" class=\"yoast-schema-graph\">{\"@context\":\"https:\/\/schema.org\",\"@graph\":[{\"@type\":\"Organization\",\"@id\":\"https:\/\/gihat.org\/#organization\",\"name\":\"GIHAT, Grupo de Investigaci\u00f3n de Historia del Anarquismo Transnacional\",\"url\":\"https:\/\/gihat.org\/\",\"sameAs\":[],\"logo\":{\"@type\":\"ImageObject\",\"@id\":\"https:\/\/gihat.org\/#logo\",\"inLanguage\":\"es\",\"url\":\"http:\/\/gihat.org\/wp-content\/uploads\/2021\/04\/cropped-Gihat-Logo-2.gif\",\"contentUrl\":\"http:\/\/gihat.org\/wp-content\/uploads\/2021\/04\/cropped-Gihat-Logo-2.gif\",\"width\":282,\"height\":90,\"caption\":\"GIHAT, Grupo de Investigaci\u00f3n de Historia del Anarquismo Transnacional\"},\"image\":{\"@id\":\"https:\/\/gihat.org\/#logo\"}},{\"@type\":\"WebSite\",\"@id\":\"https:\/\/gihat.org\/#website\",\"url\":\"https:\/\/gihat.org\/\",\"name\":\"\",\"description\":\"\",\"publisher\":{\"@id\":\"https:\/\/gihat.org\/#organization\"},\"potentialAction\":[{\"@type\":\"SearchAction\",\"target\":{\"@type\":\"EntryPoint\",\"urlTemplate\":\"https:\/\/gihat.org\/?s={search_term_string}\"},\"query-input\":\"required name=search_term_string\"}],\"inLanguage\":\"es\"},{\"@type\":\"ImageObject\",\"@id\":\"http:\/\/gihat.org\/index.php\/participantes\/laura-fernandez-cordero\/#primaryimage\",\"inLanguage\":\"es\",\"url\":\"https:\/\/gihat.org\/wp-content\/uploads\/2021\/05\/Laura-Ferna\u0301ndez-Cordero.jpg\",\"contentUrl\":\"https:\/\/gihat.org\/wp-content\/uploads\/2021\/05\/Laura-Ferna\u0301ndez-Cordero.jpg\",\"width\":500,\"height\":500},{\"@type\":\"WebPage\",\"@id\":\"http:\/\/gihat.org\/index.php\/participantes\/laura-fernandez-cordero\/#webpage\",\"url\":\"http:\/\/gihat.org\/index.php\/participantes\/laura-fernandez-cordero\/\",\"name\":\"Laura Fern\u00e1ndez Cordero -\",\"isPartOf\":{\"@id\":\"https:\/\/gihat.org\/#website\"},\"primaryImageOfPage\":{\"@id\":\"http:\/\/gihat.org\/index.php\/participantes\/laura-fernandez-cordero\/#primaryimage\"},\"datePublished\":\"2021-05-14T15:25:56+00:00\",\"dateModified\":\"2021-09-07T08:58:15+00:00\",\"breadcrumb\":{\"@id\":\"http:\/\/gihat.org\/index.php\/participantes\/laura-fernandez-cordero\/#breadcrumb\"},\"inLanguage\":\"es\",\"potentialAction\":[{\"@type\":\"ReadAction\",\"target\":[\"http:\/\/gihat.org\/index.php\/participantes\/laura-fernandez-cordero\/\"]}]},{\"@type\":\"BreadcrumbList\",\"@id\":\"http:\/\/gihat.org\/index.php\/participantes\/laura-fernandez-cordero\/#breadcrumb\",\"itemListElement\":[{\"@type\":\"ListItem\",\"position\":1,\"name\":\"Portada\",\"item\":\"https:\/\/gihat.org\/\"},{\"@type\":\"ListItem\",\"position\":2,\"name\":\"Participantes\",\"item\":\"https:\/\/gihat.org\/index.php\/participantes\/\"},{\"@type\":\"ListItem\",\"position\":3,\"name\":\"Laura Fern\u00e1ndez Cordero\"}]}]}<\/script>\n<!-- \/ Yoast SEO plugin. -->","yoast_head_json":{"title":"Laura Fern\u00e1ndez Cordero -","robots":{"index":"index","follow":"follow","max-snippet":"max-snippet:-1","max-image-preview":"max-image-preview:large","max-video-preview":"max-video-preview:-1"},"canonical":"http:\/\/gihat.org\/index.php\/participantes\/laura-fernandez-cordero\/","og_locale":"es_ES","og_type":"article","og_title":"Laura Fern\u00e1ndez Cordero -","og_description":"Soci\u00f3loga y doctora en Ciencias Sociales por la Universidad de Buenos Aires. Investigadora del CONICET (Consejo Nacional de Investigaciones Cient\u00edficas y T\u00e9cnicas de Argentina). Responsable del \u00c1rea Acad\u00e9mica del\u00a0Centro de Documentaci\u00f3n e Investigaci\u00f3n de la Cultura de Izquierdas (CeDInCI), donde tambi\u00e9n coordina el Programa Sexo y Revoluci\u00f3n. Memorias pol\u00edticas feministas y sexogen\u00e9ricas. Integrante del Colectivo&hellip;&nbsp;Leer m\u00e1s &raquo;Laura Fern\u00e1ndez Cordero","og_url":"http:\/\/gihat.org\/index.php\/participantes\/laura-fernandez-cordero\/","article_modified_time":"2021-09-07T08:58:15+00:00","og_image":[{"url":"http:\/\/gihat.org\/wp-content\/uploads\/2021\/05\/Laura-Ferna\u0301ndez-Cordero.jpg"}],"twitter_card":"summary_large_image","twitter_misc":{"Tiempo de lectura":"2 minutos"},"schema":{"@context":"https:\/\/schema.org","@graph":[{"@type":"Organization","@id":"https:\/\/gihat.org\/#organization","name":"GIHAT, Grupo de Investigaci\u00f3n de Historia del Anarquismo Transnacional","url":"https:\/\/gihat.org\/","sameAs":[],"logo":{"@type":"ImageObject","@id":"https:\/\/gihat.org\/#logo","inLanguage":"es","url":"http:\/\/gihat.org\/wp-content\/uploads\/2021\/04\/cropped-Gihat-Logo-2.gif","contentUrl":"http:\/\/gihat.org\/wp-content\/uploads\/2021\/04\/cropped-Gihat-Logo-2.gif","width":282,"height":90,"caption":"GIHAT, Grupo de Investigaci\u00f3n de Historia del Anarquismo Transnacional"},"image":{"@id":"https:\/\/gihat.org\/#logo"}},{"@type":"WebSite","@id":"https:\/\/gihat.org\/#website","url":"https:\/\/gihat.org\/","name":"","description":"","publisher":{"@id":"https:\/\/gihat.org\/#organization"},"potentialAction":[{"@type":"SearchAction","target":{"@type":"EntryPoint","urlTemplate":"https:\/\/gihat.org\/?s={search_term_string}"},"query-input":"required name=search_term_string"}],"inLanguage":"es"},{"@type":"ImageObject","@id":"http:\/\/gihat.org\/index.php\/participantes\/laura-fernandez-cordero\/#primaryimage","inLanguage":"es","url":"https:\/\/gihat.org\/wp-content\/uploads\/2021\/05\/Laura-Ferna\u0301ndez-Cordero.jpg","contentUrl":"https:\/\/gihat.org\/wp-content\/uploads\/2021\/05\/Laura-Ferna\u0301ndez-Cordero.jpg","width":500,"height":500},{"@type":"WebPage","@id":"http:\/\/gihat.org\/index.php\/participantes\/laura-fernandez-cordero\/#webpage","url":"http:\/\/gihat.org\/index.php\/participantes\/laura-fernandez-cordero\/","name":"Laura Fern\u00e1ndez Cordero -","isPartOf":{"@id":"https:\/\/gihat.org\/#website"},"primaryImageOfPage":{"@id":"http:\/\/gihat.org\/index.php\/participantes\/laura-fernandez-cordero\/#primaryimage"},"datePublished":"2021-05-14T15:25:56+00:00","dateModified":"2021-09-07T08:58:15+00:00","breadcrumb":{"@id":"http:\/\/gihat.org\/index.php\/participantes\/laura-fernandez-cordero\/#breadcrumb"},"inLanguage":"es","potentialAction":[{"@type":"ReadAction","target":["http:\/\/gihat.org\/index.php\/participantes\/laura-fernandez-cordero\/"]}]},{"@type":"BreadcrumbList","@id":"http:\/\/gihat.org\/index.php\/participantes\/laura-fernandez-cordero\/#breadcrumb","itemListElement":[{"@type":"ListItem","position":1,"name":"Portada","item":"https:\/\/gihat.org\/"},{"@type":"ListItem","position":2,"name":"Participantes","item":"https:\/\/gihat.org\/index.php\/participantes\/"},{"@type":"ListItem","position":3,"name":"Laura Fern\u00e1ndez Cordero"}]}]}},"_links":{"self":[{"href":"https:\/\/gihat.org\/index.php\/wp-json\/wp\/v2\/pages\/254"}],"collection":[{"href":"https:\/\/gihat.org\/index.php\/wp-json\/wp\/v2\/pages"}],"about":[{"href":"https:\/\/gihat.org\/index.php\/wp-json\/wp\/v2\/types\/page"}],"author":[{"embeddable":true,"href":"https:\/\/gihat.org\/index.php\/wp-json\/wp\/v2\/users\/1"}],"replies":[{"embeddable":true,"href":"https:\/\/gihat.org\/index.php\/wp-json\/wp\/v2\/comments?post=254"}],"version-history":[{"count":3,"href":"https:\/\/gihat.org\/index.php\/wp-json\/wp\/v2\/pages\/254\/revisions"}],"predecessor-version":[{"id":332,"href":"https:\/\/gihat.org\/index.php\/wp-json\/wp\/v2\/pages\/254\/revisions\/332"}],"up":[{"embeddable":true,"href":"https:\/\/gihat.org\/index.php\/wp-json\/wp\/v2\/pages\/80"}],"wp:attachment":[{"href":"https:\/\/gihat.org\/index.php\/wp-json\/wp\/v2\/media?parent=254"}],"curies":[{"name":"wp","href":"https:\/\/api.w.org\/{rel}","templated":true}]}}