{"id":286,"date":"2021-05-21T17:37:41","date_gmt":"2021-05-21T15:37:41","guid":{"rendered":"http:\/\/gihat.org\/?page_id=286"},"modified":"2024-11-05T13:40:04","modified_gmt":"2024-11-05T12:40:04","slug":"jordi-maiz-2","status":"publish","type":"page","link":"https:\/\/gihat.org\/index.php\/participantes\/jordi-maiz-2\/","title":{"rendered":"Jordi Mai\u0301z"},"content":{"rendered":"\n<div class=\"wp-block-media-text alignwide is-stacked-on-mobile is-vertically-aligned-top is-style-default has-white-background-color has-background\" style=\"grid-template-columns:39% auto\"><figure class=\"wp-block-media-text__media\"><img loading=\"lazy\" width=\"500\" height=\"500\" src=\"http:\/\/gihat.org\/wp-content\/uploads\/2021\/05\/Jordi-Mai\u0301z.jpg\" alt=\"\" class=\"wp-image-284 size-full\" srcset=\"https:\/\/gihat.org\/wp-content\/uploads\/2021\/05\/Jordi-Mai\u0301z.jpg 500w, https:\/\/gihat.org\/wp-content\/uploads\/2021\/05\/Jordi-Mai\u0301z-300x300.jpg 300w, https:\/\/gihat.org\/wp-content\/uploads\/2021\/05\/Jordi-Mai\u0301z-150x150.jpg 150w\" sizes=\"(max-width: 500px) 100vw, 500px\" \/><\/figure><div class=\"wp-block-media-text__content\">\n<p><\/p>\n\n\n\n<p>Doctor en Historia y Profesor-Tutor de la UNED en las islas Baleares desde 2002. Sus estudios se centran en la historia de las minor\u00edas sociales y pol\u00edticas de diversas etapas hist\u00f3ricas. En los \u00faltimos a\u00f1os ha realizado aportaciones e investigaciones relacionadas especialmente con el anarquismo en Mallorca y con las redes y estructuras del anarquismo ruso. De entre sus obras podemos destacar: <em>Contra l&#8217;Estat: Repressi\u00f3, antimilitarisme i cooperativisme a Mallorca (s. XIX)<\/em> (2019), <em>Ni zares ni sultanes: Anarquistas y revolucionarios del C\u00e1ucaso (1890-1925)<\/em> (2019) o <em>El oto\u00f1o de Kropotkin: Entre guerras y revoluciones (1905-1921) <\/em>(2018).<\/p>\n\n\n\n<p>Actualmente se encuentra al frente de la editorial Calumnia y participa del grupo de estudios libertarios Els Oblidats. Ha participado de los comit\u00e9s de redacci\u00f3n de las revistas: <em>Estudios<\/em> (Madrid), <em>Erosi\u00f3n. Revista de Pensamiento Anarquista<\/em> (Santiago de Chile), <em>L\u2019Illa Negra. Revista d\u2019Hist\u00f2ria Social<\/em> (Mallorca) o <em>Humanitat Nova. Revista de Cultures Llibert\u00e0ries<\/em> (Mallorca).&nbsp;Es miembro del grupo de trabajo del Anarchist Network Studies de la The Political Studies Association (PSA).<\/p>\n<\/div><\/div>\n\n\n\n<div class=\"wp-block-group alignwide\"><div class=\"wp-block-group__inner-container\"><\/div><\/div>\n","protected":false},"excerpt":{"rendered":"<p>Doctor en Historia y Profesor-Tutor de la UNED en las islas Baleares desde 2002. Sus estudios se centran en la historia de las minor\u00edas sociales y pol\u00edticas de diversas etapas hist\u00f3ricas. En los \u00faltimos a\u00f1os ha realizado aportaciones e investigaciones relacionadas especialmente con el anarquismo en Mallorca y con las redes y estructuras del anarquismo&hellip;&nbsp;<a href=\"https:\/\/gihat.org\/index.php\/participantes\/jordi-maiz-2\/\" class=\"\" rel=\"bookmark\">Leer m\u00e1s &raquo;<span class=\"screen-reader-text\">Jordi Mai\u0301z<\/span><\/a><\/p>\n","protected":false},"author":1,"featured_media":0,"parent":80,"menu_order":0,"comment_status":"closed","ping_status":"closed","template":"","meta":{"neve_meta_sidebar":"default","neve_meta_container":"","neve_meta_enable_content_width":"off","neve_meta_content_width":75,"neve_meta_title_alignment":"left","neve_meta_author_avatar":"","neve_post_elements_order":"","neve_meta_disable_header":"","neve_meta_disable_footer":"","neve_meta_disable_title":""},"yoast_head":"<!-- This site is optimized with the Yoast SEO plugin v18.4.1 - https:\/\/yoast.com\/wordpress\/plugins\/seo\/ -->\n<title>Jordi Mai\u0301z -<\/title>\n<meta name=\"robots\" content=\"index, follow, max-snippet:-1, max-image-preview:large, max-video-preview:-1\" \/>\n<link rel=\"canonical\" href=\"https:\/\/gihat.org\/index.php\/participantes\/jordi-maiz-2\/\" \/>\n<meta property=\"og:locale\" content=\"es_ES\" \/>\n<meta property=\"og:type\" content=\"article\" \/>\n<meta property=\"og:title\" content=\"Jordi Mai\u0301z -\" \/>\n<meta property=\"og:description\" content=\"Doctor en Historia y Profesor-Tutor de la UNED en las islas Baleares desde 2002. Sus estudios se centran en la historia de las minor\u00edas sociales y pol\u00edticas de diversas etapas hist\u00f3ricas. En los \u00faltimos a\u00f1os ha realizado aportaciones e investigaciones relacionadas especialmente con el anarquismo en Mallorca y con las redes y estructuras del anarquismo&hellip;&nbsp;Leer m\u00e1s &raquo;Jordi Mai\u0301z\" \/>\n<meta property=\"og:url\" content=\"https:\/\/gihat.org\/index.php\/participantes\/jordi-maiz-2\/\" \/>\n<meta property=\"article:modified_time\" content=\"2024-11-05T12:40:04+00:00\" \/>\n<meta property=\"og:image\" content=\"http:\/\/gihat.org\/wp-content\/uploads\/2021\/05\/Jordi-Mai\u0301z.jpg\" \/>\n<meta name=\"twitter:card\" content=\"summary_large_image\" \/>\n<meta name=\"twitter:label1\" content=\"Tiempo de lectura\" \/>\n\t<meta name=\"twitter:data1\" content=\"1 minuto\" \/>\n<script type=\"application\/ld+json\" class=\"yoast-schema-graph\">{\"@context\":\"https:\/\/schema.org\",\"@graph\":[{\"@type\":\"Organization\",\"@id\":\"https:\/\/gihat.org\/#organization\",\"name\":\"GIHAT, Grupo de Investigaci\u00f3n de Historia del Anarquismo Transnacional\",\"url\":\"https:\/\/gihat.org\/\",\"sameAs\":[],\"logo\":{\"@type\":\"ImageObject\",\"@id\":\"https:\/\/gihat.org\/#logo\",\"inLanguage\":\"es\",\"url\":\"http:\/\/gihat.org\/wp-content\/uploads\/2021\/04\/cropped-Gihat-Logo-2.gif\",\"contentUrl\":\"http:\/\/gihat.org\/wp-content\/uploads\/2021\/04\/cropped-Gihat-Logo-2.gif\",\"width\":282,\"height\":90,\"caption\":\"GIHAT, Grupo de Investigaci\u00f3n de Historia del Anarquismo Transnacional\"},\"image\":{\"@id\":\"https:\/\/gihat.org\/#logo\"}},{\"@type\":\"WebSite\",\"@id\":\"https:\/\/gihat.org\/#website\",\"url\":\"https:\/\/gihat.org\/\",\"name\":\"\",\"description\":\"\",\"publisher\":{\"@id\":\"https:\/\/gihat.org\/#organization\"},\"potentialAction\":[{\"@type\":\"SearchAction\",\"target\":{\"@type\":\"EntryPoint\",\"urlTemplate\":\"https:\/\/gihat.org\/?s={search_term_string}\"},\"query-input\":\"required name=search_term_string\"}],\"inLanguage\":\"es\"},{\"@type\":\"ImageObject\",\"@id\":\"https:\/\/gihat.org\/index.php\/participantes\/jordi-maiz-2\/#primaryimage\",\"inLanguage\":\"es\",\"url\":\"https:\/\/gihat.org\/wp-content\/uploads\/2021\/05\/Jordi-Mai\u0301z.jpg\",\"contentUrl\":\"https:\/\/gihat.org\/wp-content\/uploads\/2021\/05\/Jordi-Mai\u0301z.jpg\",\"width\":500,\"height\":500},{\"@type\":\"WebPage\",\"@id\":\"https:\/\/gihat.org\/index.php\/participantes\/jordi-maiz-2\/#webpage\",\"url\":\"https:\/\/gihat.org\/index.php\/participantes\/jordi-maiz-2\/\",\"name\":\"Jordi Mai\u0301z -\",\"isPartOf\":{\"@id\":\"https:\/\/gihat.org\/#website\"},\"primaryImageOfPage\":{\"@id\":\"https:\/\/gihat.org\/index.php\/participantes\/jordi-maiz-2\/#primaryimage\"},\"datePublished\":\"2021-05-21T15:37:41+00:00\",\"dateModified\":\"2024-11-05T12:40:04+00:00\",\"breadcrumb\":{\"@id\":\"https:\/\/gihat.org\/index.php\/participantes\/jordi-maiz-2\/#breadcrumb\"},\"inLanguage\":\"es\",\"potentialAction\":[{\"@type\":\"ReadAction\",\"target\":[\"https:\/\/gihat.org\/index.php\/participantes\/jordi-maiz-2\/\"]}]},{\"@type\":\"BreadcrumbList\",\"@id\":\"https:\/\/gihat.org\/index.php\/participantes\/jordi-maiz-2\/#breadcrumb\",\"itemListElement\":[{\"@type\":\"ListItem\",\"position\":1,\"name\":\"Portada\",\"item\":\"https:\/\/gihat.org\/\"},{\"@type\":\"ListItem\",\"position\":2,\"name\":\"Participantes\",\"item\":\"https:\/\/gihat.org\/index.php\/participantes\/\"},{\"@type\":\"ListItem\",\"position\":3,\"name\":\"Jordi Mai\u0301z\"}]}]}<\/script>\n<!-- \/ Yoast SEO plugin. -->","yoast_head_json":{"title":"Jordi Mai\u0301z -","robots":{"index":"index","follow":"follow","max-snippet":"max-snippet:-1","max-image-preview":"max-image-preview:large","max-video-preview":"max-video-preview:-1"},"canonical":"https:\/\/gihat.org\/index.php\/participantes\/jordi-maiz-2\/","og_locale":"es_ES","og_type":"article","og_title":"Jordi Mai\u0301z -","og_description":"Doctor en Historia y Profesor-Tutor de la UNED en las islas Baleares desde 2002. Sus estudios se centran en la historia de las minor\u00edas sociales y pol\u00edticas de diversas etapas hist\u00f3ricas. En los \u00faltimos a\u00f1os ha realizado aportaciones e investigaciones relacionadas especialmente con el anarquismo en Mallorca y con las redes y estructuras del anarquismo&hellip;&nbsp;Leer m\u00e1s &raquo;Jordi Mai\u0301z","og_url":"https:\/\/gihat.org\/index.php\/participantes\/jordi-maiz-2\/","article_modified_time":"2024-11-05T12:40:04+00:00","og_image":[{"url":"http:\/\/gihat.org\/wp-content\/uploads\/2021\/05\/Jordi-Mai\u0301z.jpg"}],"twitter_card":"summary_large_image","twitter_misc":{"Tiempo de lectura":"1 minuto"},"schema":{"@context":"https:\/\/schema.org","@graph":[{"@type":"Organization","@id":"https:\/\/gihat.org\/#organization","name":"GIHAT, Grupo de Investigaci\u00f3n de Historia del Anarquismo Transnacional","url":"https:\/\/gihat.org\/","sameAs":[],"logo":{"@type":"ImageObject","@id":"https:\/\/gihat.org\/#logo","inLanguage":"es","url":"http:\/\/gihat.org\/wp-content\/uploads\/2021\/04\/cropped-Gihat-Logo-2.gif","contentUrl":"http:\/\/gihat.org\/wp-content\/uploads\/2021\/04\/cropped-Gihat-Logo-2.gif","width":282,"height":90,"caption":"GIHAT, Grupo de Investigaci\u00f3n de Historia del Anarquismo Transnacional"},"image":{"@id":"https:\/\/gihat.org\/#logo"}},{"@type":"WebSite","@id":"https:\/\/gihat.org\/#website","url":"https:\/\/gihat.org\/","name":"","description":"","publisher":{"@id":"https:\/\/gihat.org\/#organization"},"potentialAction":[{"@type":"SearchAction","target":{"@type":"EntryPoint","urlTemplate":"https:\/\/gihat.org\/?s={search_term_string}"},"query-input":"required name=search_term_string"}],"inLanguage":"es"},{"@type":"ImageObject","@id":"https:\/\/gihat.org\/index.php\/participantes\/jordi-maiz-2\/#primaryimage","inLanguage":"es","url":"https:\/\/gihat.org\/wp-content\/uploads\/2021\/05\/Jordi-Mai\u0301z.jpg","contentUrl":"https:\/\/gihat.org\/wp-content\/uploads\/2021\/05\/Jordi-Mai\u0301z.jpg","width":500,"height":500},{"@type":"WebPage","@id":"https:\/\/gihat.org\/index.php\/participantes\/jordi-maiz-2\/#webpage","url":"https:\/\/gihat.org\/index.php\/participantes\/jordi-maiz-2\/","name":"Jordi Mai\u0301z -","isPartOf":{"@id":"https:\/\/gihat.org\/#website"},"primaryImageOfPage":{"@id":"https:\/\/gihat.org\/index.php\/participantes\/jordi-maiz-2\/#primaryimage"},"datePublished":"2021-05-21T15:37:41+00:00","dateModified":"2024-11-05T12:40:04+00:00","breadcrumb":{"@id":"https:\/\/gihat.org\/index.php\/participantes\/jordi-maiz-2\/#breadcrumb"},"inLanguage":"es","potentialAction":[{"@type":"ReadAction","target":["https:\/\/gihat.org\/index.php\/participantes\/jordi-maiz-2\/"]}]},{"@type":"BreadcrumbList","@id":"https:\/\/gihat.org\/index.php\/participantes\/jordi-maiz-2\/#breadcrumb","itemListElement":[{"@type":"ListItem","position":1,"name":"Portada","item":"https:\/\/gihat.org\/"},{"@type":"ListItem","position":2,"name":"Participantes","item":"https:\/\/gihat.org\/index.php\/participantes\/"},{"@type":"ListItem","position":3,"name":"Jordi Mai\u0301z"}]}]}},"_links":{"self":[{"href":"https:\/\/gihat.org\/index.php\/wp-json\/wp\/v2\/pages\/286"}],"collection":[{"href":"https:\/\/gihat.org\/index.php\/wp-json\/wp\/v2\/pages"}],"about":[{"href":"https:\/\/gihat.org\/index.php\/wp-json\/wp\/v2\/types\/page"}],"author":[{"embeddable":true,"href":"https:\/\/gihat.org\/index.php\/wp-json\/wp\/v2\/users\/1"}],"replies":[{"embeddable":true,"href":"https:\/\/gihat.org\/index.php\/wp-json\/wp\/v2\/comments?post=286"}],"version-history":[{"count":3,"href":"https:\/\/gihat.org\/index.php\/wp-json\/wp\/v2\/pages\/286\/revisions"}],"predecessor-version":[{"id":333,"href":"https:\/\/gihat.org\/index.php\/wp-json\/wp\/v2\/pages\/286\/revisions\/333"}],"up":[{"embeddable":true,"href":"https:\/\/gihat.org\/index.php\/wp-json\/wp\/v2\/pages\/80"}],"wp:attachment":[{"href":"https:\/\/gihat.org\/index.php\/wp-json\/wp\/v2\/media?parent=286"}],"curies":[{"name":"wp","href":"https:\/\/api.w.org\/{rel}","templated":true}]}}