{"id":306,"date":"2021-06-05T16:58:25","date_gmt":"2021-06-05T14:58:25","guid":{"rendered":"http:\/\/gihat.org\/?page_id=306"},"modified":"2021-09-07T10:58:56","modified_gmt":"2021-09-07T08:58:56","slug":"jaime-d-rodriguez","status":"publish","type":"page","link":"https:\/\/gihat.org\/index.php\/participantes\/jaime-d-rodriguez\/","title":{"rendered":"Jaime D. Rodriguez"},"content":{"rendered":"\n<div class=\"wp-block-media-text alignwide is-stacked-on-mobile is-vertically-aligned-top is-style-default has-white-background-color has-background\" style=\"grid-template-columns:39% auto\"><figure class=\"wp-block-media-text__media\"><img loading=\"lazy\" width=\"500\" height=\"500\" src=\"http:\/\/gihat.org\/wp-content\/uploads\/2021\/06\/Jaime-Rodriguez.jpg\" alt=\"\" class=\"wp-image-304 size-full\" srcset=\"https:\/\/gihat.org\/wp-content\/uploads\/2021\/06\/Jaime-Rodriguez.jpg 500w, https:\/\/gihat.org\/wp-content\/uploads\/2021\/06\/Jaime-Rodriguez-300x300.jpg 300w, https:\/\/gihat.org\/wp-content\/uploads\/2021\/06\/Jaime-Rodriguez-150x150.jpg 150w\" sizes=\"(max-width: 500px) 100vw, 500px\" \/><\/figure><div class=\"wp-block-media-text__content\">\n<p><\/p>\n\n\n\n<p>Doctorando en Historia Contempor\u00e1nea por la Universidad Aut\u00f3noma de Madrid. Sus investigaciones se centran en la realidad transnacional del anarquismo a principios del siglo XX. Ha publicado trabajos acad\u00e9micos entre los que cabe destacar \u201cFederico Urales: anarquista transnacional\u201d o \u201cLos anarquistas de la Guerra Civil a trav\u00e9s de Hemingway en <em>Por qui\u00e9n doblan las campanas<\/em>\u201d en los que profundiza sobre los intercambios pol\u00edticos y culturales libertarios, as\u00ed como su representaci\u00f3n en el imaginario social.<\/p>\n<\/div><\/div>\n","protected":false},"excerpt":{"rendered":"<p>Doctorando en Historia Contempor\u00e1nea por la Universidad Aut\u00f3noma de Madrid. Sus investigaciones se centran en la realidad transnacional del anarquismo a principios del siglo XX. Ha publicado trabajos acad\u00e9micos entre los que cabe destacar \u201cFederico Urales: anarquista transnacional\u201d o \u201cLos anarquistas de la Guerra Civil a trav\u00e9s de Hemingway en Por qui\u00e9n doblan las campanas\u201d&hellip;&nbsp;<a href=\"https:\/\/gihat.org\/index.php\/participantes\/jaime-d-rodriguez\/\" class=\"\" rel=\"bookmark\">Leer m\u00e1s &raquo;<span class=\"screen-reader-text\">Jaime D. Rodriguez<\/span><\/a><\/p>\n","protected":false},"author":1,"featured_media":0,"parent":80,"menu_order":0,"comment_status":"closed","ping_status":"closed","template":"","meta":{"neve_meta_sidebar":"default","neve_meta_container":"","neve_meta_enable_content_width":"off","neve_meta_content_width":100,"neve_meta_title_alignment":"","neve_meta_author_avatar":"","neve_post_elements_order":"","neve_meta_disable_header":"","neve_meta_disable_footer":"","neve_meta_disable_title":""},"yoast_head":"<!-- This site is optimized with the Yoast SEO plugin v18.4.1 - https:\/\/yoast.com\/wordpress\/plugins\/seo\/ -->\n<title>Jaime D. Rodriguez -<\/title>\n<meta name=\"robots\" content=\"index, follow, max-snippet:-1, max-image-preview:large, max-video-preview:-1\" \/>\n<link rel=\"canonical\" href=\"http:\/\/gihat.org\/index.php\/participantes\/jaime-d-rodriguez\/\" \/>\n<meta property=\"og:locale\" content=\"es_ES\" \/>\n<meta property=\"og:type\" content=\"article\" \/>\n<meta property=\"og:title\" content=\"Jaime D. Rodriguez -\" \/>\n<meta property=\"og:description\" content=\"Doctorando en Historia Contempor\u00e1nea por la Universidad Aut\u00f3noma de Madrid. Sus investigaciones se centran en la realidad transnacional del anarquismo a principios del siglo XX. Ha publicado trabajos acad\u00e9micos entre los que cabe destacar \u201cFederico Urales: anarquista transnacional\u201d o \u201cLos anarquistas de la Guerra Civil a trav\u00e9s de Hemingway en Por qui\u00e9n doblan las campanas\u201d&hellip;&nbsp;Leer m\u00e1s &raquo;Jaime D. Rodriguez\" \/>\n<meta property=\"og:url\" content=\"http:\/\/gihat.org\/index.php\/participantes\/jaime-d-rodriguez\/\" \/>\n<meta property=\"article:modified_time\" content=\"2021-09-07T08:58:56+00:00\" \/>\n<meta property=\"og:image\" content=\"http:\/\/gihat.org\/wp-content\/uploads\/2021\/06\/Jaime-Rodriguez.jpg\" \/>\n<meta name=\"twitter:card\" content=\"summary_large_image\" \/>\n<meta name=\"twitter:label1\" content=\"Tiempo de lectura\" \/>\n\t<meta name=\"twitter:data1\" content=\"1 minuto\" \/>\n<script type=\"application\/ld+json\" class=\"yoast-schema-graph\">{\"@context\":\"https:\/\/schema.org\",\"@graph\":[{\"@type\":\"Organization\",\"@id\":\"https:\/\/gihat.org\/#organization\",\"name\":\"GIHAT, Grupo de Investigaci\u00f3n de Historia del Anarquismo Transnacional\",\"url\":\"https:\/\/gihat.org\/\",\"sameAs\":[],\"logo\":{\"@type\":\"ImageObject\",\"@id\":\"https:\/\/gihat.org\/#logo\",\"inLanguage\":\"es\",\"url\":\"http:\/\/gihat.org\/wp-content\/uploads\/2021\/04\/cropped-Gihat-Logo-2.gif\",\"contentUrl\":\"http:\/\/gihat.org\/wp-content\/uploads\/2021\/04\/cropped-Gihat-Logo-2.gif\",\"width\":282,\"height\":90,\"caption\":\"GIHAT, Grupo de Investigaci\u00f3n de Historia del Anarquismo Transnacional\"},\"image\":{\"@id\":\"https:\/\/gihat.org\/#logo\"}},{\"@type\":\"WebSite\",\"@id\":\"https:\/\/gihat.org\/#website\",\"url\":\"https:\/\/gihat.org\/\",\"name\":\"\",\"description\":\"\",\"publisher\":{\"@id\":\"https:\/\/gihat.org\/#organization\"},\"potentialAction\":[{\"@type\":\"SearchAction\",\"target\":{\"@type\":\"EntryPoint\",\"urlTemplate\":\"https:\/\/gihat.org\/?s={search_term_string}\"},\"query-input\":\"required name=search_term_string\"}],\"inLanguage\":\"es\"},{\"@type\":\"ImageObject\",\"@id\":\"http:\/\/gihat.org\/index.php\/participantes\/jaime-d-rodriguez\/#primaryimage\",\"inLanguage\":\"es\",\"url\":\"https:\/\/gihat.org\/wp-content\/uploads\/2021\/06\/Jaime-Rodriguez.jpg\",\"contentUrl\":\"https:\/\/gihat.org\/wp-content\/uploads\/2021\/06\/Jaime-Rodriguez.jpg\",\"width\":500,\"height\":500},{\"@type\":\"WebPage\",\"@id\":\"http:\/\/gihat.org\/index.php\/participantes\/jaime-d-rodriguez\/#webpage\",\"url\":\"http:\/\/gihat.org\/index.php\/participantes\/jaime-d-rodriguez\/\",\"name\":\"Jaime D. Rodriguez -\",\"isPartOf\":{\"@id\":\"https:\/\/gihat.org\/#website\"},\"primaryImageOfPage\":{\"@id\":\"http:\/\/gihat.org\/index.php\/participantes\/jaime-d-rodriguez\/#primaryimage\"},\"datePublished\":\"2021-06-05T14:58:25+00:00\",\"dateModified\":\"2021-09-07T08:58:56+00:00\",\"breadcrumb\":{\"@id\":\"http:\/\/gihat.org\/index.php\/participantes\/jaime-d-rodriguez\/#breadcrumb\"},\"inLanguage\":\"es\",\"potentialAction\":[{\"@type\":\"ReadAction\",\"target\":[\"http:\/\/gihat.org\/index.php\/participantes\/jaime-d-rodriguez\/\"]}]},{\"@type\":\"BreadcrumbList\",\"@id\":\"http:\/\/gihat.org\/index.php\/participantes\/jaime-d-rodriguez\/#breadcrumb\",\"itemListElement\":[{\"@type\":\"ListItem\",\"position\":1,\"name\":\"Portada\",\"item\":\"https:\/\/gihat.org\/\"},{\"@type\":\"ListItem\",\"position\":2,\"name\":\"Participantes\",\"item\":\"https:\/\/gihat.org\/index.php\/participantes\/\"},{\"@type\":\"ListItem\",\"position\":3,\"name\":\"Jaime D. Rodriguez\"}]}]}<\/script>\n<!-- \/ Yoast SEO plugin. -->","yoast_head_json":{"title":"Jaime D. Rodriguez -","robots":{"index":"index","follow":"follow","max-snippet":"max-snippet:-1","max-image-preview":"max-image-preview:large","max-video-preview":"max-video-preview:-1"},"canonical":"http:\/\/gihat.org\/index.php\/participantes\/jaime-d-rodriguez\/","og_locale":"es_ES","og_type":"article","og_title":"Jaime D. Rodriguez -","og_description":"Doctorando en Historia Contempor\u00e1nea por la Universidad Aut\u00f3noma de Madrid. Sus investigaciones se centran en la realidad transnacional del anarquismo a principios del siglo XX. Ha publicado trabajos acad\u00e9micos entre los que cabe destacar \u201cFederico Urales: anarquista transnacional\u201d o \u201cLos anarquistas de la Guerra Civil a trav\u00e9s de Hemingway en Por qui\u00e9n doblan las campanas\u201d&hellip;&nbsp;Leer m\u00e1s &raquo;Jaime D. Rodriguez","og_url":"http:\/\/gihat.org\/index.php\/participantes\/jaime-d-rodriguez\/","article_modified_time":"2021-09-07T08:58:56+00:00","og_image":[{"url":"http:\/\/gihat.org\/wp-content\/uploads\/2021\/06\/Jaime-Rodriguez.jpg"}],"twitter_card":"summary_large_image","twitter_misc":{"Tiempo de lectura":"1 minuto"},"schema":{"@context":"https:\/\/schema.org","@graph":[{"@type":"Organization","@id":"https:\/\/gihat.org\/#organization","name":"GIHAT, Grupo de Investigaci\u00f3n de Historia del Anarquismo Transnacional","url":"https:\/\/gihat.org\/","sameAs":[],"logo":{"@type":"ImageObject","@id":"https:\/\/gihat.org\/#logo","inLanguage":"es","url":"http:\/\/gihat.org\/wp-content\/uploads\/2021\/04\/cropped-Gihat-Logo-2.gif","contentUrl":"http:\/\/gihat.org\/wp-content\/uploads\/2021\/04\/cropped-Gihat-Logo-2.gif","width":282,"height":90,"caption":"GIHAT, Grupo de Investigaci\u00f3n de Historia del Anarquismo Transnacional"},"image":{"@id":"https:\/\/gihat.org\/#logo"}},{"@type":"WebSite","@id":"https:\/\/gihat.org\/#website","url":"https:\/\/gihat.org\/","name":"","description":"","publisher":{"@id":"https:\/\/gihat.org\/#organization"},"potentialAction":[{"@type":"SearchAction","target":{"@type":"EntryPoint","urlTemplate":"https:\/\/gihat.org\/?s={search_term_string}"},"query-input":"required name=search_term_string"}],"inLanguage":"es"},{"@type":"ImageObject","@id":"http:\/\/gihat.org\/index.php\/participantes\/jaime-d-rodriguez\/#primaryimage","inLanguage":"es","url":"https:\/\/gihat.org\/wp-content\/uploads\/2021\/06\/Jaime-Rodriguez.jpg","contentUrl":"https:\/\/gihat.org\/wp-content\/uploads\/2021\/06\/Jaime-Rodriguez.jpg","width":500,"height":500},{"@type":"WebPage","@id":"http:\/\/gihat.org\/index.php\/participantes\/jaime-d-rodriguez\/#webpage","url":"http:\/\/gihat.org\/index.php\/participantes\/jaime-d-rodriguez\/","name":"Jaime D. Rodriguez -","isPartOf":{"@id":"https:\/\/gihat.org\/#website"},"primaryImageOfPage":{"@id":"http:\/\/gihat.org\/index.php\/participantes\/jaime-d-rodriguez\/#primaryimage"},"datePublished":"2021-06-05T14:58:25+00:00","dateModified":"2021-09-07T08:58:56+00:00","breadcrumb":{"@id":"http:\/\/gihat.org\/index.php\/participantes\/jaime-d-rodriguez\/#breadcrumb"},"inLanguage":"es","potentialAction":[{"@type":"ReadAction","target":["http:\/\/gihat.org\/index.php\/participantes\/jaime-d-rodriguez\/"]}]},{"@type":"BreadcrumbList","@id":"http:\/\/gihat.org\/index.php\/participantes\/jaime-d-rodriguez\/#breadcrumb","itemListElement":[{"@type":"ListItem","position":1,"name":"Portada","item":"https:\/\/gihat.org\/"},{"@type":"ListItem","position":2,"name":"Participantes","item":"https:\/\/gihat.org\/index.php\/participantes\/"},{"@type":"ListItem","position":3,"name":"Jaime D. Rodriguez"}]}]}},"_links":{"self":[{"href":"https:\/\/gihat.org\/index.php\/wp-json\/wp\/v2\/pages\/306"}],"collection":[{"href":"https:\/\/gihat.org\/index.php\/wp-json\/wp\/v2\/pages"}],"about":[{"href":"https:\/\/gihat.org\/index.php\/wp-json\/wp\/v2\/types\/page"}],"author":[{"embeddable":true,"href":"https:\/\/gihat.org\/index.php\/wp-json\/wp\/v2\/users\/1"}],"replies":[{"embeddable":true,"href":"https:\/\/gihat.org\/index.php\/wp-json\/wp\/v2\/comments?post=306"}],"version-history":[{"count":2,"href":"https:\/\/gihat.org\/index.php\/wp-json\/wp\/v2\/pages\/306\/revisions"}],"predecessor-version":[{"id":334,"href":"https:\/\/gihat.org\/index.php\/wp-json\/wp\/v2\/pages\/306\/revisions\/334"}],"up":[{"embeddable":true,"href":"https:\/\/gihat.org\/index.php\/wp-json\/wp\/v2\/pages\/80"}],"wp:attachment":[{"href":"https:\/\/gihat.org\/index.php\/wp-json\/wp\/v2\/media?parent=306"}],"curies":[{"name":"wp","href":"https:\/\/api.w.org\/{rel}","templated":true}]}}