{"id":317,"date":"2021-09-07T10:41:14","date_gmt":"2021-09-07T08:41:14","guid":{"rendered":"http:\/\/gihat.org\/?page_id=317"},"modified":"2021-09-07T10:47:02","modified_gmt":"2021-09-07T08:47:02","slug":"martin-albornoz","status":"publish","type":"page","link":"https:\/\/gihat.org\/index.php\/participantes\/martin-albornoz\/","title":{"rendered":"Mart\u00edn Albornoz"},"content":{"rendered":"\n<div class=\"wp-block-media-text alignwide is-stacked-on-mobile is-vertically-aligned-top is-style-default has-white-background-color has-background\" style=\"grid-template-columns:39% auto\"><figure class=\"wp-block-media-text__media\"><img loading=\"lazy\" width=\"500\" height=\"500\" src=\"http:\/\/gihat.org\/wp-content\/uploads\/2021\/09\/Martin-Albornoz.jpg\" alt=\"\" class=\"wp-image-318 size-full\" srcset=\"https:\/\/gihat.org\/wp-content\/uploads\/2021\/09\/Martin-Albornoz.jpg 500w, https:\/\/gihat.org\/wp-content\/uploads\/2021\/09\/Martin-Albornoz-300x300.jpg 300w, https:\/\/gihat.org\/wp-content\/uploads\/2021\/09\/Martin-Albornoz-150x150.jpg 150w\" sizes=\"(max-width: 500px) 100vw, 500px\" \/><\/figure><div class=\"wp-block-media-text__content\">\n<p><\/p>\n\n\n\n<p>Doctor en Historia de la Universidad de Buenos Aires (UBA), Magister en Historia del Instituto de Altos Estudios Sociales de la Universidad de San Mart\u00edn y Profesor de Historia de la UBA.<\/p>\n\n\n\n<p>Es investigador del Consejo Nacional de Investigaciones Cient\u00edficas y T\u00e9cnicas de Argentina (Conicet) y coordinador del N\u00facleo de Historia Social y Cultural del Mundo del Trabajo en la Escuela Interdisciplinaria de Altos Estudios Sociales (IDAES) de la Universidad Nacional de General San Mart\u00edn. Se desempe\u00f1a como docente de grado y posgrado en la Universidad de San Mart\u00edn y ha dictado cursos en diversas universidades argentinas y del exterior. Fue profesor invitado en la Universidad de la Rep\u00fablica de Montevideo, Investigador Visitante en la Pontificia Universidad Cat\u00f3lica de R\u00edo de Janeiro y becario del Global South Studies Center &#8211; Universit\u00e4t zu K\u00f6ln en Alemania.<\/p>\n\n\n\n<p>Su investigaci\u00f3n anuda la historia social y cultural de la presencia del anarquismo en la cultura y la sociedad de Buenos Aires en el pasaje del siglo XIX al XX con la dimensi\u00f3n transnacional de la vigilancia de anarquistas a trav\u00e9s del Atl\u00e1ntico.<\/p>\n\n\n\n<p>Adem\u00e1s de haber publicado art\u00edculos acad\u00e9micos en numerosas revistas internacionales y vol\u00famenes colectivo, es autor de <em>Conflagraciones. Anarquistas en 1910<\/em> (2010) y, en colaboraci\u00f3n con Christian Ferrer, de <em>Folletos anarquistas en Buenos Aires. Publicaciones de los grupos La Questione Sociale y La Expropiaci\u00f3n, 1895-1896<\/em> (2015).<\/p>\n\n\n\n<p>Correo electr\u00f3nico: <a href=\"mailto:malbornoz@unsam.edu.ar\" target=\"_blank\" rel=\"noreferrer noopener\">malbornoz@unsam.edu.ar<\/a><\/p>\n<\/div><\/div>\n","protected":false},"excerpt":{"rendered":"<p>Doctor en Historia de la Universidad de Buenos Aires (UBA), Magister en Historia del Instituto de Altos Estudios Sociales de la Universidad de San Mart\u00edn y Profesor de Historia de la UBA. Es investigador del Consejo Nacional de Investigaciones Cient\u00edficas y T\u00e9cnicas de Argentina (Conicet) y coordinador del N\u00facleo de Historia Social y Cultural del&hellip;&nbsp;<a href=\"https:\/\/gihat.org\/index.php\/participantes\/martin-albornoz\/\" class=\"\" rel=\"bookmark\">Leer m\u00e1s &raquo;<span class=\"screen-reader-text\">Mart\u00edn Albornoz<\/span><\/a><\/p>\n","protected":false},"author":1,"featured_media":0,"parent":80,"menu_order":0,"comment_status":"closed","ping_status":"closed","template":"","meta":{"neve_meta_sidebar":"default","neve_meta_container":"","neve_meta_enable_content_width":"off","neve_meta_content_width":59,"neve_meta_title_alignment":"","neve_meta_author_avatar":"","neve_post_elements_order":"","neve_meta_disable_header":"off","neve_meta_disable_footer":"","neve_meta_disable_title":"off"},"yoast_head":"<!-- This site is optimized with the Yoast SEO plugin v18.4.1 - https:\/\/yoast.com\/wordpress\/plugins\/seo\/ -->\n<title>Mart\u00edn Albornoz -<\/title>\n<meta name=\"robots\" content=\"index, follow, max-snippet:-1, max-image-preview:large, max-video-preview:-1\" \/>\n<link rel=\"canonical\" href=\"http:\/\/gihat.org\/index.php\/participantes\/martin-albornoz\/\" \/>\n<meta property=\"og:locale\" content=\"es_ES\" \/>\n<meta property=\"og:type\" content=\"article\" \/>\n<meta property=\"og:title\" content=\"Mart\u00edn Albornoz -\" \/>\n<meta property=\"og:description\" content=\"Doctor en Historia de la Universidad de Buenos Aires (UBA), Magister en Historia del Instituto de Altos Estudios Sociales de la Universidad de San Mart\u00edn y Profesor de Historia de la UBA. Es investigador del Consejo Nacional de Investigaciones Cient\u00edficas y T\u00e9cnicas de Argentina (Conicet) y coordinador del N\u00facleo de Historia Social y Cultural del&hellip;&nbsp;Leer m\u00e1s &raquo;Mart\u00edn Albornoz\" \/>\n<meta property=\"og:url\" content=\"http:\/\/gihat.org\/index.php\/participantes\/martin-albornoz\/\" \/>\n<meta property=\"article:modified_time\" content=\"2021-09-07T08:47:02+00:00\" \/>\n<meta property=\"og:image\" content=\"http:\/\/gihat.org\/wp-content\/uploads\/2021\/09\/Martin-Albornoz.jpg\" \/>\n<meta name=\"twitter:card\" content=\"summary_large_image\" \/>\n<meta name=\"twitter:label1\" content=\"Tiempo de lectura\" \/>\n\t<meta name=\"twitter:data1\" content=\"2 minutos\" \/>\n<script type=\"application\/ld+json\" class=\"yoast-schema-graph\">{\"@context\":\"https:\/\/schema.org\",\"@graph\":[{\"@type\":\"Organization\",\"@id\":\"https:\/\/gihat.org\/#organization\",\"name\":\"GIHAT, Grupo de Investigaci\u00f3n de Historia del Anarquismo Transnacional\",\"url\":\"https:\/\/gihat.org\/\",\"sameAs\":[],\"logo\":{\"@type\":\"ImageObject\",\"@id\":\"https:\/\/gihat.org\/#logo\",\"inLanguage\":\"es\",\"url\":\"http:\/\/gihat.org\/wp-content\/uploads\/2021\/04\/cropped-Gihat-Logo-2.gif\",\"contentUrl\":\"http:\/\/gihat.org\/wp-content\/uploads\/2021\/04\/cropped-Gihat-Logo-2.gif\",\"width\":282,\"height\":90,\"caption\":\"GIHAT, Grupo de Investigaci\u00f3n de Historia del Anarquismo Transnacional\"},\"image\":{\"@id\":\"https:\/\/gihat.org\/#logo\"}},{\"@type\":\"WebSite\",\"@id\":\"https:\/\/gihat.org\/#website\",\"url\":\"https:\/\/gihat.org\/\",\"name\":\"\",\"description\":\"\",\"publisher\":{\"@id\":\"https:\/\/gihat.org\/#organization\"},\"potentialAction\":[{\"@type\":\"SearchAction\",\"target\":{\"@type\":\"EntryPoint\",\"urlTemplate\":\"https:\/\/gihat.org\/?s={search_term_string}\"},\"query-input\":\"required name=search_term_string\"}],\"inLanguage\":\"es\"},{\"@type\":\"ImageObject\",\"@id\":\"http:\/\/gihat.org\/index.php\/participantes\/martin-albornoz\/#primaryimage\",\"inLanguage\":\"es\",\"url\":\"https:\/\/gihat.org\/wp-content\/uploads\/2021\/09\/Martin-Albornoz.jpg\",\"contentUrl\":\"https:\/\/gihat.org\/wp-content\/uploads\/2021\/09\/Martin-Albornoz.jpg\",\"width\":500,\"height\":500},{\"@type\":\"WebPage\",\"@id\":\"http:\/\/gihat.org\/index.php\/participantes\/martin-albornoz\/#webpage\",\"url\":\"http:\/\/gihat.org\/index.php\/participantes\/martin-albornoz\/\",\"name\":\"Mart\u00edn Albornoz -\",\"isPartOf\":{\"@id\":\"https:\/\/gihat.org\/#website\"},\"primaryImageOfPage\":{\"@id\":\"http:\/\/gihat.org\/index.php\/participantes\/martin-albornoz\/#primaryimage\"},\"datePublished\":\"2021-09-07T08:41:14+00:00\",\"dateModified\":\"2021-09-07T08:47:02+00:00\",\"breadcrumb\":{\"@id\":\"http:\/\/gihat.org\/index.php\/participantes\/martin-albornoz\/#breadcrumb\"},\"inLanguage\":\"es\",\"potentialAction\":[{\"@type\":\"ReadAction\",\"target\":[\"http:\/\/gihat.org\/index.php\/participantes\/martin-albornoz\/\"]}]},{\"@type\":\"BreadcrumbList\",\"@id\":\"http:\/\/gihat.org\/index.php\/participantes\/martin-albornoz\/#breadcrumb\",\"itemListElement\":[{\"@type\":\"ListItem\",\"position\":1,\"name\":\"Portada\",\"item\":\"https:\/\/gihat.org\/\"},{\"@type\":\"ListItem\",\"position\":2,\"name\":\"Participantes\",\"item\":\"https:\/\/gihat.org\/index.php\/participantes\/\"},{\"@type\":\"ListItem\",\"position\":3,\"name\":\"Mart\u00edn Albornoz\"}]}]}<\/script>\n<!-- \/ Yoast SEO plugin. -->","yoast_head_json":{"title":"Mart\u00edn Albornoz -","robots":{"index":"index","follow":"follow","max-snippet":"max-snippet:-1","max-image-preview":"max-image-preview:large","max-video-preview":"max-video-preview:-1"},"canonical":"http:\/\/gihat.org\/index.php\/participantes\/martin-albornoz\/","og_locale":"es_ES","og_type":"article","og_title":"Mart\u00edn Albornoz -","og_description":"Doctor en Historia de la Universidad de Buenos Aires (UBA), Magister en Historia del Instituto de Altos Estudios Sociales de la Universidad de San Mart\u00edn y Profesor de Historia de la UBA. Es investigador del Consejo Nacional de Investigaciones Cient\u00edficas y T\u00e9cnicas de Argentina (Conicet) y coordinador del N\u00facleo de Historia Social y Cultural del&hellip;&nbsp;Leer m\u00e1s &raquo;Mart\u00edn Albornoz","og_url":"http:\/\/gihat.org\/index.php\/participantes\/martin-albornoz\/","article_modified_time":"2021-09-07T08:47:02+00:00","og_image":[{"url":"http:\/\/gihat.org\/wp-content\/uploads\/2021\/09\/Martin-Albornoz.jpg"}],"twitter_card":"summary_large_image","twitter_misc":{"Tiempo de lectura":"2 minutos"},"schema":{"@context":"https:\/\/schema.org","@graph":[{"@type":"Organization","@id":"https:\/\/gihat.org\/#organization","name":"GIHAT, Grupo de Investigaci\u00f3n de Historia del Anarquismo Transnacional","url":"https:\/\/gihat.org\/","sameAs":[],"logo":{"@type":"ImageObject","@id":"https:\/\/gihat.org\/#logo","inLanguage":"es","url":"http:\/\/gihat.org\/wp-content\/uploads\/2021\/04\/cropped-Gihat-Logo-2.gif","contentUrl":"http:\/\/gihat.org\/wp-content\/uploads\/2021\/04\/cropped-Gihat-Logo-2.gif","width":282,"height":90,"caption":"GIHAT, Grupo de Investigaci\u00f3n de Historia del Anarquismo Transnacional"},"image":{"@id":"https:\/\/gihat.org\/#logo"}},{"@type":"WebSite","@id":"https:\/\/gihat.org\/#website","url":"https:\/\/gihat.org\/","name":"","description":"","publisher":{"@id":"https:\/\/gihat.org\/#organization"},"potentialAction":[{"@type":"SearchAction","target":{"@type":"EntryPoint","urlTemplate":"https:\/\/gihat.org\/?s={search_term_string}"},"query-input":"required name=search_term_string"}],"inLanguage":"es"},{"@type":"ImageObject","@id":"http:\/\/gihat.org\/index.php\/participantes\/martin-albornoz\/#primaryimage","inLanguage":"es","url":"https:\/\/gihat.org\/wp-content\/uploads\/2021\/09\/Martin-Albornoz.jpg","contentUrl":"https:\/\/gihat.org\/wp-content\/uploads\/2021\/09\/Martin-Albornoz.jpg","width":500,"height":500},{"@type":"WebPage","@id":"http:\/\/gihat.org\/index.php\/participantes\/martin-albornoz\/#webpage","url":"http:\/\/gihat.org\/index.php\/participantes\/martin-albornoz\/","name":"Mart\u00edn Albornoz -","isPartOf":{"@id":"https:\/\/gihat.org\/#website"},"primaryImageOfPage":{"@id":"http:\/\/gihat.org\/index.php\/participantes\/martin-albornoz\/#primaryimage"},"datePublished":"2021-09-07T08:41:14+00:00","dateModified":"2021-09-07T08:47:02+00:00","breadcrumb":{"@id":"http:\/\/gihat.org\/index.php\/participantes\/martin-albornoz\/#breadcrumb"},"inLanguage":"es","potentialAction":[{"@type":"ReadAction","target":["http:\/\/gihat.org\/index.php\/participantes\/martin-albornoz\/"]}]},{"@type":"BreadcrumbList","@id":"http:\/\/gihat.org\/index.php\/participantes\/martin-albornoz\/#breadcrumb","itemListElement":[{"@type":"ListItem","position":1,"name":"Portada","item":"https:\/\/gihat.org\/"},{"@type":"ListItem","position":2,"name":"Participantes","item":"https:\/\/gihat.org\/index.php\/participantes\/"},{"@type":"ListItem","position":3,"name":"Mart\u00edn Albornoz"}]}]}},"_links":{"self":[{"href":"https:\/\/gihat.org\/index.php\/wp-json\/wp\/v2\/pages\/317"}],"collection":[{"href":"https:\/\/gihat.org\/index.php\/wp-json\/wp\/v2\/pages"}],"about":[{"href":"https:\/\/gihat.org\/index.php\/wp-json\/wp\/v2\/types\/page"}],"author":[{"embeddable":true,"href":"https:\/\/gihat.org\/index.php\/wp-json\/wp\/v2\/users\/1"}],"replies":[{"embeddable":true,"href":"https:\/\/gihat.org\/index.php\/wp-json\/wp\/v2\/comments?post=317"}],"version-history":[{"count":3,"href":"https:\/\/gihat.org\/index.php\/wp-json\/wp\/v2\/pages\/317\/revisions"}],"predecessor-version":[{"id":324,"href":"https:\/\/gihat.org\/index.php\/wp-json\/wp\/v2\/pages\/317\/revisions\/324"}],"up":[{"embeddable":true,"href":"https:\/\/gihat.org\/index.php\/wp-json\/wp\/v2\/pages\/80"}],"wp:attachment":[{"href":"https:\/\/gihat.org\/index.php\/wp-json\/wp\/v2\/media?parent=317"}],"curies":[{"name":"wp","href":"https:\/\/api.w.org\/{rel}","templated":true}]}}