{"id":456,"date":"2024-10-31T13:36:22","date_gmt":"2024-10-31T12:36:22","guid":{"rendered":"https:\/\/gihat.org\/?page_id=456"},"modified":"2024-10-31T13:36:23","modified_gmt":"2024-10-31T12:36:23","slug":"lucia-campanella","status":"publish","type":"page","link":"https:\/\/gihat.org\/index.php\/participantes\/lucia-campanella\/","title":{"rendered":"Lucia Campanella"},"content":{"rendered":"\n<div class=\"wp-block-media-text alignwide is-stacked-on-mobile is-vertically-aligned-top is-style-default has-white-background-color has-background\" style=\"grid-template-columns:39% auto\"><figure class=\"wp-block-media-text__media\"><img loading=\"lazy\" width=\"500\" height=\"500\" src=\"https:\/\/gihat.org\/wp-content\/uploads\/2024\/10\/Lucia-Campanella.jpg\" alt=\"\" class=\"wp-image-457 size-full\" srcset=\"https:\/\/gihat.org\/wp-content\/uploads\/2024\/10\/Lucia-Campanella.jpg 500w, https:\/\/gihat.org\/wp-content\/uploads\/2024\/10\/Lucia-Campanella-300x300.jpg 300w, https:\/\/gihat.org\/wp-content\/uploads\/2024\/10\/Lucia-Campanella-150x150.jpg 150w\" sizes=\"(max-width: 500px) 100vw, 500px\" \/><\/figure><div class=\"wp-block-media-text__content\">\n<p><\/p>\n\n\n\n<p>(Universitat Oberta de Catalunya, Barcelona)<\/p>\n\n\n\n<p>Es investigadora postdoctoral Marie Sk\u0142odowska-Curie en el IN3 de la Universitat Oberta de Catalunya en Barcelona. Como miembro del Grupo de Investigaci\u00f3n en Estudios Literarios Globales (GlobaLS, UOC), dirige la investigaci\u00f3n The\u00a0Anarchist Translation Flows and World Literature Project (ARGOT). Sus \u00e1reas de investigaci\u00f3n son la literatura comparada, la historia de la traducci\u00f3n y la intersecci\u00f3n entre literatura y pol\u00edtica, con especial atenci\u00f3n a la cultura impresa anarquista.\u00a0<\/p>\n<\/div><\/div>\n\n\n\n<p><\/p>\n","protected":false},"excerpt":{"rendered":"<p>(Universitat Oberta de Catalunya, Barcelona) Es investigadora postdoctoral Marie Sk\u0142odowska-Curie en el IN3 de la Universitat Oberta de Catalunya en Barcelona. Como miembro del Grupo de Investigaci\u00f3n en Estudios Literarios Globales (GlobaLS, UOC), dirige la investigaci\u00f3n The\u00a0Anarchist Translation Flows and World Literature Project (ARGOT). Sus \u00e1reas de investigaci\u00f3n son la literatura comparada, la historia de&hellip;&nbsp;<a href=\"https:\/\/gihat.org\/index.php\/participantes\/lucia-campanella\/\" class=\"\" rel=\"bookmark\">Leer m\u00e1s &raquo;<span class=\"screen-reader-text\">Lucia Campanella<\/span><\/a><\/p>\n","protected":false},"author":1,"featured_media":0,"parent":80,"menu_order":0,"comment_status":"closed","ping_status":"closed","template":"","meta":{"neve_meta_sidebar":"default","neve_meta_container":"","neve_meta_enable_content_width":"off","neve_meta_content_width":59,"neve_meta_title_alignment":"","neve_meta_author_avatar":"","neve_post_elements_order":"","neve_meta_disable_header":"off","neve_meta_disable_footer":"","neve_meta_disable_title":"off"},"yoast_head":"<!-- This site is optimized with the Yoast SEO plugin v18.4.1 - https:\/\/yoast.com\/wordpress\/plugins\/seo\/ -->\n<title>Lucia Campanella -<\/title>\n<meta name=\"robots\" content=\"index, follow, max-snippet:-1, max-image-preview:large, max-video-preview:-1\" \/>\n<link rel=\"canonical\" href=\"https:\/\/gihat.org\/index.php\/participantes\/lucia-campanella\/\" \/>\n<meta property=\"og:locale\" content=\"es_ES\" \/>\n<meta property=\"og:type\" content=\"article\" \/>\n<meta property=\"og:title\" content=\"Lucia Campanella -\" \/>\n<meta property=\"og:description\" content=\"(Universitat Oberta de Catalunya, Barcelona) Es investigadora postdoctoral Marie Sk\u0142odowska-Curie en el IN3 de la Universitat Oberta de Catalunya en Barcelona. Como miembro del Grupo de Investigaci\u00f3n en Estudios Literarios Globales (GlobaLS, UOC), dirige la investigaci\u00f3n The\u00a0Anarchist Translation Flows and World Literature Project (ARGOT). Sus \u00e1reas de investigaci\u00f3n son la literatura comparada, la historia de&hellip;&nbsp;Leer m\u00e1s &raquo;Lucia Campanella\" \/>\n<meta property=\"og:url\" content=\"https:\/\/gihat.org\/index.php\/participantes\/lucia-campanella\/\" \/>\n<meta property=\"article:modified_time\" content=\"2024-10-31T12:36:23+00:00\" \/>\n<meta property=\"og:image\" content=\"https:\/\/gihat.org\/wp-content\/uploads\/2024\/10\/Lucia-Campanella.jpg\" \/>\n<meta name=\"twitter:card\" content=\"summary_large_image\" \/>\n<meta name=\"twitter:label1\" content=\"Tiempo de lectura\" \/>\n\t<meta name=\"twitter:data1\" content=\"1 minuto\" \/>\n<script type=\"application\/ld+json\" class=\"yoast-schema-graph\">{\"@context\":\"https:\/\/schema.org\",\"@graph\":[{\"@type\":\"Organization\",\"@id\":\"https:\/\/gihat.org\/#organization\",\"name\":\"GIHAT, Grupo de Investigaci\u00f3n de Historia del Anarquismo Transnacional\",\"url\":\"https:\/\/gihat.org\/\",\"sameAs\":[],\"logo\":{\"@type\":\"ImageObject\",\"@id\":\"https:\/\/gihat.org\/#logo\",\"inLanguage\":\"es\",\"url\":\"http:\/\/gihat.org\/wp-content\/uploads\/2021\/04\/cropped-Gihat-Logo-2.gif\",\"contentUrl\":\"http:\/\/gihat.org\/wp-content\/uploads\/2021\/04\/cropped-Gihat-Logo-2.gif\",\"width\":282,\"height\":90,\"caption\":\"GIHAT, Grupo de Investigaci\u00f3n de Historia del Anarquismo Transnacional\"},\"image\":{\"@id\":\"https:\/\/gihat.org\/#logo\"}},{\"@type\":\"WebSite\",\"@id\":\"https:\/\/gihat.org\/#website\",\"url\":\"https:\/\/gihat.org\/\",\"name\":\"\",\"description\":\"\",\"publisher\":{\"@id\":\"https:\/\/gihat.org\/#organization\"},\"potentialAction\":[{\"@type\":\"SearchAction\",\"target\":{\"@type\":\"EntryPoint\",\"urlTemplate\":\"https:\/\/gihat.org\/?s={search_term_string}\"},\"query-input\":\"required name=search_term_string\"}],\"inLanguage\":\"es\"},{\"@type\":\"ImageObject\",\"@id\":\"https:\/\/gihat.org\/index.php\/participantes\/lucia-campanella\/#primaryimage\",\"inLanguage\":\"es\",\"url\":\"https:\/\/gihat.org\/wp-content\/uploads\/2024\/10\/Lucia-Campanella.jpg\",\"contentUrl\":\"https:\/\/gihat.org\/wp-content\/uploads\/2024\/10\/Lucia-Campanella.jpg\"},{\"@type\":\"WebPage\",\"@id\":\"https:\/\/gihat.org\/index.php\/participantes\/lucia-campanella\/#webpage\",\"url\":\"https:\/\/gihat.org\/index.php\/participantes\/lucia-campanella\/\",\"name\":\"Lucia Campanella -\",\"isPartOf\":{\"@id\":\"https:\/\/gihat.org\/#website\"},\"primaryImageOfPage\":{\"@id\":\"https:\/\/gihat.org\/index.php\/participantes\/lucia-campanella\/#primaryimage\"},\"datePublished\":\"2024-10-31T12:36:22+00:00\",\"dateModified\":\"2024-10-31T12:36:23+00:00\",\"breadcrumb\":{\"@id\":\"https:\/\/gihat.org\/index.php\/participantes\/lucia-campanella\/#breadcrumb\"},\"inLanguage\":\"es\",\"potentialAction\":[{\"@type\":\"ReadAction\",\"target\":[\"https:\/\/gihat.org\/index.php\/participantes\/lucia-campanella\/\"]}]},{\"@type\":\"BreadcrumbList\",\"@id\":\"https:\/\/gihat.org\/index.php\/participantes\/lucia-campanella\/#breadcrumb\",\"itemListElement\":[{\"@type\":\"ListItem\",\"position\":1,\"name\":\"Portada\",\"item\":\"https:\/\/gihat.org\/\"},{\"@type\":\"ListItem\",\"position\":2,\"name\":\"Participantes\",\"item\":\"https:\/\/gihat.org\/index.php\/participantes\/\"},{\"@type\":\"ListItem\",\"position\":3,\"name\":\"Lucia Campanella\"}]}]}<\/script>\n<!-- \/ Yoast SEO plugin. -->","yoast_head_json":{"title":"Lucia Campanella -","robots":{"index":"index","follow":"follow","max-snippet":"max-snippet:-1","max-image-preview":"max-image-preview:large","max-video-preview":"max-video-preview:-1"},"canonical":"https:\/\/gihat.org\/index.php\/participantes\/lucia-campanella\/","og_locale":"es_ES","og_type":"article","og_title":"Lucia Campanella -","og_description":"(Universitat Oberta de Catalunya, Barcelona) Es investigadora postdoctoral Marie Sk\u0142odowska-Curie en el IN3 de la Universitat Oberta de Catalunya en Barcelona. Como miembro del Grupo de Investigaci\u00f3n en Estudios Literarios Globales (GlobaLS, UOC), dirige la investigaci\u00f3n The\u00a0Anarchist Translation Flows and World Literature Project (ARGOT). Sus \u00e1reas de investigaci\u00f3n son la literatura comparada, la historia de&hellip;&nbsp;Leer m\u00e1s &raquo;Lucia Campanella","og_url":"https:\/\/gihat.org\/index.php\/participantes\/lucia-campanella\/","article_modified_time":"2024-10-31T12:36:23+00:00","og_image":[{"url":"https:\/\/gihat.org\/wp-content\/uploads\/2024\/10\/Lucia-Campanella.jpg"}],"twitter_card":"summary_large_image","twitter_misc":{"Tiempo de lectura":"1 minuto"},"schema":{"@context":"https:\/\/schema.org","@graph":[{"@type":"Organization","@id":"https:\/\/gihat.org\/#organization","name":"GIHAT, Grupo de Investigaci\u00f3n de Historia del Anarquismo Transnacional","url":"https:\/\/gihat.org\/","sameAs":[],"logo":{"@type":"ImageObject","@id":"https:\/\/gihat.org\/#logo","inLanguage":"es","url":"http:\/\/gihat.org\/wp-content\/uploads\/2021\/04\/cropped-Gihat-Logo-2.gif","contentUrl":"http:\/\/gihat.org\/wp-content\/uploads\/2021\/04\/cropped-Gihat-Logo-2.gif","width":282,"height":90,"caption":"GIHAT, Grupo de Investigaci\u00f3n de Historia del Anarquismo Transnacional"},"image":{"@id":"https:\/\/gihat.org\/#logo"}},{"@type":"WebSite","@id":"https:\/\/gihat.org\/#website","url":"https:\/\/gihat.org\/","name":"","description":"","publisher":{"@id":"https:\/\/gihat.org\/#organization"},"potentialAction":[{"@type":"SearchAction","target":{"@type":"EntryPoint","urlTemplate":"https:\/\/gihat.org\/?s={search_term_string}"},"query-input":"required name=search_term_string"}],"inLanguage":"es"},{"@type":"ImageObject","@id":"https:\/\/gihat.org\/index.php\/participantes\/lucia-campanella\/#primaryimage","inLanguage":"es","url":"https:\/\/gihat.org\/wp-content\/uploads\/2024\/10\/Lucia-Campanella.jpg","contentUrl":"https:\/\/gihat.org\/wp-content\/uploads\/2024\/10\/Lucia-Campanella.jpg"},{"@type":"WebPage","@id":"https:\/\/gihat.org\/index.php\/participantes\/lucia-campanella\/#webpage","url":"https:\/\/gihat.org\/index.php\/participantes\/lucia-campanella\/","name":"Lucia Campanella -","isPartOf":{"@id":"https:\/\/gihat.org\/#website"},"primaryImageOfPage":{"@id":"https:\/\/gihat.org\/index.php\/participantes\/lucia-campanella\/#primaryimage"},"datePublished":"2024-10-31T12:36:22+00:00","dateModified":"2024-10-31T12:36:23+00:00","breadcrumb":{"@id":"https:\/\/gihat.org\/index.php\/participantes\/lucia-campanella\/#breadcrumb"},"inLanguage":"es","potentialAction":[{"@type":"ReadAction","target":["https:\/\/gihat.org\/index.php\/participantes\/lucia-campanella\/"]}]},{"@type":"BreadcrumbList","@id":"https:\/\/gihat.org\/index.php\/participantes\/lucia-campanella\/#breadcrumb","itemListElement":[{"@type":"ListItem","position":1,"name":"Portada","item":"https:\/\/gihat.org\/"},{"@type":"ListItem","position":2,"name":"Participantes","item":"https:\/\/gihat.org\/index.php\/participantes\/"},{"@type":"ListItem","position":3,"name":"Lucia Campanella"}]}]}},"_links":{"self":[{"href":"https:\/\/gihat.org\/index.php\/wp-json\/wp\/v2\/pages\/456"}],"collection":[{"href":"https:\/\/gihat.org\/index.php\/wp-json\/wp\/v2\/pages"}],"about":[{"href":"https:\/\/gihat.org\/index.php\/wp-json\/wp\/v2\/types\/page"}],"author":[{"embeddable":true,"href":"https:\/\/gihat.org\/index.php\/wp-json\/wp\/v2\/users\/1"}],"replies":[{"embeddable":true,"href":"https:\/\/gihat.org\/index.php\/wp-json\/wp\/v2\/comments?post=456"}],"version-history":[{"count":1,"href":"https:\/\/gihat.org\/index.php\/wp-json\/wp\/v2\/pages\/456\/revisions"}],"predecessor-version":[{"id":458,"href":"https:\/\/gihat.org\/index.php\/wp-json\/wp\/v2\/pages\/456\/revisions\/458"}],"up":[{"embeddable":true,"href":"https:\/\/gihat.org\/index.php\/wp-json\/wp\/v2\/pages\/80"}],"wp:attachment":[{"href":"https:\/\/gihat.org\/index.php\/wp-json\/wp\/v2\/media?parent=456"}],"curies":[{"name":"wp","href":"https:\/\/api.w.org\/{rel}","templated":true}]}}