{"id":459,"date":"2024-11-05T12:59:23","date_gmt":"2024-11-05T11:59:23","guid":{"rendered":"https:\/\/gihat.org\/?page_id=459"},"modified":"2024-11-05T13:57:09","modified_gmt":"2024-11-05T12:57:09","slug":"nadia-ledesma-prietto","status":"publish","type":"page","link":"https:\/\/gihat.org\/index.php\/participantes\/nadia-ledesma-prietto\/","title":{"rendered":"Nadia Ledesma Prietto"},"content":{"rendered":"\n<div class=\"wp-block-media-text alignwide is-stacked-on-mobile is-vertically-aligned-top is-style-default has-white-background-color has-background\" style=\"grid-template-columns:39% auto\"><figure class=\"wp-block-media-text__media\"><img loading=\"lazy\" width=\"500\" height=\"500\" src=\"https:\/\/gihat.org\/wp-content\/uploads\/2024\/11\/Ledesma-Prietto.jpg\" alt=\"\" class=\"wp-image-460 size-full\" srcset=\"https:\/\/gihat.org\/wp-content\/uploads\/2024\/11\/Ledesma-Prietto.jpg 500w, https:\/\/gihat.org\/wp-content\/uploads\/2024\/11\/Ledesma-Prietto-300x300.jpg 300w, https:\/\/gihat.org\/wp-content\/uploads\/2024\/11\/Ledesma-Prietto-150x150.jpg 150w\" sizes=\"(max-width: 500px) 100vw, 500px\" \/><\/figure><div class=\"wp-block-media-text__content\">\n<p><\/p>\n\n\n\n<p>(Universidad Nacional de La Plata)<\/p>\n\n\n\n<p>Profesora y Doctora en Historia (Universidad Nacional de La Plata, Buenos Aires, Argentina). Ayudante diplomada ordinaria de la C\u00e1tedra de Metodolog\u00eda de la Investigaci\u00f3n Hist\u00f3rica. Investigadora Asistente del Consejo Nacional de Investigaciones Cient\u00edficas y T\u00e9cnicas CONICET con lugar de trabajo en el Centro Interdisciplinario de Investigaciones en G\u00e9nero del Instituto de Investigaciones en Humanidades y Ciencias Sociales\/CONICET- Facultad de Humanidades y Ciencias de la Educaci\u00f3n- Universidad Nacional de La Plata.<\/p>\n\n\n\n<p>Directora de la Colecci\u00f3n <em>Puntos de Fuga<\/em>. Historia de las mujeres y estudios de G\u00e9nero del Grupo Editor Universitario. Integrante del comit\u00e9 editorial de <em>Descentrada. Revista Interdisciplinaria de feminismos y g\u00e9nero<\/em>. Integrante del grupo editor de <em>Micelio. Revista de estudios libertarios<\/em> (Buenos Aires, Argentina)<\/p>\n\n\n\n<p>Sus investigaciones, desde la Historia sociocultural y los Estudios de g\u00e9nero, se centran en los discursos anarquistas respecto de la ciencia sexual y el rol del anarquismo en la conformaci\u00f3n de un campo sexol\u00f3gico transnacional. Entre sus publicaciones destaca <em>La revoluci\u00f3n sexual del nuestro tiempo. El discurso m\u00e9dico anarquista sobre el control de la natalidad, la maternidad y el placer sexual. Argentina, 1931-1951<\/em>. Buenos Aires, Biblos, 2016. En el a\u00f1o 2023 obtuvo el Premio a la Labor Cient\u00edfica, Tecnol\u00f3gica y Art\u00edstica otorgado por la Universidad Nacional de La Plata.<\/p>\n<\/div><\/div>\n\n\n\n<p><\/p>\n","protected":false},"excerpt":{"rendered":"<p>(Universidad Nacional de La Plata) Profesora y Doctora en Historia (Universidad Nacional de La Plata, Buenos Aires, Argentina). Ayudante diplomada ordinaria de la C\u00e1tedra de Metodolog\u00eda de la Investigaci\u00f3n Hist\u00f3rica. Investigadora Asistente del Consejo Nacional de Investigaciones Cient\u00edficas y T\u00e9cnicas CONICET con lugar de trabajo en el Centro Interdisciplinario de Investigaciones en G\u00e9nero del Instituto&hellip;&nbsp;<a href=\"https:\/\/gihat.org\/index.php\/participantes\/nadia-ledesma-prietto\/\" class=\"\" rel=\"bookmark\">Leer m\u00e1s &raquo;<span class=\"screen-reader-text\">Nadia Ledesma Prietto<\/span><\/a><\/p>\n","protected":false},"author":1,"featured_media":0,"parent":80,"menu_order":0,"comment_status":"closed","ping_status":"closed","template":"","meta":{"neve_meta_sidebar":"default","neve_meta_container":"","neve_meta_enable_content_width":"off","neve_meta_content_width":59,"neve_meta_title_alignment":"","neve_meta_author_avatar":"","neve_post_elements_order":"","neve_meta_disable_header":"off","neve_meta_disable_footer":"","neve_meta_disable_title":"off"},"yoast_head":"<!-- This site is optimized with the Yoast SEO plugin v18.4.1 - https:\/\/yoast.com\/wordpress\/plugins\/seo\/ -->\n<title>Nadia Ledesma Prietto -<\/title>\n<meta name=\"robots\" content=\"index, follow, max-snippet:-1, max-image-preview:large, max-video-preview:-1\" \/>\n<link rel=\"canonical\" href=\"https:\/\/gihat.org\/index.php\/participantes\/nadia-ledesma-prietto\/\" \/>\n<meta property=\"og:locale\" content=\"es_ES\" \/>\n<meta property=\"og:type\" content=\"article\" \/>\n<meta property=\"og:title\" content=\"Nadia Ledesma Prietto -\" \/>\n<meta property=\"og:description\" content=\"(Universidad Nacional de La Plata) Profesora y Doctora en Historia (Universidad Nacional de La Plata, Buenos Aires, Argentina). Ayudante diplomada ordinaria de la C\u00e1tedra de Metodolog\u00eda de la Investigaci\u00f3n Hist\u00f3rica. Investigadora Asistente del Consejo Nacional de Investigaciones Cient\u00edficas y T\u00e9cnicas CONICET con lugar de trabajo en el Centro Interdisciplinario de Investigaciones en G\u00e9nero del Instituto&hellip;&nbsp;Leer m\u00e1s &raquo;Nadia Ledesma Prietto\" \/>\n<meta property=\"og:url\" content=\"https:\/\/gihat.org\/index.php\/participantes\/nadia-ledesma-prietto\/\" \/>\n<meta property=\"article:modified_time\" content=\"2024-11-05T12:57:09+00:00\" \/>\n<meta property=\"og:image\" content=\"https:\/\/gihat.org\/wp-content\/uploads\/2024\/11\/Ledesma-Prietto.jpg\" \/>\n<meta name=\"twitter:card\" content=\"summary_large_image\" \/>\n<meta name=\"twitter:label1\" content=\"Tiempo de lectura\" \/>\n\t<meta name=\"twitter:data1\" content=\"2 minutos\" \/>\n<script type=\"application\/ld+json\" class=\"yoast-schema-graph\">{\"@context\":\"https:\/\/schema.org\",\"@graph\":[{\"@type\":\"Organization\",\"@id\":\"https:\/\/gihat.org\/#organization\",\"name\":\"GIHAT, Grupo de Investigaci\u00f3n de Historia del Anarquismo Transnacional\",\"url\":\"https:\/\/gihat.org\/\",\"sameAs\":[],\"logo\":{\"@type\":\"ImageObject\",\"@id\":\"https:\/\/gihat.org\/#logo\",\"inLanguage\":\"es\",\"url\":\"http:\/\/gihat.org\/wp-content\/uploads\/2021\/04\/cropped-Gihat-Logo-2.gif\",\"contentUrl\":\"http:\/\/gihat.org\/wp-content\/uploads\/2021\/04\/cropped-Gihat-Logo-2.gif\",\"width\":282,\"height\":90,\"caption\":\"GIHAT, Grupo de Investigaci\u00f3n de Historia del Anarquismo Transnacional\"},\"image\":{\"@id\":\"https:\/\/gihat.org\/#logo\"}},{\"@type\":\"WebSite\",\"@id\":\"https:\/\/gihat.org\/#website\",\"url\":\"https:\/\/gihat.org\/\",\"name\":\"\",\"description\":\"\",\"publisher\":{\"@id\":\"https:\/\/gihat.org\/#organization\"},\"potentialAction\":[{\"@type\":\"SearchAction\",\"target\":{\"@type\":\"EntryPoint\",\"urlTemplate\":\"https:\/\/gihat.org\/?s={search_term_string}\"},\"query-input\":\"required name=search_term_string\"}],\"inLanguage\":\"es\"},{\"@type\":\"ImageObject\",\"@id\":\"https:\/\/gihat.org\/index.php\/participantes\/nadia-ledesma-prietto\/#primaryimage\",\"inLanguage\":\"es\",\"url\":\"https:\/\/gihat.org\/wp-content\/uploads\/2024\/11\/Ledesma-Prietto.jpg\",\"contentUrl\":\"https:\/\/gihat.org\/wp-content\/uploads\/2024\/11\/Ledesma-Prietto.jpg\"},{\"@type\":\"WebPage\",\"@id\":\"https:\/\/gihat.org\/index.php\/participantes\/nadia-ledesma-prietto\/#webpage\",\"url\":\"https:\/\/gihat.org\/index.php\/participantes\/nadia-ledesma-prietto\/\",\"name\":\"Nadia Ledesma Prietto -\",\"isPartOf\":{\"@id\":\"https:\/\/gihat.org\/#website\"},\"primaryImageOfPage\":{\"@id\":\"https:\/\/gihat.org\/index.php\/participantes\/nadia-ledesma-prietto\/#primaryimage\"},\"datePublished\":\"2024-11-05T11:59:23+00:00\",\"dateModified\":\"2024-11-05T12:57:09+00:00\",\"breadcrumb\":{\"@id\":\"https:\/\/gihat.org\/index.php\/participantes\/nadia-ledesma-prietto\/#breadcrumb\"},\"inLanguage\":\"es\",\"potentialAction\":[{\"@type\":\"ReadAction\",\"target\":[\"https:\/\/gihat.org\/index.php\/participantes\/nadia-ledesma-prietto\/\"]}]},{\"@type\":\"BreadcrumbList\",\"@id\":\"https:\/\/gihat.org\/index.php\/participantes\/nadia-ledesma-prietto\/#breadcrumb\",\"itemListElement\":[{\"@type\":\"ListItem\",\"position\":1,\"name\":\"Portada\",\"item\":\"https:\/\/gihat.org\/\"},{\"@type\":\"ListItem\",\"position\":2,\"name\":\"Participantes\",\"item\":\"https:\/\/gihat.org\/index.php\/participantes\/\"},{\"@type\":\"ListItem\",\"position\":3,\"name\":\"Nadia Ledesma Prietto\"}]}]}<\/script>\n<!-- \/ Yoast SEO plugin. -->","yoast_head_json":{"title":"Nadia Ledesma Prietto -","robots":{"index":"index","follow":"follow","max-snippet":"max-snippet:-1","max-image-preview":"max-image-preview:large","max-video-preview":"max-video-preview:-1"},"canonical":"https:\/\/gihat.org\/index.php\/participantes\/nadia-ledesma-prietto\/","og_locale":"es_ES","og_type":"article","og_title":"Nadia Ledesma Prietto -","og_description":"(Universidad Nacional de La Plata) Profesora y Doctora en Historia (Universidad Nacional de La Plata, Buenos Aires, Argentina). Ayudante diplomada ordinaria de la C\u00e1tedra de Metodolog\u00eda de la Investigaci\u00f3n Hist\u00f3rica. Investigadora Asistente del Consejo Nacional de Investigaciones Cient\u00edficas y T\u00e9cnicas CONICET con lugar de trabajo en el Centro Interdisciplinario de Investigaciones en G\u00e9nero del Instituto&hellip;&nbsp;Leer m\u00e1s &raquo;Nadia Ledesma Prietto","og_url":"https:\/\/gihat.org\/index.php\/participantes\/nadia-ledesma-prietto\/","article_modified_time":"2024-11-05T12:57:09+00:00","og_image":[{"url":"https:\/\/gihat.org\/wp-content\/uploads\/2024\/11\/Ledesma-Prietto.jpg"}],"twitter_card":"summary_large_image","twitter_misc":{"Tiempo de lectura":"2 minutos"},"schema":{"@context":"https:\/\/schema.org","@graph":[{"@type":"Organization","@id":"https:\/\/gihat.org\/#organization","name":"GIHAT, Grupo de Investigaci\u00f3n de Historia del Anarquismo Transnacional","url":"https:\/\/gihat.org\/","sameAs":[],"logo":{"@type":"ImageObject","@id":"https:\/\/gihat.org\/#logo","inLanguage":"es","url":"http:\/\/gihat.org\/wp-content\/uploads\/2021\/04\/cropped-Gihat-Logo-2.gif","contentUrl":"http:\/\/gihat.org\/wp-content\/uploads\/2021\/04\/cropped-Gihat-Logo-2.gif","width":282,"height":90,"caption":"GIHAT, Grupo de Investigaci\u00f3n de Historia del Anarquismo Transnacional"},"image":{"@id":"https:\/\/gihat.org\/#logo"}},{"@type":"WebSite","@id":"https:\/\/gihat.org\/#website","url":"https:\/\/gihat.org\/","name":"","description":"","publisher":{"@id":"https:\/\/gihat.org\/#organization"},"potentialAction":[{"@type":"SearchAction","target":{"@type":"EntryPoint","urlTemplate":"https:\/\/gihat.org\/?s={search_term_string}"},"query-input":"required name=search_term_string"}],"inLanguage":"es"},{"@type":"ImageObject","@id":"https:\/\/gihat.org\/index.php\/participantes\/nadia-ledesma-prietto\/#primaryimage","inLanguage":"es","url":"https:\/\/gihat.org\/wp-content\/uploads\/2024\/11\/Ledesma-Prietto.jpg","contentUrl":"https:\/\/gihat.org\/wp-content\/uploads\/2024\/11\/Ledesma-Prietto.jpg"},{"@type":"WebPage","@id":"https:\/\/gihat.org\/index.php\/participantes\/nadia-ledesma-prietto\/#webpage","url":"https:\/\/gihat.org\/index.php\/participantes\/nadia-ledesma-prietto\/","name":"Nadia Ledesma Prietto -","isPartOf":{"@id":"https:\/\/gihat.org\/#website"},"primaryImageOfPage":{"@id":"https:\/\/gihat.org\/index.php\/participantes\/nadia-ledesma-prietto\/#primaryimage"},"datePublished":"2024-11-05T11:59:23+00:00","dateModified":"2024-11-05T12:57:09+00:00","breadcrumb":{"@id":"https:\/\/gihat.org\/index.php\/participantes\/nadia-ledesma-prietto\/#breadcrumb"},"inLanguage":"es","potentialAction":[{"@type":"ReadAction","target":["https:\/\/gihat.org\/index.php\/participantes\/nadia-ledesma-prietto\/"]}]},{"@type":"BreadcrumbList","@id":"https:\/\/gihat.org\/index.php\/participantes\/nadia-ledesma-prietto\/#breadcrumb","itemListElement":[{"@type":"ListItem","position":1,"name":"Portada","item":"https:\/\/gihat.org\/"},{"@type":"ListItem","position":2,"name":"Participantes","item":"https:\/\/gihat.org\/index.php\/participantes\/"},{"@type":"ListItem","position":3,"name":"Nadia Ledesma Prietto"}]}]}},"_links":{"self":[{"href":"https:\/\/gihat.org\/index.php\/wp-json\/wp\/v2\/pages\/459"}],"collection":[{"href":"https:\/\/gihat.org\/index.php\/wp-json\/wp\/v2\/pages"}],"about":[{"href":"https:\/\/gihat.org\/index.php\/wp-json\/wp\/v2\/types\/page"}],"author":[{"embeddable":true,"href":"https:\/\/gihat.org\/index.php\/wp-json\/wp\/v2\/users\/1"}],"replies":[{"embeddable":true,"href":"https:\/\/gihat.org\/index.php\/wp-json\/wp\/v2\/comments?post=459"}],"version-history":[{"count":2,"href":"https:\/\/gihat.org\/index.php\/wp-json\/wp\/v2\/pages\/459\/revisions"}],"predecessor-version":[{"id":503,"href":"https:\/\/gihat.org\/index.php\/wp-json\/wp\/v2\/pages\/459\/revisions\/503"}],"up":[{"embeddable":true,"href":"https:\/\/gihat.org\/index.php\/wp-json\/wp\/v2\/pages\/80"}],"wp:attachment":[{"href":"https:\/\/gihat.org\/index.php\/wp-json\/wp\/v2\/media?parent=459"}],"curies":[{"name":"wp","href":"https:\/\/api.w.org\/{rel}","templated":true}]}}