{"id":462,"date":"2024-11-05T13:01:41","date_gmt":"2024-11-05T12:01:41","guid":{"rendered":"https:\/\/gihat.org\/?page_id=462"},"modified":"2024-11-05T13:58:09","modified_gmt":"2024-11-05T12:58:09","slug":"alfonso-bermudez-mombiela","status":"publish","type":"page","link":"https:\/\/gihat.org\/index.php\/participantes\/alfonso-bermudez-mombiela\/","title":{"rendered":"Alfonso Berm\u00fadez Mombiela"},"content":{"rendered":"\n<div class=\"wp-block-media-text alignwide is-stacked-on-mobile is-vertically-aligned-top is-style-default has-white-background-color has-background\" style=\"grid-template-columns:39% auto\"><figure class=\"wp-block-media-text__media\"><img loading=\"lazy\" width=\"500\" height=\"500\" src=\"https:\/\/gihat.org\/wp-content\/uploads\/2024\/11\/Alfonso-Bermudez.jpg\" alt=\"\" class=\"wp-image-463 size-full\" srcset=\"https:\/\/gihat.org\/wp-content\/uploads\/2024\/11\/Alfonso-Bermudez.jpg 500w, https:\/\/gihat.org\/wp-content\/uploads\/2024\/11\/Alfonso-Bermudez-300x300.jpg 300w, https:\/\/gihat.org\/wp-content\/uploads\/2024\/11\/Alfonso-Bermudez-150x150.jpg 150w\" sizes=\"(max-width: 500px) 100vw, 500px\" \/><\/figure><div class=\"wp-block-media-text__content\">\n<p><\/p>\n\n\n\n<p>(Zaragoza, 1992). Es Profesor Ayudante Doctor en la Universidad de Zaragoza, tras haber sido investigador postdoctoral \u201cJuan de la Cierva\u201d en la Universitat Pompeu Fabra (UPF), Barcelona. Es doctor en Historia Contempor\u00e1nea por la Universidad de Zaragoza, con una tesis titulada: Colonialismo espa\u00f1ol a principios del siglo XX: el impacto de las Guerras de Marruecos en Zaragoza (1906-1927). Sus l\u00edneas de investigaci\u00f3n se centran en las repercusiones de las Guerras de Marruecos en la Espa\u00f1a del siglo XX, el impacto de los sistemas de reclutamiento en la poblaci\u00f3n espa\u00f1ola y el an\u00e1lisis de los discursos coloniales en perspectiva comparada internacional. Ha llevado a cabo diversas estancias de investigaci\u00f3n tanto en el \u00e1mbito nacional como internacional, destacando su participaci\u00f3n en el Internationaal Instituut voor Sociale Geschiedenis (IISG) de \u00c1msterdam, el Trinity College de Dubl\u00edn, y la Universit\u00e9 Abdelmalek Essa\u00e2di de Tetu\u00e1n, Marruecos. Actualmente desarrolla un proyecto postdoctoral sobre el posicionamiento del anarquismo espa\u00f1ol frente al colonialismo y las guerras de Cuba y Marruecos, a trav\u00e9s de la prensa anarquista, fuentes policiales y la documentaci\u00f3n militar.<\/p>\n<\/div><\/div>\n\n\n\n<p><\/p>\n","protected":false},"excerpt":{"rendered":"<p>(Zaragoza, 1992). Es Profesor Ayudante Doctor en la Universidad de Zaragoza, tras haber sido investigador postdoctoral \u201cJuan de la Cierva\u201d en la Universitat Pompeu Fabra (UPF), Barcelona. Es doctor en Historia Contempor\u00e1nea por la Universidad de Zaragoza, con una tesis titulada: Colonialismo espa\u00f1ol a principios del siglo XX: el impacto de las Guerras de Marruecos&hellip;&nbsp;<a href=\"https:\/\/gihat.org\/index.php\/participantes\/alfonso-bermudez-mombiela\/\" class=\"\" rel=\"bookmark\">Leer m\u00e1s &raquo;<span class=\"screen-reader-text\">Alfonso Berm\u00fadez Mombiela<\/span><\/a><\/p>\n","protected":false},"author":1,"featured_media":0,"parent":80,"menu_order":0,"comment_status":"closed","ping_status":"closed","template":"","meta":{"neve_meta_sidebar":"default","neve_meta_container":"","neve_meta_enable_content_width":"off","neve_meta_content_width":59,"neve_meta_title_alignment":"","neve_meta_author_avatar":"","neve_post_elements_order":"","neve_meta_disable_header":"off","neve_meta_disable_footer":"","neve_meta_disable_title":"off"},"yoast_head":"<!-- This site is optimized with the Yoast SEO plugin v18.4.1 - https:\/\/yoast.com\/wordpress\/plugins\/seo\/ -->\n<title>Alfonso Berm\u00fadez Mombiela -<\/title>\n<meta name=\"robots\" content=\"index, follow, max-snippet:-1, max-image-preview:large, max-video-preview:-1\" \/>\n<link rel=\"canonical\" href=\"https:\/\/gihat.org\/index.php\/participantes\/alfonso-bermudez-mombiela\/\" \/>\n<meta property=\"og:locale\" content=\"es_ES\" \/>\n<meta property=\"og:type\" content=\"article\" \/>\n<meta property=\"og:title\" content=\"Alfonso Berm\u00fadez Mombiela -\" \/>\n<meta property=\"og:description\" content=\"(Zaragoza, 1992). Es Profesor Ayudante Doctor en la Universidad de Zaragoza, tras haber sido investigador postdoctoral \u201cJuan de la Cierva\u201d en la Universitat Pompeu Fabra (UPF), Barcelona. Es doctor en Historia Contempor\u00e1nea por la Universidad de Zaragoza, con una tesis titulada: Colonialismo espa\u00f1ol a principios del siglo XX: el impacto de las Guerras de Marruecos&hellip;&nbsp;Leer m\u00e1s &raquo;Alfonso Berm\u00fadez Mombiela\" \/>\n<meta property=\"og:url\" content=\"https:\/\/gihat.org\/index.php\/participantes\/alfonso-bermudez-mombiela\/\" \/>\n<meta property=\"article:modified_time\" content=\"2024-11-05T12:58:09+00:00\" \/>\n<meta property=\"og:image\" content=\"https:\/\/gihat.org\/wp-content\/uploads\/2024\/11\/Alfonso-Bermudez.jpg\" \/>\n<meta name=\"twitter:card\" content=\"summary_large_image\" \/>\n<meta name=\"twitter:label1\" content=\"Tiempo de lectura\" \/>\n\t<meta name=\"twitter:data1\" content=\"1 minuto\" \/>\n<script type=\"application\/ld+json\" class=\"yoast-schema-graph\">{\"@context\":\"https:\/\/schema.org\",\"@graph\":[{\"@type\":\"Organization\",\"@id\":\"https:\/\/gihat.org\/#organization\",\"name\":\"GIHAT, Grupo de Investigaci\u00f3n de Historia del Anarquismo Transnacional\",\"url\":\"https:\/\/gihat.org\/\",\"sameAs\":[],\"logo\":{\"@type\":\"ImageObject\",\"@id\":\"https:\/\/gihat.org\/#logo\",\"inLanguage\":\"es\",\"url\":\"http:\/\/gihat.org\/wp-content\/uploads\/2021\/04\/cropped-Gihat-Logo-2.gif\",\"contentUrl\":\"http:\/\/gihat.org\/wp-content\/uploads\/2021\/04\/cropped-Gihat-Logo-2.gif\",\"width\":282,\"height\":90,\"caption\":\"GIHAT, Grupo de Investigaci\u00f3n de Historia del Anarquismo Transnacional\"},\"image\":{\"@id\":\"https:\/\/gihat.org\/#logo\"}},{\"@type\":\"WebSite\",\"@id\":\"https:\/\/gihat.org\/#website\",\"url\":\"https:\/\/gihat.org\/\",\"name\":\"\",\"description\":\"\",\"publisher\":{\"@id\":\"https:\/\/gihat.org\/#organization\"},\"potentialAction\":[{\"@type\":\"SearchAction\",\"target\":{\"@type\":\"EntryPoint\",\"urlTemplate\":\"https:\/\/gihat.org\/?s={search_term_string}\"},\"query-input\":\"required name=search_term_string\"}],\"inLanguage\":\"es\"},{\"@type\":\"ImageObject\",\"@id\":\"https:\/\/gihat.org\/index.php\/participantes\/alfonso-bermudez-mombiela\/#primaryimage\",\"inLanguage\":\"es\",\"url\":\"https:\/\/gihat.org\/wp-content\/uploads\/2024\/11\/Alfonso-Bermudez.jpg\",\"contentUrl\":\"https:\/\/gihat.org\/wp-content\/uploads\/2024\/11\/Alfonso-Bermudez.jpg\"},{\"@type\":\"WebPage\",\"@id\":\"https:\/\/gihat.org\/index.php\/participantes\/alfonso-bermudez-mombiela\/#webpage\",\"url\":\"https:\/\/gihat.org\/index.php\/participantes\/alfonso-bermudez-mombiela\/\",\"name\":\"Alfonso Berm\u00fadez Mombiela -\",\"isPartOf\":{\"@id\":\"https:\/\/gihat.org\/#website\"},\"primaryImageOfPage\":{\"@id\":\"https:\/\/gihat.org\/index.php\/participantes\/alfonso-bermudez-mombiela\/#primaryimage\"},\"datePublished\":\"2024-11-05T12:01:41+00:00\",\"dateModified\":\"2024-11-05T12:58:09+00:00\",\"breadcrumb\":{\"@id\":\"https:\/\/gihat.org\/index.php\/participantes\/alfonso-bermudez-mombiela\/#breadcrumb\"},\"inLanguage\":\"es\",\"potentialAction\":[{\"@type\":\"ReadAction\",\"target\":[\"https:\/\/gihat.org\/index.php\/participantes\/alfonso-bermudez-mombiela\/\"]}]},{\"@type\":\"BreadcrumbList\",\"@id\":\"https:\/\/gihat.org\/index.php\/participantes\/alfonso-bermudez-mombiela\/#breadcrumb\",\"itemListElement\":[{\"@type\":\"ListItem\",\"position\":1,\"name\":\"Portada\",\"item\":\"https:\/\/gihat.org\/\"},{\"@type\":\"ListItem\",\"position\":2,\"name\":\"Participantes\",\"item\":\"https:\/\/gihat.org\/index.php\/participantes\/\"},{\"@type\":\"ListItem\",\"position\":3,\"name\":\"Alfonso Berm\u00fadez Mombiela\"}]}]}<\/script>\n<!-- \/ Yoast SEO plugin. -->","yoast_head_json":{"title":"Alfonso Berm\u00fadez Mombiela -","robots":{"index":"index","follow":"follow","max-snippet":"max-snippet:-1","max-image-preview":"max-image-preview:large","max-video-preview":"max-video-preview:-1"},"canonical":"https:\/\/gihat.org\/index.php\/participantes\/alfonso-bermudez-mombiela\/","og_locale":"es_ES","og_type":"article","og_title":"Alfonso Berm\u00fadez Mombiela -","og_description":"(Zaragoza, 1992). Es Profesor Ayudante Doctor en la Universidad de Zaragoza, tras haber sido investigador postdoctoral \u201cJuan de la Cierva\u201d en la Universitat Pompeu Fabra (UPF), Barcelona. Es doctor en Historia Contempor\u00e1nea por la Universidad de Zaragoza, con una tesis titulada: Colonialismo espa\u00f1ol a principios del siglo XX: el impacto de las Guerras de Marruecos&hellip;&nbsp;Leer m\u00e1s &raquo;Alfonso Berm\u00fadez Mombiela","og_url":"https:\/\/gihat.org\/index.php\/participantes\/alfonso-bermudez-mombiela\/","article_modified_time":"2024-11-05T12:58:09+00:00","og_image":[{"url":"https:\/\/gihat.org\/wp-content\/uploads\/2024\/11\/Alfonso-Bermudez.jpg"}],"twitter_card":"summary_large_image","twitter_misc":{"Tiempo de lectura":"1 minuto"},"schema":{"@context":"https:\/\/schema.org","@graph":[{"@type":"Organization","@id":"https:\/\/gihat.org\/#organization","name":"GIHAT, Grupo de Investigaci\u00f3n de Historia del Anarquismo Transnacional","url":"https:\/\/gihat.org\/","sameAs":[],"logo":{"@type":"ImageObject","@id":"https:\/\/gihat.org\/#logo","inLanguage":"es","url":"http:\/\/gihat.org\/wp-content\/uploads\/2021\/04\/cropped-Gihat-Logo-2.gif","contentUrl":"http:\/\/gihat.org\/wp-content\/uploads\/2021\/04\/cropped-Gihat-Logo-2.gif","width":282,"height":90,"caption":"GIHAT, Grupo de Investigaci\u00f3n de Historia del Anarquismo Transnacional"},"image":{"@id":"https:\/\/gihat.org\/#logo"}},{"@type":"WebSite","@id":"https:\/\/gihat.org\/#website","url":"https:\/\/gihat.org\/","name":"","description":"","publisher":{"@id":"https:\/\/gihat.org\/#organization"},"potentialAction":[{"@type":"SearchAction","target":{"@type":"EntryPoint","urlTemplate":"https:\/\/gihat.org\/?s={search_term_string}"},"query-input":"required name=search_term_string"}],"inLanguage":"es"},{"@type":"ImageObject","@id":"https:\/\/gihat.org\/index.php\/participantes\/alfonso-bermudez-mombiela\/#primaryimage","inLanguage":"es","url":"https:\/\/gihat.org\/wp-content\/uploads\/2024\/11\/Alfonso-Bermudez.jpg","contentUrl":"https:\/\/gihat.org\/wp-content\/uploads\/2024\/11\/Alfonso-Bermudez.jpg"},{"@type":"WebPage","@id":"https:\/\/gihat.org\/index.php\/participantes\/alfonso-bermudez-mombiela\/#webpage","url":"https:\/\/gihat.org\/index.php\/participantes\/alfonso-bermudez-mombiela\/","name":"Alfonso Berm\u00fadez Mombiela -","isPartOf":{"@id":"https:\/\/gihat.org\/#website"},"primaryImageOfPage":{"@id":"https:\/\/gihat.org\/index.php\/participantes\/alfonso-bermudez-mombiela\/#primaryimage"},"datePublished":"2024-11-05T12:01:41+00:00","dateModified":"2024-11-05T12:58:09+00:00","breadcrumb":{"@id":"https:\/\/gihat.org\/index.php\/participantes\/alfonso-bermudez-mombiela\/#breadcrumb"},"inLanguage":"es","potentialAction":[{"@type":"ReadAction","target":["https:\/\/gihat.org\/index.php\/participantes\/alfonso-bermudez-mombiela\/"]}]},{"@type":"BreadcrumbList","@id":"https:\/\/gihat.org\/index.php\/participantes\/alfonso-bermudez-mombiela\/#breadcrumb","itemListElement":[{"@type":"ListItem","position":1,"name":"Portada","item":"https:\/\/gihat.org\/"},{"@type":"ListItem","position":2,"name":"Participantes","item":"https:\/\/gihat.org\/index.php\/participantes\/"},{"@type":"ListItem","position":3,"name":"Alfonso Berm\u00fadez Mombiela"}]}]}},"_links":{"self":[{"href":"https:\/\/gihat.org\/index.php\/wp-json\/wp\/v2\/pages\/462"}],"collection":[{"href":"https:\/\/gihat.org\/index.php\/wp-json\/wp\/v2\/pages"}],"about":[{"href":"https:\/\/gihat.org\/index.php\/wp-json\/wp\/v2\/types\/page"}],"author":[{"embeddable":true,"href":"https:\/\/gihat.org\/index.php\/wp-json\/wp\/v2\/users\/1"}],"replies":[{"embeddable":true,"href":"https:\/\/gihat.org\/index.php\/wp-json\/wp\/v2\/comments?post=462"}],"version-history":[{"count":2,"href":"https:\/\/gihat.org\/index.php\/wp-json\/wp\/v2\/pages\/462\/revisions"}],"predecessor-version":[{"id":504,"href":"https:\/\/gihat.org\/index.php\/wp-json\/wp\/v2\/pages\/462\/revisions\/504"}],"up":[{"embeddable":true,"href":"https:\/\/gihat.org\/index.php\/wp-json\/wp\/v2\/pages\/80"}],"wp:attachment":[{"href":"https:\/\/gihat.org\/index.php\/wp-json\/wp\/v2\/media?parent=462"}],"curies":[{"name":"wp","href":"https:\/\/api.w.org\/{rel}","templated":true}]}}