{"id":465,"date":"2024-11-05T13:02:51","date_gmt":"2024-11-05T12:02:51","guid":{"rendered":"https:\/\/gihat.org\/?page_id=465"},"modified":"2024-11-05T13:02:52","modified_gmt":"2024-11-05T12:02:52","slug":"diego-silverio-saavedra-lara","status":"publish","type":"page","link":"https:\/\/gihat.org\/index.php\/participantes\/diego-silverio-saavedra-lara\/","title":{"rendered":"Diego Silverio Saavedra Lara"},"content":{"rendered":"\n<div class=\"wp-block-media-text alignwide is-stacked-on-mobile is-vertically-aligned-top is-style-default has-white-background-color has-background\" style=\"grid-template-columns:39% auto\"><figure class=\"wp-block-media-text__media\"><img loading=\"lazy\" width=\"500\" height=\"500\" src=\"https:\/\/gihat.org\/wp-content\/uploads\/2024\/11\/Diego-Silverio-Saavedra.jpg\" alt=\"\" class=\"wp-image-466 size-full\" srcset=\"https:\/\/gihat.org\/wp-content\/uploads\/2024\/11\/Diego-Silverio-Saavedra.jpg 500w, https:\/\/gihat.org\/wp-content\/uploads\/2024\/11\/Diego-Silverio-Saavedra-300x300.jpg 300w, https:\/\/gihat.org\/wp-content\/uploads\/2024\/11\/Diego-Silverio-Saavedra-150x150.jpg 150w\" sizes=\"(max-width: 500px) 100vw, 500px\" \/><\/figure><div class=\"wp-block-media-text__content\">\n<p><\/p>\n\n\n\n<p>(Universidad Aut\u00f3noma de Baja California)<\/p>\n\n\n\n<p>Maestro en Historia por el Instituto de Investigaciones Hist\u00f3ricas de la Universidad Aut\u00f3noma de Baja California, titulado con menci\u00f3n honor\u00edfica. En 2024 su tesis de maestr\u00eda \u00abNuestra patria es el mundo entero, nuestra ley la libertad. Internacionalismo, redes y prensa anarquista en la frontera M\u00e9xico- Estados Unidos, 1896-1920\u00bb&nbsp;fue galardonada por el Instituto Nacional de Estudios Hist\u00f3ricos de las Revoluciones de M\u00e9xico (INEHRM) con el premio Berta Ulloa a la mejor tesis de Historia Internacional.&nbsp; Actualmente se desempe\u00f1a como catedr\u00e1tico en la Facultad de Humanidades y Ciencias Sociales de la Universidad Aut\u00f3noma de Baja California.&nbsp;<\/p>\n<\/div><\/div>\n\n\n\n<p><\/p>\n","protected":false},"excerpt":{"rendered":"<p>(Universidad Aut\u00f3noma de Baja California) Maestro en Historia por el Instituto de Investigaciones Hist\u00f3ricas de la Universidad Aut\u00f3noma de Baja California, titulado con menci\u00f3n honor\u00edfica. En 2024 su tesis de maestr\u00eda \u00abNuestra patria es el mundo entero, nuestra ley la libertad. Internacionalismo, redes y prensa anarquista en la frontera M\u00e9xico- Estados Unidos, 1896-1920\u00bb&nbsp;fue galardonada por&hellip;&nbsp;<a href=\"https:\/\/gihat.org\/index.php\/participantes\/diego-silverio-saavedra-lara\/\" class=\"\" rel=\"bookmark\">Leer m\u00e1s &raquo;<span class=\"screen-reader-text\">Diego Silverio Saavedra Lara<\/span><\/a><\/p>\n","protected":false},"author":1,"featured_media":0,"parent":80,"menu_order":0,"comment_status":"closed","ping_status":"closed","template":"","meta":{"neve_meta_sidebar":"default","neve_meta_container":"","neve_meta_enable_content_width":"off","neve_meta_content_width":59,"neve_meta_title_alignment":"","neve_meta_author_avatar":"","neve_post_elements_order":"","neve_meta_disable_header":"off","neve_meta_disable_footer":"","neve_meta_disable_title":"off"},"yoast_head":"<!-- This site is optimized with the Yoast SEO plugin v18.4.1 - https:\/\/yoast.com\/wordpress\/plugins\/seo\/ -->\n<title>Diego Silverio Saavedra Lara -<\/title>\n<meta name=\"robots\" content=\"index, follow, max-snippet:-1, max-image-preview:large, max-video-preview:-1\" \/>\n<link rel=\"canonical\" href=\"https:\/\/gihat.org\/index.php\/participantes\/diego-silverio-saavedra-lara\/\" \/>\n<meta property=\"og:locale\" content=\"es_ES\" \/>\n<meta property=\"og:type\" content=\"article\" \/>\n<meta property=\"og:title\" content=\"Diego Silverio Saavedra Lara -\" \/>\n<meta property=\"og:description\" content=\"(Universidad Aut\u00f3noma de Baja California) Maestro en Historia por el Instituto de Investigaciones Hist\u00f3ricas de la Universidad Aut\u00f3noma de Baja California, titulado con menci\u00f3n honor\u00edfica. En 2024 su tesis de maestr\u00eda \u00abNuestra patria es el mundo entero, nuestra ley la libertad. Internacionalismo, redes y prensa anarquista en la frontera M\u00e9xico- Estados Unidos, 1896-1920\u00bb&nbsp;fue galardonada por&hellip;&nbsp;Leer m\u00e1s &raquo;Diego Silverio Saavedra Lara\" \/>\n<meta property=\"og:url\" content=\"https:\/\/gihat.org\/index.php\/participantes\/diego-silverio-saavedra-lara\/\" \/>\n<meta property=\"article:modified_time\" content=\"2024-11-05T12:02:52+00:00\" \/>\n<meta property=\"og:image\" content=\"https:\/\/gihat.org\/wp-content\/uploads\/2024\/11\/Diego-Silverio-Saavedra.jpg\" \/>\n<meta name=\"twitter:card\" content=\"summary_large_image\" \/>\n<meta name=\"twitter:label1\" content=\"Tiempo de lectura\" \/>\n\t<meta name=\"twitter:data1\" content=\"1 minuto\" \/>\n<script type=\"application\/ld+json\" class=\"yoast-schema-graph\">{\"@context\":\"https:\/\/schema.org\",\"@graph\":[{\"@type\":\"Organization\",\"@id\":\"https:\/\/gihat.org\/#organization\",\"name\":\"GIHAT, Grupo de Investigaci\u00f3n de Historia del Anarquismo Transnacional\",\"url\":\"https:\/\/gihat.org\/\",\"sameAs\":[],\"logo\":{\"@type\":\"ImageObject\",\"@id\":\"https:\/\/gihat.org\/#logo\",\"inLanguage\":\"es\",\"url\":\"http:\/\/gihat.org\/wp-content\/uploads\/2021\/04\/cropped-Gihat-Logo-2.gif\",\"contentUrl\":\"http:\/\/gihat.org\/wp-content\/uploads\/2021\/04\/cropped-Gihat-Logo-2.gif\",\"width\":282,\"height\":90,\"caption\":\"GIHAT, Grupo de Investigaci\u00f3n de Historia del Anarquismo Transnacional\"},\"image\":{\"@id\":\"https:\/\/gihat.org\/#logo\"}},{\"@type\":\"WebSite\",\"@id\":\"https:\/\/gihat.org\/#website\",\"url\":\"https:\/\/gihat.org\/\",\"name\":\"\",\"description\":\"\",\"publisher\":{\"@id\":\"https:\/\/gihat.org\/#organization\"},\"potentialAction\":[{\"@type\":\"SearchAction\",\"target\":{\"@type\":\"EntryPoint\",\"urlTemplate\":\"https:\/\/gihat.org\/?s={search_term_string}\"},\"query-input\":\"required name=search_term_string\"}],\"inLanguage\":\"es\"},{\"@type\":\"ImageObject\",\"@id\":\"https:\/\/gihat.org\/index.php\/participantes\/diego-silverio-saavedra-lara\/#primaryimage\",\"inLanguage\":\"es\",\"url\":\"https:\/\/gihat.org\/wp-content\/uploads\/2024\/11\/Diego-Silverio-Saavedra.jpg\",\"contentUrl\":\"https:\/\/gihat.org\/wp-content\/uploads\/2024\/11\/Diego-Silverio-Saavedra.jpg\"},{\"@type\":\"WebPage\",\"@id\":\"https:\/\/gihat.org\/index.php\/participantes\/diego-silverio-saavedra-lara\/#webpage\",\"url\":\"https:\/\/gihat.org\/index.php\/participantes\/diego-silverio-saavedra-lara\/\",\"name\":\"Diego Silverio Saavedra Lara -\",\"isPartOf\":{\"@id\":\"https:\/\/gihat.org\/#website\"},\"primaryImageOfPage\":{\"@id\":\"https:\/\/gihat.org\/index.php\/participantes\/diego-silverio-saavedra-lara\/#primaryimage\"},\"datePublished\":\"2024-11-05T12:02:51+00:00\",\"dateModified\":\"2024-11-05T12:02:52+00:00\",\"breadcrumb\":{\"@id\":\"https:\/\/gihat.org\/index.php\/participantes\/diego-silverio-saavedra-lara\/#breadcrumb\"},\"inLanguage\":\"es\",\"potentialAction\":[{\"@type\":\"ReadAction\",\"target\":[\"https:\/\/gihat.org\/index.php\/participantes\/diego-silverio-saavedra-lara\/\"]}]},{\"@type\":\"BreadcrumbList\",\"@id\":\"https:\/\/gihat.org\/index.php\/participantes\/diego-silverio-saavedra-lara\/#breadcrumb\",\"itemListElement\":[{\"@type\":\"ListItem\",\"position\":1,\"name\":\"Portada\",\"item\":\"https:\/\/gihat.org\/\"},{\"@type\":\"ListItem\",\"position\":2,\"name\":\"Participantes\",\"item\":\"https:\/\/gihat.org\/index.php\/participantes\/\"},{\"@type\":\"ListItem\",\"position\":3,\"name\":\"Diego Silverio Saavedra Lara\"}]}]}<\/script>\n<!-- \/ Yoast SEO plugin. -->","yoast_head_json":{"title":"Diego Silverio Saavedra Lara -","robots":{"index":"index","follow":"follow","max-snippet":"max-snippet:-1","max-image-preview":"max-image-preview:large","max-video-preview":"max-video-preview:-1"},"canonical":"https:\/\/gihat.org\/index.php\/participantes\/diego-silverio-saavedra-lara\/","og_locale":"es_ES","og_type":"article","og_title":"Diego Silverio Saavedra Lara -","og_description":"(Universidad Aut\u00f3noma de Baja California) Maestro en Historia por el Instituto de Investigaciones Hist\u00f3ricas de la Universidad Aut\u00f3noma de Baja California, titulado con menci\u00f3n honor\u00edfica. En 2024 su tesis de maestr\u00eda \u00abNuestra patria es el mundo entero, nuestra ley la libertad. Internacionalismo, redes y prensa anarquista en la frontera M\u00e9xico- Estados Unidos, 1896-1920\u00bb&nbsp;fue galardonada por&hellip;&nbsp;Leer m\u00e1s &raquo;Diego Silverio Saavedra Lara","og_url":"https:\/\/gihat.org\/index.php\/participantes\/diego-silverio-saavedra-lara\/","article_modified_time":"2024-11-05T12:02:52+00:00","og_image":[{"url":"https:\/\/gihat.org\/wp-content\/uploads\/2024\/11\/Diego-Silverio-Saavedra.jpg"}],"twitter_card":"summary_large_image","twitter_misc":{"Tiempo de lectura":"1 minuto"},"schema":{"@context":"https:\/\/schema.org","@graph":[{"@type":"Organization","@id":"https:\/\/gihat.org\/#organization","name":"GIHAT, Grupo de Investigaci\u00f3n de Historia del Anarquismo Transnacional","url":"https:\/\/gihat.org\/","sameAs":[],"logo":{"@type":"ImageObject","@id":"https:\/\/gihat.org\/#logo","inLanguage":"es","url":"http:\/\/gihat.org\/wp-content\/uploads\/2021\/04\/cropped-Gihat-Logo-2.gif","contentUrl":"http:\/\/gihat.org\/wp-content\/uploads\/2021\/04\/cropped-Gihat-Logo-2.gif","width":282,"height":90,"caption":"GIHAT, Grupo de Investigaci\u00f3n de Historia del Anarquismo Transnacional"},"image":{"@id":"https:\/\/gihat.org\/#logo"}},{"@type":"WebSite","@id":"https:\/\/gihat.org\/#website","url":"https:\/\/gihat.org\/","name":"","description":"","publisher":{"@id":"https:\/\/gihat.org\/#organization"},"potentialAction":[{"@type":"SearchAction","target":{"@type":"EntryPoint","urlTemplate":"https:\/\/gihat.org\/?s={search_term_string}"},"query-input":"required name=search_term_string"}],"inLanguage":"es"},{"@type":"ImageObject","@id":"https:\/\/gihat.org\/index.php\/participantes\/diego-silverio-saavedra-lara\/#primaryimage","inLanguage":"es","url":"https:\/\/gihat.org\/wp-content\/uploads\/2024\/11\/Diego-Silverio-Saavedra.jpg","contentUrl":"https:\/\/gihat.org\/wp-content\/uploads\/2024\/11\/Diego-Silverio-Saavedra.jpg"},{"@type":"WebPage","@id":"https:\/\/gihat.org\/index.php\/participantes\/diego-silverio-saavedra-lara\/#webpage","url":"https:\/\/gihat.org\/index.php\/participantes\/diego-silverio-saavedra-lara\/","name":"Diego Silverio Saavedra Lara -","isPartOf":{"@id":"https:\/\/gihat.org\/#website"},"primaryImageOfPage":{"@id":"https:\/\/gihat.org\/index.php\/participantes\/diego-silverio-saavedra-lara\/#primaryimage"},"datePublished":"2024-11-05T12:02:51+00:00","dateModified":"2024-11-05T12:02:52+00:00","breadcrumb":{"@id":"https:\/\/gihat.org\/index.php\/participantes\/diego-silverio-saavedra-lara\/#breadcrumb"},"inLanguage":"es","potentialAction":[{"@type":"ReadAction","target":["https:\/\/gihat.org\/index.php\/participantes\/diego-silverio-saavedra-lara\/"]}]},{"@type":"BreadcrumbList","@id":"https:\/\/gihat.org\/index.php\/participantes\/diego-silverio-saavedra-lara\/#breadcrumb","itemListElement":[{"@type":"ListItem","position":1,"name":"Portada","item":"https:\/\/gihat.org\/"},{"@type":"ListItem","position":2,"name":"Participantes","item":"https:\/\/gihat.org\/index.php\/participantes\/"},{"@type":"ListItem","position":3,"name":"Diego Silverio Saavedra Lara"}]}]}},"_links":{"self":[{"href":"https:\/\/gihat.org\/index.php\/wp-json\/wp\/v2\/pages\/465"}],"collection":[{"href":"https:\/\/gihat.org\/index.php\/wp-json\/wp\/v2\/pages"}],"about":[{"href":"https:\/\/gihat.org\/index.php\/wp-json\/wp\/v2\/types\/page"}],"author":[{"embeddable":true,"href":"https:\/\/gihat.org\/index.php\/wp-json\/wp\/v2\/users\/1"}],"replies":[{"embeddable":true,"href":"https:\/\/gihat.org\/index.php\/wp-json\/wp\/v2\/comments?post=465"}],"version-history":[{"count":1,"href":"https:\/\/gihat.org\/index.php\/wp-json\/wp\/v2\/pages\/465\/revisions"}],"predecessor-version":[{"id":467,"href":"https:\/\/gihat.org\/index.php\/wp-json\/wp\/v2\/pages\/465\/revisions\/467"}],"up":[{"embeddable":true,"href":"https:\/\/gihat.org\/index.php\/wp-json\/wp\/v2\/pages\/80"}],"wp:attachment":[{"href":"https:\/\/gihat.org\/index.php\/wp-json\/wp\/v2\/media?parent=465"}],"curies":[{"name":"wp","href":"https:\/\/api.w.org\/{rel}","templated":true}]}}