{"id":493,"date":"2024-11-05T13:53:34","date_gmt":"2024-11-05T12:53:34","guid":{"rendered":"https:\/\/gihat.org\/?page_id=493"},"modified":"2024-11-14T20:07:11","modified_gmt":"2024-11-14T19:07:11","slug":"isabelle-felici-2","status":"publish","type":"page","link":"https:\/\/gihat.org\/index.php\/participantes\/isabelle-felici-2\/","title":{"rendered":"Isabelle Felici"},"content":{"rendered":"\n<div class=\"wp-block-media-text alignwide is-stacked-on-mobile is-vertically-aligned-top is-style-default has-white-background-color has-background\" style=\"grid-template-columns:39% auto\"><figure class=\"wp-block-media-text__media\"><img loading=\"lazy\" width=\"500\" height=\"500\" src=\"http:\/\/gihat.org\/wp-content\/uploads\/2024\/11\/Isabelle-Felici-2.jpg\" alt=\"\" class=\"wp-image-524 size-full\" srcset=\"https:\/\/gihat.org\/wp-content\/uploads\/2024\/11\/Isabelle-Felici-2.jpg 500w, https:\/\/gihat.org\/wp-content\/uploads\/2024\/11\/Isabelle-Felici-2-300x300.jpg 300w, https:\/\/gihat.org\/wp-content\/uploads\/2024\/11\/Isabelle-Felici-2-150x150.jpg 150w\" sizes=\"(max-width: 500px) 100vw, 500px\" \/><\/figure><div class=\"wp-block-media-text__content\">\n<p><\/p>\n\n\n\n<p>(Universidad Paul-Val\u00e9ry, Montpellier)<\/p>\n\n\n\n<p>Es catedr\u00e1tica de estudios italianos en la universidad Paul-Val\u00e9ry de Montpellier. Sus investigaciones se centran en las manifestaciones culturales y pol\u00edticas de la migraci\u00f3n en la Italia en los siglos XIX y XXI. En particular, ha trabajado sobre los anarquistas italianos en Brasil, con una tesis doctoral sobre la prensa anarquista en lengua italiana en S\u00e3o Paulo (1890-1920). Sobre el tema del anarquismo en el exilio, por l\u2019Atelier de cr\u00e9ation libertaire de Lyon, public\u00f3\u00a0<em>La Cecilia. Histoire d&#8217;une communaut\u00e9 anarchiste et de son fondateur Giovanni Rossi<\/em>\u00a0en 2001 y, en 2009,\u00a0<em>Po\u00e9sie d&#8217;un rebelle. Gigi Damiani, po\u00e8te, anarchiste, \u00e9migr\u00e9<\/em>. Su obra m\u00e1s reciente incluye\u00a0<em>Un Brassens ai margini. Brassens oriundo italiano e anarchico<\/em>, La Fiaccola, Ragusa, 2023 y el volumen colectivo,\u00a0<em>Anarchisme en M\u00e9diterran\u00e9e orientale et m\u00e9ridionale (1860-1920)<\/em>, en colaboraci\u00f3n con Costantino Paonessa. Su investigaci\u00f3n actual se centra en la prensa anarquista en lengua italiana publicada en Francia y los pa\u00edses franc\u00f3fonos (1870-1950).\u00a0<\/p>\n\n\n\n<p style=\"font-size:15px\"><em>Foto: Les yeux de Lo<\/em><\/p>\n<\/div><\/div>\n\n\n\n<p><\/p>\n\n\n\n<p><\/p>\n","protected":false},"excerpt":{"rendered":"<p>(Universidad Paul-Val\u00e9ry, Montpellier) Es catedr\u00e1tica de estudios italianos en la universidad Paul-Val\u00e9ry de Montpellier. Sus investigaciones se centran en las manifestaciones culturales y pol\u00edticas de la migraci\u00f3n en la Italia en los siglos XIX y XXI. En particular, ha trabajado sobre los anarquistas italianos en Brasil, con una tesis doctoral sobre la prensa anarquista en&hellip;&nbsp;<a href=\"https:\/\/gihat.org\/index.php\/participantes\/isabelle-felici-2\/\" class=\"\" rel=\"bookmark\">Leer m\u00e1s &raquo;<span class=\"screen-reader-text\">Isabelle Felici<\/span><\/a><\/p>\n","protected":false},"author":1,"featured_media":0,"parent":80,"menu_order":0,"comment_status":"closed","ping_status":"closed","template":"","meta":{"neve_meta_sidebar":"default","neve_meta_container":"","neve_meta_enable_content_width":"off","neve_meta_content_width":59,"neve_meta_title_alignment":"","neve_meta_author_avatar":"","neve_post_elements_order":"","neve_meta_disable_header":"off","neve_meta_disable_footer":"","neve_meta_disable_title":"off"},"yoast_head":"<!-- This site is optimized with the Yoast SEO plugin v18.4.1 - https:\/\/yoast.com\/wordpress\/plugins\/seo\/ -->\n<title>Isabelle Felici -<\/title>\n<meta name=\"robots\" content=\"index, follow, max-snippet:-1, max-image-preview:large, max-video-preview:-1\" \/>\n<link rel=\"canonical\" href=\"https:\/\/gihat.org\/index.php\/participantes\/isabelle-felici-2\/\" \/>\n<meta property=\"og:locale\" content=\"es_ES\" \/>\n<meta property=\"og:type\" content=\"article\" \/>\n<meta property=\"og:title\" content=\"Isabelle Felici -\" \/>\n<meta property=\"og:description\" content=\"(Universidad Paul-Val\u00e9ry, Montpellier) Es catedr\u00e1tica de estudios italianos en la universidad Paul-Val\u00e9ry de Montpellier. Sus investigaciones se centran en las manifestaciones culturales y pol\u00edticas de la migraci\u00f3n en la Italia en los siglos XIX y XXI. En particular, ha trabajado sobre los anarquistas italianos en Brasil, con una tesis doctoral sobre la prensa anarquista en&hellip;&nbsp;Leer m\u00e1s &raquo;Isabelle Felici\" \/>\n<meta property=\"og:url\" content=\"https:\/\/gihat.org\/index.php\/participantes\/isabelle-felici-2\/\" \/>\n<meta property=\"article:modified_time\" content=\"2024-11-14T19:07:11+00:00\" \/>\n<meta property=\"og:image\" content=\"http:\/\/gihat.org\/wp-content\/uploads\/2024\/11\/Isabelle-Felici-2.jpg\" \/>\n<meta name=\"twitter:card\" content=\"summary_large_image\" \/>\n<meta name=\"twitter:label1\" content=\"Tiempo de lectura\" \/>\n\t<meta name=\"twitter:data1\" content=\"1 minuto\" \/>\n<script type=\"application\/ld+json\" class=\"yoast-schema-graph\">{\"@context\":\"https:\/\/schema.org\",\"@graph\":[{\"@type\":\"Organization\",\"@id\":\"https:\/\/gihat.org\/#organization\",\"name\":\"GIHAT, Grupo de Investigaci\u00f3n de Historia del Anarquismo Transnacional\",\"url\":\"https:\/\/gihat.org\/\",\"sameAs\":[],\"logo\":{\"@type\":\"ImageObject\",\"@id\":\"https:\/\/gihat.org\/#logo\",\"inLanguage\":\"es\",\"url\":\"http:\/\/gihat.org\/wp-content\/uploads\/2021\/04\/cropped-Gihat-Logo-2.gif\",\"contentUrl\":\"http:\/\/gihat.org\/wp-content\/uploads\/2021\/04\/cropped-Gihat-Logo-2.gif\",\"width\":282,\"height\":90,\"caption\":\"GIHAT, Grupo de Investigaci\u00f3n de Historia del Anarquismo Transnacional\"},\"image\":{\"@id\":\"https:\/\/gihat.org\/#logo\"}},{\"@type\":\"WebSite\",\"@id\":\"https:\/\/gihat.org\/#website\",\"url\":\"https:\/\/gihat.org\/\",\"name\":\"\",\"description\":\"\",\"publisher\":{\"@id\":\"https:\/\/gihat.org\/#organization\"},\"potentialAction\":[{\"@type\":\"SearchAction\",\"target\":{\"@type\":\"EntryPoint\",\"urlTemplate\":\"https:\/\/gihat.org\/?s={search_term_string}\"},\"query-input\":\"required name=search_term_string\"}],\"inLanguage\":\"es\"},{\"@type\":\"ImageObject\",\"@id\":\"https:\/\/gihat.org\/index.php\/participantes\/isabelle-felici-2\/#primaryimage\",\"inLanguage\":\"es\",\"url\":\"https:\/\/gihat.org\/wp-content\/uploads\/2024\/11\/Isabelle-Felici-2.jpg\",\"contentUrl\":\"https:\/\/gihat.org\/wp-content\/uploads\/2024\/11\/Isabelle-Felici-2.jpg\",\"width\":500,\"height\":500},{\"@type\":\"WebPage\",\"@id\":\"https:\/\/gihat.org\/index.php\/participantes\/isabelle-felici-2\/#webpage\",\"url\":\"https:\/\/gihat.org\/index.php\/participantes\/isabelle-felici-2\/\",\"name\":\"Isabelle Felici -\",\"isPartOf\":{\"@id\":\"https:\/\/gihat.org\/#website\"},\"primaryImageOfPage\":{\"@id\":\"https:\/\/gihat.org\/index.php\/participantes\/isabelle-felici-2\/#primaryimage\"},\"datePublished\":\"2024-11-05T12:53:34+00:00\",\"dateModified\":\"2024-11-14T19:07:11+00:00\",\"breadcrumb\":{\"@id\":\"https:\/\/gihat.org\/index.php\/participantes\/isabelle-felici-2\/#breadcrumb\"},\"inLanguage\":\"es\",\"potentialAction\":[{\"@type\":\"ReadAction\",\"target\":[\"https:\/\/gihat.org\/index.php\/participantes\/isabelle-felici-2\/\"]}]},{\"@type\":\"BreadcrumbList\",\"@id\":\"https:\/\/gihat.org\/index.php\/participantes\/isabelle-felici-2\/#breadcrumb\",\"itemListElement\":[{\"@type\":\"ListItem\",\"position\":1,\"name\":\"Portada\",\"item\":\"https:\/\/gihat.org\/\"},{\"@type\":\"ListItem\",\"position\":2,\"name\":\"Participantes\",\"item\":\"https:\/\/gihat.org\/index.php\/participantes\/\"},{\"@type\":\"ListItem\",\"position\":3,\"name\":\"Isabelle Felici\"}]}]}<\/script>\n<!-- \/ Yoast SEO plugin. -->","yoast_head_json":{"title":"Isabelle Felici -","robots":{"index":"index","follow":"follow","max-snippet":"max-snippet:-1","max-image-preview":"max-image-preview:large","max-video-preview":"max-video-preview:-1"},"canonical":"https:\/\/gihat.org\/index.php\/participantes\/isabelle-felici-2\/","og_locale":"es_ES","og_type":"article","og_title":"Isabelle Felici -","og_description":"(Universidad Paul-Val\u00e9ry, Montpellier) Es catedr\u00e1tica de estudios italianos en la universidad Paul-Val\u00e9ry de Montpellier. Sus investigaciones se centran en las manifestaciones culturales y pol\u00edticas de la migraci\u00f3n en la Italia en los siglos XIX y XXI. En particular, ha trabajado sobre los anarquistas italianos en Brasil, con una tesis doctoral sobre la prensa anarquista en&hellip;&nbsp;Leer m\u00e1s &raquo;Isabelle Felici","og_url":"https:\/\/gihat.org\/index.php\/participantes\/isabelle-felici-2\/","article_modified_time":"2024-11-14T19:07:11+00:00","og_image":[{"url":"http:\/\/gihat.org\/wp-content\/uploads\/2024\/11\/Isabelle-Felici-2.jpg"}],"twitter_card":"summary_large_image","twitter_misc":{"Tiempo de lectura":"1 minuto"},"schema":{"@context":"https:\/\/schema.org","@graph":[{"@type":"Organization","@id":"https:\/\/gihat.org\/#organization","name":"GIHAT, Grupo de Investigaci\u00f3n de Historia del Anarquismo Transnacional","url":"https:\/\/gihat.org\/","sameAs":[],"logo":{"@type":"ImageObject","@id":"https:\/\/gihat.org\/#logo","inLanguage":"es","url":"http:\/\/gihat.org\/wp-content\/uploads\/2021\/04\/cropped-Gihat-Logo-2.gif","contentUrl":"http:\/\/gihat.org\/wp-content\/uploads\/2021\/04\/cropped-Gihat-Logo-2.gif","width":282,"height":90,"caption":"GIHAT, Grupo de Investigaci\u00f3n de Historia del Anarquismo Transnacional"},"image":{"@id":"https:\/\/gihat.org\/#logo"}},{"@type":"WebSite","@id":"https:\/\/gihat.org\/#website","url":"https:\/\/gihat.org\/","name":"","description":"","publisher":{"@id":"https:\/\/gihat.org\/#organization"},"potentialAction":[{"@type":"SearchAction","target":{"@type":"EntryPoint","urlTemplate":"https:\/\/gihat.org\/?s={search_term_string}"},"query-input":"required name=search_term_string"}],"inLanguage":"es"},{"@type":"ImageObject","@id":"https:\/\/gihat.org\/index.php\/participantes\/isabelle-felici-2\/#primaryimage","inLanguage":"es","url":"https:\/\/gihat.org\/wp-content\/uploads\/2024\/11\/Isabelle-Felici-2.jpg","contentUrl":"https:\/\/gihat.org\/wp-content\/uploads\/2024\/11\/Isabelle-Felici-2.jpg","width":500,"height":500},{"@type":"WebPage","@id":"https:\/\/gihat.org\/index.php\/participantes\/isabelle-felici-2\/#webpage","url":"https:\/\/gihat.org\/index.php\/participantes\/isabelle-felici-2\/","name":"Isabelle Felici -","isPartOf":{"@id":"https:\/\/gihat.org\/#website"},"primaryImageOfPage":{"@id":"https:\/\/gihat.org\/index.php\/participantes\/isabelle-felici-2\/#primaryimage"},"datePublished":"2024-11-05T12:53:34+00:00","dateModified":"2024-11-14T19:07:11+00:00","breadcrumb":{"@id":"https:\/\/gihat.org\/index.php\/participantes\/isabelle-felici-2\/#breadcrumb"},"inLanguage":"es","potentialAction":[{"@type":"ReadAction","target":["https:\/\/gihat.org\/index.php\/participantes\/isabelle-felici-2\/"]}]},{"@type":"BreadcrumbList","@id":"https:\/\/gihat.org\/index.php\/participantes\/isabelle-felici-2\/#breadcrumb","itemListElement":[{"@type":"ListItem","position":1,"name":"Portada","item":"https:\/\/gihat.org\/"},{"@type":"ListItem","position":2,"name":"Participantes","item":"https:\/\/gihat.org\/index.php\/participantes\/"},{"@type":"ListItem","position":3,"name":"Isabelle Felici"}]}]}},"_links":{"self":[{"href":"https:\/\/gihat.org\/index.php\/wp-json\/wp\/v2\/pages\/493"}],"collection":[{"href":"https:\/\/gihat.org\/index.php\/wp-json\/wp\/v2\/pages"}],"about":[{"href":"https:\/\/gihat.org\/index.php\/wp-json\/wp\/v2\/types\/page"}],"author":[{"embeddable":true,"href":"https:\/\/gihat.org\/index.php\/wp-json\/wp\/v2\/users\/1"}],"replies":[{"embeddable":true,"href":"https:\/\/gihat.org\/index.php\/wp-json\/wp\/v2\/comments?post=493"}],"version-history":[{"count":4,"href":"https:\/\/gihat.org\/index.php\/wp-json\/wp\/v2\/pages\/493\/revisions"}],"predecessor-version":[{"id":531,"href":"https:\/\/gihat.org\/index.php\/wp-json\/wp\/v2\/pages\/493\/revisions\/531"}],"up":[{"embeddable":true,"href":"https:\/\/gihat.org\/index.php\/wp-json\/wp\/v2\/pages\/80"}],"wp:attachment":[{"href":"https:\/\/gihat.org\/index.php\/wp-json\/wp\/v2\/media?parent=493"}],"curies":[{"name":"wp","href":"https:\/\/api.w.org\/{rel}","templated":true}]}}