{"id":509,"date":"2024-11-05T17:29:26","date_gmt":"2024-11-05T16:29:26","guid":{"rendered":"https:\/\/gihat.org\/?page_id=509"},"modified":"2024-11-05T17:29:27","modified_gmt":"2024-11-05T16:29:27","slug":"vicent-bellver-loizaga-2","status":"publish","type":"page","link":"https:\/\/gihat.org\/index.php\/participantes\/vicent-bellver-loizaga-2\/","title":{"rendered":"Vicent Bellver Loizaga"},"content":{"rendered":"\n<div class=\"wp-block-media-text alignwide is-stacked-on-mobile is-vertically-aligned-top is-style-default has-white-background-color has-background\" style=\"grid-template-columns:39% auto\"><figure class=\"wp-block-media-text__media\"><img loading=\"lazy\" width=\"500\" height=\"500\" src=\"http:\/\/gihat.org\/wp-content\/uploads\/2024\/11\/Vicent-Bellver-Loizaga.jpg\" alt=\"\" class=\"wp-image-506 size-full\" srcset=\"https:\/\/gihat.org\/wp-content\/uploads\/2024\/11\/Vicent-Bellver-Loizaga.jpg 500w, https:\/\/gihat.org\/wp-content\/uploads\/2024\/11\/Vicent-Bellver-Loizaga-300x300.jpg 300w, https:\/\/gihat.org\/wp-content\/uploads\/2024\/11\/Vicent-Bellver-Loizaga-150x150.jpg 150w\" sizes=\"(max-width: 500px) 100vw, 500px\" \/><\/figure><div class=\"wp-block-media-text__content\">\n<p><\/p>\n\n\n\n<p>(Val\u00e8ncia, 1989). Es licenciado en Historia (2012), m\u00e1ster en Historia contempor\u00e1nea (2013), en Profesor de educaci\u00f3n secundaria (2019), en investigaci\u00f3n en Did\u00e1cticas espec\u00edficas (2022), doctor en Historia contempor\u00e1nea con menci\u00f3n internacional (2019) y, en la actualidad, est\u00e1 form\u00e1ndose como sex\u00f3logo por la Universidad de Alcal\u00e1 de Henares.<\/p>\n\n\n\n<p>Su tesis doctoral se centr\u00f3 en la experiencia y la memoria de la militancia anarquista y anarcosindicalista durante las d\u00e9cadas de 1970 y 1980 a partir de la historia oral. Esta se public\u00f3 como libro en el a\u00f1o 2021 por la editorial Postmetropolis bajo el t\u00edtulo&nbsp;<em>Hilos rojinegros. El movimiento libertario en Val\u00e8ncia en el posfranquismo (c. 1968-c.1990)<\/em>. Tambi\u00e9n ha investigado sobre los movimientos radicales de las d\u00e9cadas de 1980 y 1990 y sobre las \u00abvidas posteriores\u00bb de la memoria revolucionaria, sobre todo de la relacionada con la II Rep\u00fablica y la Guerra civil, en el \u00faltimo tercio del siglo XX.<\/p>\n\n\n\n<p>Ha participado en diversos congresos nacionales e internacionales; en seminarios en diversas universidades espa\u00f1olas, tanto como ponente como relator, y es autor de art\u00edculos acad\u00e9micos y de divulgaci\u00f3n, entre ellos en revistas como&nbsp;<em>Ayer<\/em>&nbsp;e&nbsp;<em>Historia Social<\/em>. En los \u00faltimos a\u00f1os ha trabajado como profesor de Secundaria en el sistema p\u00fablico valenciano y, en la actualidad, disfruta de un contrato postdoctoral&nbsp;que se desarrolla en la Universit\u00e9 de Paris 8 Vincennes-Saint-Denis.<\/p>\n<\/div><\/div>\n\n\n\n<p><\/p>\n","protected":false},"excerpt":{"rendered":"<p>(Val\u00e8ncia, 1989). Es licenciado en Historia (2012), m\u00e1ster en Historia contempor\u00e1nea (2013), en Profesor de educaci\u00f3n secundaria (2019), en investigaci\u00f3n en Did\u00e1cticas espec\u00edficas (2022), doctor en Historia contempor\u00e1nea con menci\u00f3n internacional (2019) y, en la actualidad, est\u00e1 form\u00e1ndose como sex\u00f3logo por la Universidad de Alcal\u00e1 de Henares. Su tesis doctoral se centr\u00f3 en la experiencia&hellip;&nbsp;<a href=\"https:\/\/gihat.org\/index.php\/participantes\/vicent-bellver-loizaga-2\/\" class=\"\" rel=\"bookmark\">Leer m\u00e1s &raquo;<span class=\"screen-reader-text\">Vicent Bellver Loizaga<\/span><\/a><\/p>\n","protected":false},"author":1,"featured_media":0,"parent":80,"menu_order":0,"comment_status":"closed","ping_status":"closed","template":"","meta":{"neve_meta_sidebar":"default","neve_meta_container":"","neve_meta_enable_content_width":"off","neve_meta_content_width":59,"neve_meta_title_alignment":"","neve_meta_author_avatar":"","neve_post_elements_order":"","neve_meta_disable_header":"off","neve_meta_disable_footer":"","neve_meta_disable_title":"off"},"yoast_head":"<!-- This site is optimized with the Yoast SEO plugin v18.4.1 - https:\/\/yoast.com\/wordpress\/plugins\/seo\/ -->\n<title>Vicent Bellver Loizaga -<\/title>\n<meta name=\"robots\" content=\"index, follow, max-snippet:-1, max-image-preview:large, max-video-preview:-1\" \/>\n<link rel=\"canonical\" href=\"https:\/\/gihat.org\/index.php\/participantes\/vicent-bellver-loizaga-2\/\" \/>\n<meta property=\"og:locale\" content=\"es_ES\" \/>\n<meta property=\"og:type\" content=\"article\" \/>\n<meta property=\"og:title\" content=\"Vicent Bellver Loizaga -\" \/>\n<meta property=\"og:description\" content=\"(Val\u00e8ncia, 1989). Es licenciado en Historia (2012), m\u00e1ster en Historia contempor\u00e1nea (2013), en Profesor de educaci\u00f3n secundaria (2019), en investigaci\u00f3n en Did\u00e1cticas espec\u00edficas (2022), doctor en Historia contempor\u00e1nea con menci\u00f3n internacional (2019) y, en la actualidad, est\u00e1 form\u00e1ndose como sex\u00f3logo por la Universidad de Alcal\u00e1 de Henares. Su tesis doctoral se centr\u00f3 en la experiencia&hellip;&nbsp;Leer m\u00e1s &raquo;Vicent Bellver Loizaga\" \/>\n<meta property=\"og:url\" content=\"https:\/\/gihat.org\/index.php\/participantes\/vicent-bellver-loizaga-2\/\" \/>\n<meta property=\"article:modified_time\" content=\"2024-11-05T16:29:27+00:00\" \/>\n<meta property=\"og:image\" content=\"http:\/\/gihat.org\/wp-content\/uploads\/2024\/11\/Vicent-Bellver-Loizaga.jpg\" \/>\n<meta name=\"twitter:card\" content=\"summary_large_image\" \/>\n<meta name=\"twitter:label1\" content=\"Tiempo de lectura\" \/>\n\t<meta name=\"twitter:data1\" content=\"2 minutos\" \/>\n<script type=\"application\/ld+json\" class=\"yoast-schema-graph\">{\"@context\":\"https:\/\/schema.org\",\"@graph\":[{\"@type\":\"Organization\",\"@id\":\"https:\/\/gihat.org\/#organization\",\"name\":\"GIHAT, Grupo de Investigaci\u00f3n de Historia del Anarquismo Transnacional\",\"url\":\"https:\/\/gihat.org\/\",\"sameAs\":[],\"logo\":{\"@type\":\"ImageObject\",\"@id\":\"https:\/\/gihat.org\/#logo\",\"inLanguage\":\"es\",\"url\":\"http:\/\/gihat.org\/wp-content\/uploads\/2021\/04\/cropped-Gihat-Logo-2.gif\",\"contentUrl\":\"http:\/\/gihat.org\/wp-content\/uploads\/2021\/04\/cropped-Gihat-Logo-2.gif\",\"width\":282,\"height\":90,\"caption\":\"GIHAT, Grupo de Investigaci\u00f3n de Historia del Anarquismo Transnacional\"},\"image\":{\"@id\":\"https:\/\/gihat.org\/#logo\"}},{\"@type\":\"WebSite\",\"@id\":\"https:\/\/gihat.org\/#website\",\"url\":\"https:\/\/gihat.org\/\",\"name\":\"\",\"description\":\"\",\"publisher\":{\"@id\":\"https:\/\/gihat.org\/#organization\"},\"potentialAction\":[{\"@type\":\"SearchAction\",\"target\":{\"@type\":\"EntryPoint\",\"urlTemplate\":\"https:\/\/gihat.org\/?s={search_term_string}\"},\"query-input\":\"required name=search_term_string\"}],\"inLanguage\":\"es\"},{\"@type\":\"ImageObject\",\"@id\":\"https:\/\/gihat.org\/index.php\/participantes\/vicent-bellver-loizaga-2\/#primaryimage\",\"inLanguage\":\"es\",\"url\":\"https:\/\/gihat.org\/wp-content\/uploads\/2024\/11\/Vicent-Bellver-Loizaga.jpg\",\"contentUrl\":\"https:\/\/gihat.org\/wp-content\/uploads\/2024\/11\/Vicent-Bellver-Loizaga.jpg\",\"width\":500,\"height\":500},{\"@type\":\"WebPage\",\"@id\":\"https:\/\/gihat.org\/index.php\/participantes\/vicent-bellver-loizaga-2\/#webpage\",\"url\":\"https:\/\/gihat.org\/index.php\/participantes\/vicent-bellver-loizaga-2\/\",\"name\":\"Vicent Bellver Loizaga -\",\"isPartOf\":{\"@id\":\"https:\/\/gihat.org\/#website\"},\"primaryImageOfPage\":{\"@id\":\"https:\/\/gihat.org\/index.php\/participantes\/vicent-bellver-loizaga-2\/#primaryimage\"},\"datePublished\":\"2024-11-05T16:29:26+00:00\",\"dateModified\":\"2024-11-05T16:29:27+00:00\",\"breadcrumb\":{\"@id\":\"https:\/\/gihat.org\/index.php\/participantes\/vicent-bellver-loizaga-2\/#breadcrumb\"},\"inLanguage\":\"es\",\"potentialAction\":[{\"@type\":\"ReadAction\",\"target\":[\"https:\/\/gihat.org\/index.php\/participantes\/vicent-bellver-loizaga-2\/\"]}]},{\"@type\":\"BreadcrumbList\",\"@id\":\"https:\/\/gihat.org\/index.php\/participantes\/vicent-bellver-loizaga-2\/#breadcrumb\",\"itemListElement\":[{\"@type\":\"ListItem\",\"position\":1,\"name\":\"Portada\",\"item\":\"https:\/\/gihat.org\/\"},{\"@type\":\"ListItem\",\"position\":2,\"name\":\"Participantes\",\"item\":\"https:\/\/gihat.org\/index.php\/participantes\/\"},{\"@type\":\"ListItem\",\"position\":3,\"name\":\"Vicent Bellver Loizaga\"}]}]}<\/script>\n<!-- \/ Yoast SEO plugin. -->","yoast_head_json":{"title":"Vicent Bellver Loizaga -","robots":{"index":"index","follow":"follow","max-snippet":"max-snippet:-1","max-image-preview":"max-image-preview:large","max-video-preview":"max-video-preview:-1"},"canonical":"https:\/\/gihat.org\/index.php\/participantes\/vicent-bellver-loizaga-2\/","og_locale":"es_ES","og_type":"article","og_title":"Vicent Bellver Loizaga -","og_description":"(Val\u00e8ncia, 1989). Es licenciado en Historia (2012), m\u00e1ster en Historia contempor\u00e1nea (2013), en Profesor de educaci\u00f3n secundaria (2019), en investigaci\u00f3n en Did\u00e1cticas espec\u00edficas (2022), doctor en Historia contempor\u00e1nea con menci\u00f3n internacional (2019) y, en la actualidad, est\u00e1 form\u00e1ndose como sex\u00f3logo por la Universidad de Alcal\u00e1 de Henares. Su tesis doctoral se centr\u00f3 en la experiencia&hellip;&nbsp;Leer m\u00e1s &raquo;Vicent Bellver Loizaga","og_url":"https:\/\/gihat.org\/index.php\/participantes\/vicent-bellver-loizaga-2\/","article_modified_time":"2024-11-05T16:29:27+00:00","og_image":[{"url":"http:\/\/gihat.org\/wp-content\/uploads\/2024\/11\/Vicent-Bellver-Loizaga.jpg"}],"twitter_card":"summary_large_image","twitter_misc":{"Tiempo de lectura":"2 minutos"},"schema":{"@context":"https:\/\/schema.org","@graph":[{"@type":"Organization","@id":"https:\/\/gihat.org\/#organization","name":"GIHAT, Grupo de Investigaci\u00f3n de Historia del Anarquismo Transnacional","url":"https:\/\/gihat.org\/","sameAs":[],"logo":{"@type":"ImageObject","@id":"https:\/\/gihat.org\/#logo","inLanguage":"es","url":"http:\/\/gihat.org\/wp-content\/uploads\/2021\/04\/cropped-Gihat-Logo-2.gif","contentUrl":"http:\/\/gihat.org\/wp-content\/uploads\/2021\/04\/cropped-Gihat-Logo-2.gif","width":282,"height":90,"caption":"GIHAT, Grupo de Investigaci\u00f3n de Historia del Anarquismo Transnacional"},"image":{"@id":"https:\/\/gihat.org\/#logo"}},{"@type":"WebSite","@id":"https:\/\/gihat.org\/#website","url":"https:\/\/gihat.org\/","name":"","description":"","publisher":{"@id":"https:\/\/gihat.org\/#organization"},"potentialAction":[{"@type":"SearchAction","target":{"@type":"EntryPoint","urlTemplate":"https:\/\/gihat.org\/?s={search_term_string}"},"query-input":"required name=search_term_string"}],"inLanguage":"es"},{"@type":"ImageObject","@id":"https:\/\/gihat.org\/index.php\/participantes\/vicent-bellver-loizaga-2\/#primaryimage","inLanguage":"es","url":"https:\/\/gihat.org\/wp-content\/uploads\/2024\/11\/Vicent-Bellver-Loizaga.jpg","contentUrl":"https:\/\/gihat.org\/wp-content\/uploads\/2024\/11\/Vicent-Bellver-Loizaga.jpg","width":500,"height":500},{"@type":"WebPage","@id":"https:\/\/gihat.org\/index.php\/participantes\/vicent-bellver-loizaga-2\/#webpage","url":"https:\/\/gihat.org\/index.php\/participantes\/vicent-bellver-loizaga-2\/","name":"Vicent Bellver Loizaga -","isPartOf":{"@id":"https:\/\/gihat.org\/#website"},"primaryImageOfPage":{"@id":"https:\/\/gihat.org\/index.php\/participantes\/vicent-bellver-loizaga-2\/#primaryimage"},"datePublished":"2024-11-05T16:29:26+00:00","dateModified":"2024-11-05T16:29:27+00:00","breadcrumb":{"@id":"https:\/\/gihat.org\/index.php\/participantes\/vicent-bellver-loizaga-2\/#breadcrumb"},"inLanguage":"es","potentialAction":[{"@type":"ReadAction","target":["https:\/\/gihat.org\/index.php\/participantes\/vicent-bellver-loizaga-2\/"]}]},{"@type":"BreadcrumbList","@id":"https:\/\/gihat.org\/index.php\/participantes\/vicent-bellver-loizaga-2\/#breadcrumb","itemListElement":[{"@type":"ListItem","position":1,"name":"Portada","item":"https:\/\/gihat.org\/"},{"@type":"ListItem","position":2,"name":"Participantes","item":"https:\/\/gihat.org\/index.php\/participantes\/"},{"@type":"ListItem","position":3,"name":"Vicent Bellver Loizaga"}]}]}},"_links":{"self":[{"href":"https:\/\/gihat.org\/index.php\/wp-json\/wp\/v2\/pages\/509"}],"collection":[{"href":"https:\/\/gihat.org\/index.php\/wp-json\/wp\/v2\/pages"}],"about":[{"href":"https:\/\/gihat.org\/index.php\/wp-json\/wp\/v2\/types\/page"}],"author":[{"embeddable":true,"href":"https:\/\/gihat.org\/index.php\/wp-json\/wp\/v2\/users\/1"}],"replies":[{"embeddable":true,"href":"https:\/\/gihat.org\/index.php\/wp-json\/wp\/v2\/comments?post=509"}],"version-history":[{"count":1,"href":"https:\/\/gihat.org\/index.php\/wp-json\/wp\/v2\/pages\/509\/revisions"}],"predecessor-version":[{"id":510,"href":"https:\/\/gihat.org\/index.php\/wp-json\/wp\/v2\/pages\/509\/revisions\/510"}],"up":[{"embeddable":true,"href":"https:\/\/gihat.org\/index.php\/wp-json\/wp\/v2\/pages\/80"}],"wp:attachment":[{"href":"https:\/\/gihat.org\/index.php\/wp-json\/wp\/v2\/media?parent=509"}],"curies":[{"name":"wp","href":"https:\/\/api.w.org\/{rel}","templated":true}]}}