{"id":513,"date":"2024-11-07T11:06:36","date_gmt":"2024-11-07T10:06:36","guid":{"rendered":"https:\/\/gihat.org\/?page_id=513"},"modified":"2024-11-07T11:06:37","modified_gmt":"2024-11-07T10:06:37","slug":"juan-manuel-martin-garcia","status":"publish","type":"page","link":"https:\/\/gihat.org\/index.php\/participantes\/juan-manuel-martin-garcia\/","title":{"rendered":"Juan Manuel Mart\u00edn Garc\u00eda"},"content":{"rendered":"\n<div class=\"wp-block-media-text alignwide is-stacked-on-mobile is-vertically-aligned-top is-style-default has-white-background-color has-background\" style=\"grid-template-columns:39% auto\"><figure class=\"wp-block-media-text__media\"><img loading=\"lazy\" width=\"500\" height=\"500\" src=\"https:\/\/gihat.org\/wp-content\/uploads\/2024\/11\/Juan-Manuel-Martin-Garcia-.jpg\" alt=\"\" class=\"wp-image-514 size-full\" srcset=\"https:\/\/gihat.org\/wp-content\/uploads\/2024\/11\/Juan-Manuel-Martin-Garcia-.jpg 500w, https:\/\/gihat.org\/wp-content\/uploads\/2024\/11\/Juan-Manuel-Martin-Garcia--300x300.jpg 300w, https:\/\/gihat.org\/wp-content\/uploads\/2024\/11\/Juan-Manuel-Martin-Garcia--150x150.jpg 150w\" sizes=\"(max-width: 500px) 100vw, 500px\" \/><\/figure><div class=\"wp-block-media-text__content\">\n<p><\/p>\n\n\n\n<p>(Universidad de Granada)<\/p>\n\n\n\n<p>Graduado en Estudios \u00c1rabes e Isl\u00e1micos por la Universidad de Sevilla (2022), actualmente escribe la tesis doctoral con un contrato FPU en el Departamento de Estudios Sem\u00edticos de la Universidad de Granada. Su l\u00ednea de investigaci\u00f3n es el movimiento anarquista espa\u00f1ol en el norte de Marruecos durante el periodo precolonial y colonial, donde aborda, entre otras cuestiones, las redes transnacionales.<\/p>\n<\/div><\/div>\n\n\n\n<p><\/p>\n","protected":false},"excerpt":{"rendered":"<p>(Universidad de Granada) Graduado en Estudios \u00c1rabes e Isl\u00e1micos por la Universidad de Sevilla (2022), actualmente escribe la tesis doctoral con un contrato FPU en el Departamento de Estudios Sem\u00edticos de la Universidad de Granada. Su l\u00ednea de investigaci\u00f3n es el movimiento anarquista espa\u00f1ol en el norte de Marruecos durante el periodo precolonial y colonial,&hellip;&nbsp;<a href=\"https:\/\/gihat.org\/index.php\/participantes\/juan-manuel-martin-garcia\/\" class=\"\" rel=\"bookmark\">Leer m\u00e1s &raquo;<span class=\"screen-reader-text\">Juan Manuel Mart\u00edn Garc\u00eda<\/span><\/a><\/p>\n","protected":false},"author":1,"featured_media":0,"parent":80,"menu_order":0,"comment_status":"closed","ping_status":"closed","template":"","meta":{"neve_meta_sidebar":"default","neve_meta_container":"","neve_meta_enable_content_width":"off","neve_meta_content_width":59,"neve_meta_title_alignment":"","neve_meta_author_avatar":"","neve_post_elements_order":"","neve_meta_disable_header":"off","neve_meta_disable_footer":"","neve_meta_disable_title":"off"},"yoast_head":"<!-- This site is optimized with the Yoast SEO plugin v18.4.1 - https:\/\/yoast.com\/wordpress\/plugins\/seo\/ -->\n<title>Juan Manuel Mart\u00edn Garc\u00eda -<\/title>\n<meta name=\"robots\" content=\"index, follow, max-snippet:-1, max-image-preview:large, max-video-preview:-1\" \/>\n<link rel=\"canonical\" href=\"https:\/\/gihat.org\/index.php\/participantes\/juan-manuel-martin-garcia\/\" \/>\n<meta property=\"og:locale\" content=\"es_ES\" \/>\n<meta property=\"og:type\" content=\"article\" \/>\n<meta property=\"og:title\" content=\"Juan Manuel Mart\u00edn Garc\u00eda -\" \/>\n<meta property=\"og:description\" content=\"(Universidad de Granada) Graduado en Estudios \u00c1rabes e Isl\u00e1micos por la Universidad de Sevilla (2022), actualmente escribe la tesis doctoral con un contrato FPU en el Departamento de Estudios Sem\u00edticos de la Universidad de Granada. Su l\u00ednea de investigaci\u00f3n es el movimiento anarquista espa\u00f1ol en el norte de Marruecos durante el periodo precolonial y colonial,&hellip;&nbsp;Leer m\u00e1s &raquo;Juan Manuel Mart\u00edn Garc\u00eda\" \/>\n<meta property=\"og:url\" content=\"https:\/\/gihat.org\/index.php\/participantes\/juan-manuel-martin-garcia\/\" \/>\n<meta property=\"article:modified_time\" content=\"2024-11-07T10:06:37+00:00\" \/>\n<meta property=\"og:image\" content=\"https:\/\/gihat.org\/wp-content\/uploads\/2024\/11\/Juan-Manuel-Martin-Garcia-.jpg\" \/>\n<meta name=\"twitter:card\" content=\"summary_large_image\" \/>\n<meta name=\"twitter:label1\" content=\"Tiempo de lectura\" \/>\n\t<meta name=\"twitter:data1\" content=\"1 minuto\" \/>\n<script type=\"application\/ld+json\" class=\"yoast-schema-graph\">{\"@context\":\"https:\/\/schema.org\",\"@graph\":[{\"@type\":\"Organization\",\"@id\":\"https:\/\/gihat.org\/#organization\",\"name\":\"GIHAT, Grupo de Investigaci\u00f3n de Historia del Anarquismo Transnacional\",\"url\":\"https:\/\/gihat.org\/\",\"sameAs\":[],\"logo\":{\"@type\":\"ImageObject\",\"@id\":\"https:\/\/gihat.org\/#logo\",\"inLanguage\":\"es\",\"url\":\"http:\/\/gihat.org\/wp-content\/uploads\/2021\/04\/cropped-Gihat-Logo-2.gif\",\"contentUrl\":\"http:\/\/gihat.org\/wp-content\/uploads\/2021\/04\/cropped-Gihat-Logo-2.gif\",\"width\":282,\"height\":90,\"caption\":\"GIHAT, Grupo de Investigaci\u00f3n de Historia del Anarquismo Transnacional\"},\"image\":{\"@id\":\"https:\/\/gihat.org\/#logo\"}},{\"@type\":\"WebSite\",\"@id\":\"https:\/\/gihat.org\/#website\",\"url\":\"https:\/\/gihat.org\/\",\"name\":\"\",\"description\":\"\",\"publisher\":{\"@id\":\"https:\/\/gihat.org\/#organization\"},\"potentialAction\":[{\"@type\":\"SearchAction\",\"target\":{\"@type\":\"EntryPoint\",\"urlTemplate\":\"https:\/\/gihat.org\/?s={search_term_string}\"},\"query-input\":\"required name=search_term_string\"}],\"inLanguage\":\"es\"},{\"@type\":\"ImageObject\",\"@id\":\"https:\/\/gihat.org\/index.php\/participantes\/juan-manuel-martin-garcia\/#primaryimage\",\"inLanguage\":\"es\",\"url\":\"https:\/\/gihat.org\/wp-content\/uploads\/2024\/11\/Juan-Manuel-Martin-Garcia-.jpg\",\"contentUrl\":\"https:\/\/gihat.org\/wp-content\/uploads\/2024\/11\/Juan-Manuel-Martin-Garcia-.jpg\"},{\"@type\":\"WebPage\",\"@id\":\"https:\/\/gihat.org\/index.php\/participantes\/juan-manuel-martin-garcia\/#webpage\",\"url\":\"https:\/\/gihat.org\/index.php\/participantes\/juan-manuel-martin-garcia\/\",\"name\":\"Juan Manuel Mart\u00edn Garc\u00eda -\",\"isPartOf\":{\"@id\":\"https:\/\/gihat.org\/#website\"},\"primaryImageOfPage\":{\"@id\":\"https:\/\/gihat.org\/index.php\/participantes\/juan-manuel-martin-garcia\/#primaryimage\"},\"datePublished\":\"2024-11-07T10:06:36+00:00\",\"dateModified\":\"2024-11-07T10:06:37+00:00\",\"breadcrumb\":{\"@id\":\"https:\/\/gihat.org\/index.php\/participantes\/juan-manuel-martin-garcia\/#breadcrumb\"},\"inLanguage\":\"es\",\"potentialAction\":[{\"@type\":\"ReadAction\",\"target\":[\"https:\/\/gihat.org\/index.php\/participantes\/juan-manuel-martin-garcia\/\"]}]},{\"@type\":\"BreadcrumbList\",\"@id\":\"https:\/\/gihat.org\/index.php\/participantes\/juan-manuel-martin-garcia\/#breadcrumb\",\"itemListElement\":[{\"@type\":\"ListItem\",\"position\":1,\"name\":\"Portada\",\"item\":\"https:\/\/gihat.org\/\"},{\"@type\":\"ListItem\",\"position\":2,\"name\":\"Participantes\",\"item\":\"https:\/\/gihat.org\/index.php\/participantes\/\"},{\"@type\":\"ListItem\",\"position\":3,\"name\":\"Juan Manuel Mart\u00edn Garc\u00eda\"}]}]}<\/script>\n<!-- \/ Yoast SEO plugin. -->","yoast_head_json":{"title":"Juan Manuel Mart\u00edn Garc\u00eda -","robots":{"index":"index","follow":"follow","max-snippet":"max-snippet:-1","max-image-preview":"max-image-preview:large","max-video-preview":"max-video-preview:-1"},"canonical":"https:\/\/gihat.org\/index.php\/participantes\/juan-manuel-martin-garcia\/","og_locale":"es_ES","og_type":"article","og_title":"Juan Manuel Mart\u00edn Garc\u00eda -","og_description":"(Universidad de Granada) Graduado en Estudios \u00c1rabes e Isl\u00e1micos por la Universidad de Sevilla (2022), actualmente escribe la tesis doctoral con un contrato FPU en el Departamento de Estudios Sem\u00edticos de la Universidad de Granada. Su l\u00ednea de investigaci\u00f3n es el movimiento anarquista espa\u00f1ol en el norte de Marruecos durante el periodo precolonial y colonial,&hellip;&nbsp;Leer m\u00e1s &raquo;Juan Manuel Mart\u00edn Garc\u00eda","og_url":"https:\/\/gihat.org\/index.php\/participantes\/juan-manuel-martin-garcia\/","article_modified_time":"2024-11-07T10:06:37+00:00","og_image":[{"url":"https:\/\/gihat.org\/wp-content\/uploads\/2024\/11\/Juan-Manuel-Martin-Garcia-.jpg"}],"twitter_card":"summary_large_image","twitter_misc":{"Tiempo de lectura":"1 minuto"},"schema":{"@context":"https:\/\/schema.org","@graph":[{"@type":"Organization","@id":"https:\/\/gihat.org\/#organization","name":"GIHAT, Grupo de Investigaci\u00f3n de Historia del Anarquismo Transnacional","url":"https:\/\/gihat.org\/","sameAs":[],"logo":{"@type":"ImageObject","@id":"https:\/\/gihat.org\/#logo","inLanguage":"es","url":"http:\/\/gihat.org\/wp-content\/uploads\/2021\/04\/cropped-Gihat-Logo-2.gif","contentUrl":"http:\/\/gihat.org\/wp-content\/uploads\/2021\/04\/cropped-Gihat-Logo-2.gif","width":282,"height":90,"caption":"GIHAT, Grupo de Investigaci\u00f3n de Historia del Anarquismo Transnacional"},"image":{"@id":"https:\/\/gihat.org\/#logo"}},{"@type":"WebSite","@id":"https:\/\/gihat.org\/#website","url":"https:\/\/gihat.org\/","name":"","description":"","publisher":{"@id":"https:\/\/gihat.org\/#organization"},"potentialAction":[{"@type":"SearchAction","target":{"@type":"EntryPoint","urlTemplate":"https:\/\/gihat.org\/?s={search_term_string}"},"query-input":"required name=search_term_string"}],"inLanguage":"es"},{"@type":"ImageObject","@id":"https:\/\/gihat.org\/index.php\/participantes\/juan-manuel-martin-garcia\/#primaryimage","inLanguage":"es","url":"https:\/\/gihat.org\/wp-content\/uploads\/2024\/11\/Juan-Manuel-Martin-Garcia-.jpg","contentUrl":"https:\/\/gihat.org\/wp-content\/uploads\/2024\/11\/Juan-Manuel-Martin-Garcia-.jpg"},{"@type":"WebPage","@id":"https:\/\/gihat.org\/index.php\/participantes\/juan-manuel-martin-garcia\/#webpage","url":"https:\/\/gihat.org\/index.php\/participantes\/juan-manuel-martin-garcia\/","name":"Juan Manuel Mart\u00edn Garc\u00eda -","isPartOf":{"@id":"https:\/\/gihat.org\/#website"},"primaryImageOfPage":{"@id":"https:\/\/gihat.org\/index.php\/participantes\/juan-manuel-martin-garcia\/#primaryimage"},"datePublished":"2024-11-07T10:06:36+00:00","dateModified":"2024-11-07T10:06:37+00:00","breadcrumb":{"@id":"https:\/\/gihat.org\/index.php\/participantes\/juan-manuel-martin-garcia\/#breadcrumb"},"inLanguage":"es","potentialAction":[{"@type":"ReadAction","target":["https:\/\/gihat.org\/index.php\/participantes\/juan-manuel-martin-garcia\/"]}]},{"@type":"BreadcrumbList","@id":"https:\/\/gihat.org\/index.php\/participantes\/juan-manuel-martin-garcia\/#breadcrumb","itemListElement":[{"@type":"ListItem","position":1,"name":"Portada","item":"https:\/\/gihat.org\/"},{"@type":"ListItem","position":2,"name":"Participantes","item":"https:\/\/gihat.org\/index.php\/participantes\/"},{"@type":"ListItem","position":3,"name":"Juan Manuel Mart\u00edn Garc\u00eda"}]}]}},"_links":{"self":[{"href":"https:\/\/gihat.org\/index.php\/wp-json\/wp\/v2\/pages\/513"}],"collection":[{"href":"https:\/\/gihat.org\/index.php\/wp-json\/wp\/v2\/pages"}],"about":[{"href":"https:\/\/gihat.org\/index.php\/wp-json\/wp\/v2\/types\/page"}],"author":[{"embeddable":true,"href":"https:\/\/gihat.org\/index.php\/wp-json\/wp\/v2\/users\/1"}],"replies":[{"embeddable":true,"href":"https:\/\/gihat.org\/index.php\/wp-json\/wp\/v2\/comments?post=513"}],"version-history":[{"count":1,"href":"https:\/\/gihat.org\/index.php\/wp-json\/wp\/v2\/pages\/513\/revisions"}],"predecessor-version":[{"id":515,"href":"https:\/\/gihat.org\/index.php\/wp-json\/wp\/v2\/pages\/513\/revisions\/515"}],"up":[{"embeddable":true,"href":"https:\/\/gihat.org\/index.php\/wp-json\/wp\/v2\/pages\/80"}],"wp:attachment":[{"href":"https:\/\/gihat.org\/index.php\/wp-json\/wp\/v2\/media?parent=513"}],"curies":[{"name":"wp","href":"https:\/\/api.w.org\/{rel}","templated":true}]}}