{"id":80,"date":"2021-04-24T18:33:27","date_gmt":"2021-04-24T16:33:27","guid":{"rendered":"http:\/\/gihat.org\/?page_id=80"},"modified":"2024-11-18T12:47:21","modified_gmt":"2024-11-18T11:47:21","slug":"participantes","status":"publish","type":"page","link":"https:\/\/gihat.org\/index.php\/participantes\/","title":{"rendered":"Participantes"},"content":{"rendered":"\n<div class=\"wp-block-columns\">\n<div class=\"wp-block-column\">\n<div class=\"wp-block-image is-style-default\"><figure class=\"aligncenter size-full is-resized\"><a href=\"http:\/\/gihat.org\/index.php\/participantes\/javier-navarro-navarro\/\"><img loading=\"lazy\" src=\"http:\/\/gihat.org\/wp-content\/uploads\/2021\/04\/Javier-Navarro-Navarro.jpg\" alt=\"\" class=\"wp-image-107\" width=\"250\" height=\"250\" srcset=\"https:\/\/gihat.org\/wp-content\/uploads\/2021\/04\/Javier-Navarro-Navarro.jpg 500w, https:\/\/gihat.org\/wp-content\/uploads\/2021\/04\/Javier-Navarro-Navarro-300x300.jpg 300w, https:\/\/gihat.org\/wp-content\/uploads\/2021\/04\/Javier-Navarro-Navarro-150x150.jpg 150w\" sizes=\"(max-width: 250px) 100vw, 250px\" \/><\/a><figcaption><strong>Javier Navarro Navarro<\/strong><\/figcaption><\/figure><\/div>\n<\/div>\n\n\n\n<div class=\"wp-block-column\">\n<div class=\"wp-block-image is-style-default\"><figure class=\"aligncenter size-full is-resized\"><a href=\"http:\/\/gihat.org\/index.php\/participantes\/amparo-sanchez-cobos\"><img loading=\"lazy\" src=\"http:\/\/gihat.org\/wp-content\/uploads\/2021\/04\/Amparo-Sanchez-Cobos.jpg\" alt=\"\" class=\"wp-image-106\" width=\"250\" height=\"250\" srcset=\"https:\/\/gihat.org\/wp-content\/uploads\/2021\/04\/Amparo-Sanchez-Cobos.jpg 500w, https:\/\/gihat.org\/wp-content\/uploads\/2021\/04\/Amparo-Sanchez-Cobos-300x300.jpg 300w, https:\/\/gihat.org\/wp-content\/uploads\/2021\/04\/Amparo-Sanchez-Cobos-150x150.jpg 150w\" sizes=\"(max-width: 250px) 100vw, 250px\" \/><\/a><figcaption><strong>Amparo S\u00e1nchez Cobos<\/strong><\/figcaption><\/figure><\/div>\n<\/div>\n\n\n\n<div class=\"wp-block-column\">\n<div class=\"wp-block-image is-style-default\"><figure class=\"aligncenter size-full is-resized\"><a href=\"http:\/\/gihat.org\/index.php\/participantes\/susana-sueiro-seoane\"><img loading=\"lazy\" src=\"http:\/\/gihat.org\/wp-content\/uploads\/2021\/04\/Susana-Sueiro-Seoane.jpg\" alt=\"\" class=\"wp-image-108\" width=\"250\" height=\"250\" srcset=\"https:\/\/gihat.org\/wp-content\/uploads\/2021\/04\/Susana-Sueiro-Seoane.jpg 500w, https:\/\/gihat.org\/wp-content\/uploads\/2021\/04\/Susana-Sueiro-Seoane-300x300.jpg 300w, https:\/\/gihat.org\/wp-content\/uploads\/2021\/04\/Susana-Sueiro-Seoane-150x150.jpg 150w\" sizes=\"(max-width: 250px) 100vw, 250px\" \/><\/a><figcaption><strong>Susana Sueiro Seoane<\/strong><\/figcaption><\/figure><\/div>\n<\/div>\n<\/div>\n\n\n\n<div class=\"wp-block-columns\">\n<div class=\"wp-block-column\">\n<div class=\"wp-block-image is-style-default\"><figure class=\"aligncenter size-full is-resized\"><a href=\"http:\/\/gihat.org\/index.php\/participantes\/angel-herrerin-lopez-2\/\"><img loading=\"lazy\" src=\"https:\/\/gihat.org\/wp-content\/uploads\/2021\/05\/A\u0301ngel-Herreri\u0301n-Lo\u0301pez.jpg\" alt=\"\" class=\"wp-image-171\" width=\"250\" height=\"250\" srcset=\"https:\/\/gihat.org\/wp-content\/uploads\/2021\/05\/A\u0301ngel-Herreri\u0301n-Lo\u0301pez.jpg 500w, https:\/\/gihat.org\/wp-content\/uploads\/2021\/05\/A\u0301ngel-Herreri\u0301n-Lo\u0301pez-300x300.jpg 300w, https:\/\/gihat.org\/wp-content\/uploads\/2021\/05\/A\u0301ngel-Herreri\u0301n-Lo\u0301pez-150x150.jpg 150w\" sizes=\"(max-width: 250px) 100vw, 250px\" \/><\/a><figcaption><strong>\u00c1ngel Herrer\u00edn L\u00f3pez<\/strong><\/figcaption><\/figure><\/div>\n<\/div>\n\n\n\n<div class=\"wp-block-column\">\n<div class=\"wp-block-image is-style-default\"><figure class=\"aligncenter size-full is-resized\"><a href=\"http:\/\/gihat.org\/index.php\/participantes\/juan-aviles-farre-2\"><img loading=\"lazy\" src=\"https:\/\/gihat.org\/wp-content\/uploads\/2021\/05\/Juan-Avile\u0301s-Farre\u0301.jpg\" alt=\"\" class=\"wp-image-170\" width=\"250\" height=\"250\" srcset=\"https:\/\/gihat.org\/wp-content\/uploads\/2021\/05\/Juan-Avile\u0301s-Farre\u0301.jpg 500w, https:\/\/gihat.org\/wp-content\/uploads\/2021\/05\/Juan-Avile\u0301s-Farre\u0301-300x300.jpg 300w, https:\/\/gihat.org\/wp-content\/uploads\/2021\/05\/Juan-Avile\u0301s-Farre\u0301-150x150.jpg 150w\" sizes=\"(max-width: 250px) 100vw, 250px\" \/><\/a><figcaption><strong>Juan Avile\u0301s Farre\u0301<\/strong><\/figcaption><\/figure><\/div>\n<\/div>\n\n\n\n<div class=\"wp-block-column\">\n<div class=\"wp-block-image is-style-default\"><figure class=\"aligncenter size-full is-resized\"><a href=\"http:\/\/gihat.org\/index.php\/participantes\/raul-gracia-meseguer\/\"><img loading=\"lazy\" src=\"https:\/\/gihat.org\/wp-content\/uploads\/2021\/05\/Rau\u0301l-Gracia-Meseguer.jpg\" alt=\"\" class=\"wp-image-296\" width=\"250\" height=\"250\" srcset=\"https:\/\/gihat.org\/wp-content\/uploads\/2021\/05\/Rau\u0301l-Gracia-Meseguer.jpg 500w, https:\/\/gihat.org\/wp-content\/uploads\/2021\/05\/Rau\u0301l-Gracia-Meseguer-300x300.jpg 300w, https:\/\/gihat.org\/wp-content\/uploads\/2021\/05\/Rau\u0301l-Gracia-Meseguer-150x150.jpg 150w\" sizes=\"(max-width: 250px) 100vw, 250px\" \/><\/a><figcaption><strong>Ra\u00fal Gracia<\/strong> <strong>Meseguer<\/strong><\/figcaption><\/figure><\/div>\n<\/div>\n<\/div>\n\n\n\n<div class=\"wp-block-columns\">\n<div class=\"wp-block-column\">\n<div class=\"wp-block-image is-style-default\"><figure class=\"aligncenter size-full is-resized\"><a href=\"http:\/\/gihat.org\/index.php\/participantes\/oscar-frean\"><img loading=\"lazy\" src=\"https:\/\/gihat.org\/wp-content\/uploads\/2021\/05\/O\u0301scar-Frea\u0301n.jpg\" alt=\"\" class=\"wp-image-268\" width=\"250\" height=\"250\" srcset=\"https:\/\/gihat.org\/wp-content\/uploads\/2021\/05\/O\u0301scar-Frea\u0301n.jpg 442w, https:\/\/gihat.org\/wp-content\/uploads\/2021\/05\/O\u0301scar-Frea\u0301n-300x300.jpg 300w, https:\/\/gihat.org\/wp-content\/uploads\/2021\/05\/O\u0301scar-Frea\u0301n-150x150.jpg 150w\" sizes=\"(max-width: 250px) 100vw, 250px\" \/><\/a><figcaption><strong>O\u0301scar Frea\u0301n<\/strong><\/figcaption><\/figure><\/div>\n<\/div>\n\n\n\n<div class=\"wp-block-column\">\n<div class=\"wp-block-image is-style-default\"><figure class=\"aligncenter size-large is-resized\"><a href=\"http:\/\/gihat.org\/index.php\/participantes\/laura-fernandez-cordero\"><img loading=\"lazy\" src=\"http:\/\/gihat.org\/wp-content\/uploads\/2021\/05\/Laura-Ferna\u0301ndez-Cordero.jpg\" alt=\"\" class=\"wp-image-255\" width=\"250\" height=\"250\" srcset=\"https:\/\/gihat.org\/wp-content\/uploads\/2021\/05\/Laura-Ferna\u0301ndez-Cordero.jpg 500w, https:\/\/gihat.org\/wp-content\/uploads\/2021\/05\/Laura-Ferna\u0301ndez-Cordero-300x300.jpg 300w, https:\/\/gihat.org\/wp-content\/uploads\/2021\/05\/Laura-Ferna\u0301ndez-Cordero-150x150.jpg 150w\" sizes=\"(max-width: 250px) 100vw, 250px\" \/><\/a><figcaption><strong>Laura Fern\u00e1ndez Cordero<\/strong><\/figcaption><\/figure><\/div>\n<\/div>\n\n\n\n<div class=\"wp-block-column\">\n<div class=\"wp-block-image is-style-default\"><figure class=\"aligncenter size-full is-resized\"><a href=\"https:\/\/gihat.org\/index.php\/participantes\/jordi-maiz-2\"><img loading=\"lazy\" src=\"https:\/\/gihat.org\/wp-content\/uploads\/2021\/05\/Jordi-Mai\u0301z.jpg\" alt=\"\" class=\"wp-image-284\" width=\"250\" height=\"250\" srcset=\"https:\/\/gihat.org\/wp-content\/uploads\/2021\/05\/Jordi-Mai\u0301z.jpg 500w, https:\/\/gihat.org\/wp-content\/uploads\/2021\/05\/Jordi-Mai\u0301z-300x300.jpg 300w, https:\/\/gihat.org\/wp-content\/uploads\/2021\/05\/Jordi-Mai\u0301z-150x150.jpg 150w\" sizes=\"(max-width: 250px) 100vw, 250px\" \/><\/a><figcaption><strong>Jordi Mai\u0301z<\/strong><\/figcaption><\/figure><\/div>\n<\/div>\n<\/div>\n\n\n\n<div class=\"wp-block-columns\">\n<div class=\"wp-block-column\">\n<div class=\"wp-block-group\"><div class=\"wp-block-group__inner-container\">\n<div class=\"wp-block-image is-style-default\"><figure class=\"aligncenter size-full is-resized\"><a href=\"http:\/\/gihat.org\/index.php\/participantes\/jaime-d-rodriguez\/\"><img loading=\"lazy\" src=\"https:\/\/gihat.org\/wp-content\/uploads\/2021\/06\/Jaime-Rodriguez.jpg\" alt=\"\" class=\"wp-image-304\" width=\"250\" height=\"250\" srcset=\"https:\/\/gihat.org\/wp-content\/uploads\/2021\/06\/Jaime-Rodriguez.jpg 500w, https:\/\/gihat.org\/wp-content\/uploads\/2021\/06\/Jaime-Rodriguez-300x300.jpg 300w, https:\/\/gihat.org\/wp-content\/uploads\/2021\/06\/Jaime-Rodriguez-150x150.jpg 150w\" sizes=\"(max-width: 250px) 100vw, 250px\" \/><\/a><figcaption><strong>Jaime D. Rodriguez<\/strong><\/figcaption><\/figure><\/div>\n\n\n\n<div class=\"wp-block-image is-style-default\"><figure class=\"aligncenter size-full is-resized\"><a href=\"https:\/\/gihat.org\/index.php\/participantes\/alfonso-bermudez-mombiela\"><img loading=\"lazy\" src=\"https:\/\/gihat.org\/wp-content\/uploads\/2024\/11\/Alfonso-Bermudez.jpg\" alt=\"\" class=\"wp-image-463\" width=\"250\" height=\"250\" srcset=\"https:\/\/gihat.org\/wp-content\/uploads\/2024\/11\/Alfonso-Bermudez.jpg 500w, https:\/\/gihat.org\/wp-content\/uploads\/2024\/11\/Alfonso-Bermudez-300x300.jpg 300w, https:\/\/gihat.org\/wp-content\/uploads\/2024\/11\/Alfonso-Bermudez-150x150.jpg 150w\" sizes=\"(max-width: 250px) 100vw, 250px\" \/><\/a><figcaption><strong>Alfonso Berm\u00fadez Mombiela<\/strong><\/figcaption><\/figure><\/div>\n\n\n\n<div class=\"wp-block-image is-style-default\"><figure class=\"aligncenter size-full is-resized\"><a href=\"https:\/\/gihat.org\/index.php\/participantes\/lucia-campanella\/\"><img loading=\"lazy\" src=\"https:\/\/gihat.org\/wp-content\/uploads\/2024\/10\/Lucia-Campanella.jpg\" alt=\"\" class=\"wp-image-457\" width=\"250\" height=\"250\" srcset=\"https:\/\/gihat.org\/wp-content\/uploads\/2024\/10\/Lucia-Campanella.jpg 500w, https:\/\/gihat.org\/wp-content\/uploads\/2024\/10\/Lucia-Campanella-300x300.jpg 300w, https:\/\/gihat.org\/wp-content\/uploads\/2024\/10\/Lucia-Campanella-150x150.jpg 150w\" sizes=\"(max-width: 250px) 100vw, 250px\" \/><\/a><figcaption><strong>Lucia Campanella<\/strong><\/figcaption><\/figure><\/div>\n<\/div><\/div>\n<\/div>\n\n\n\n<div class=\"wp-block-column\">\n<div class=\"wp-block-image\"><figure class=\"aligncenter size-full is-resized\"><a href=\"https:\/\/gihat.org\/index.php\/participantes\/martin-albornoz\/\"><img loading=\"lazy\" src=\"https:\/\/gihat.org\/wp-content\/uploads\/2021\/09\/Martin-Albornoz.jpg\" alt=\"\" class=\"wp-image-318\" width=\"250\" height=\"250\" srcset=\"https:\/\/gihat.org\/wp-content\/uploads\/2021\/09\/Martin-Albornoz.jpg 500w, https:\/\/gihat.org\/wp-content\/uploads\/2021\/09\/Martin-Albornoz-300x300.jpg 300w, https:\/\/gihat.org\/wp-content\/uploads\/2021\/09\/Martin-Albornoz-150x150.jpg 150w\" sizes=\"(max-width: 250px) 100vw, 250px\" \/><\/a><figcaption><strong>Mart\u00edn Albornoz<\/strong><\/figcaption><\/figure><\/div>\n\n\n\n<div class=\"wp-block-image\"><figure class=\"aligncenter size-large is-resized\"><a href=\"https:\/\/gihat.org\/index.php\/participantes\/isabelle-felici-2\"><img loading=\"lazy\" src=\"https:\/\/gihat.org\/wp-content\/uploads\/2024\/11\/Isabelle-Felici-2.jpg\" alt=\"\" class=\"wp-image-524\" width=\"250\" height=\"250\" srcset=\"https:\/\/gihat.org\/wp-content\/uploads\/2024\/11\/Isabelle-Felici-2.jpg 500w, https:\/\/gihat.org\/wp-content\/uploads\/2024\/11\/Isabelle-Felici-2-300x300.jpg 300w, https:\/\/gihat.org\/wp-content\/uploads\/2024\/11\/Isabelle-Felici-2-150x150.jpg 150w\" sizes=\"(max-width: 250px) 100vw, 250px\" \/><\/a><figcaption><strong>Isabelle Felici<\/strong><\/figcaption><\/figure><\/div>\n\n\n\n<div class=\"wp-block-image\"><figure class=\"aligncenter size-large is-resized\"><a href=\"https:\/\/gihat.org\/index.php\/participantes\/vicent-bellver-loizaga-2\"><img loading=\"lazy\" src=\"https:\/\/gihat.org\/wp-content\/uploads\/2024\/11\/Vicent-Bellver-Loizaga.jpg\" alt=\"\" class=\"wp-image-506\" width=\"250\" height=\"250\" srcset=\"https:\/\/gihat.org\/wp-content\/uploads\/2024\/11\/Vicent-Bellver-Loizaga.jpg 500w, https:\/\/gihat.org\/wp-content\/uploads\/2024\/11\/Vicent-Bellver-Loizaga-300x300.jpg 300w, https:\/\/gihat.org\/wp-content\/uploads\/2024\/11\/Vicent-Bellver-Loizaga-150x150.jpg 150w\" sizes=\"(max-width: 250px) 100vw, 250px\" \/><\/a><figcaption><strong>Vicent Bellver Loizaga<\/strong><\/figcaption><\/figure><\/div>\n<\/div>\n\n\n\n<div class=\"wp-block-column\">\n<div class=\"wp-block-image\"><figure class=\"aligncenter size-full is-resized\"><a href=\"https:\/\/gihat.org\/index.php\/participantes\/diego-silverio-saavedra-lara\/\"><img loading=\"lazy\" src=\"https:\/\/gihat.org\/wp-content\/uploads\/2024\/11\/Diego-Silverio-Saavedra.jpg\" alt=\"\" class=\"wp-image-466\" width=\"250\" height=\"250\" srcset=\"https:\/\/gihat.org\/wp-content\/uploads\/2024\/11\/Diego-Silverio-Saavedra.jpg 500w, https:\/\/gihat.org\/wp-content\/uploads\/2024\/11\/Diego-Silverio-Saavedra-300x300.jpg 300w, https:\/\/gihat.org\/wp-content\/uploads\/2024\/11\/Diego-Silverio-Saavedra-150x150.jpg 150w\" sizes=\"(max-width: 250px) 100vw, 250px\" \/><\/a><figcaption><strong>Diego Silverio Saavedra Lara<\/strong><\/figcaption><\/figure><\/div>\n\n\n\n<div class=\"wp-block-image\"><figure class=\"aligncenter size-full is-resized\"><a href=\"https:\/\/gihat.org\/index.php\/participantes\/nadia-ledesma-prietto\/\"><img loading=\"lazy\" src=\"https:\/\/gihat.org\/wp-content\/uploads\/2024\/11\/Ledesma-Prietto.jpg\" alt=\"\" class=\"wp-image-460\" width=\"250\" height=\"250\" srcset=\"https:\/\/gihat.org\/wp-content\/uploads\/2024\/11\/Ledesma-Prietto.jpg 500w, https:\/\/gihat.org\/wp-content\/uploads\/2024\/11\/Ledesma-Prietto-300x300.jpg 300w, https:\/\/gihat.org\/wp-content\/uploads\/2024\/11\/Ledesma-Prietto-150x150.jpg 150w\" sizes=\"(max-width: 250px) 100vw, 250px\" \/><\/a><figcaption><strong><strong>Nadia Ledesma Prietto<\/strong><\/strong><\/figcaption><\/figure><\/div>\n\n\n\n<div class=\"wp-block-image\"><figure class=\"aligncenter size-large is-resized\"><a href=\"https:\/\/gihat.org\/index.php\/participantes\/juan-manuel-martin-garcia\/\"><img loading=\"lazy\" src=\"http:\/\/gihat.org\/wp-content\/uploads\/2024\/11\/Juan-Manuel-Martin-Garcia-.jpg\" alt=\"\" class=\"wp-image-514\" width=\"250\" height=\"250\" srcset=\"https:\/\/gihat.org\/wp-content\/uploads\/2024\/11\/Juan-Manuel-Martin-Garcia-.jpg 500w, https:\/\/gihat.org\/wp-content\/uploads\/2024\/11\/Juan-Manuel-Martin-Garcia--300x300.jpg 300w, https:\/\/gihat.org\/wp-content\/uploads\/2024\/11\/Juan-Manuel-Martin-Garcia--150x150.jpg 150w\" sizes=\"(max-width: 250px) 100vw, 250px\" \/><\/a><figcaption>Juan Manuel Mart\u00edn Garc\u00eda<\/figcaption><\/figure><\/div>\n<\/div>\n<\/div>\n\n\n\n<p><\/p>\n","protected":false},"excerpt":{"rendered":"","protected":false},"author":1,"featured_media":0,"parent":0,"menu_order":0,"comment_status":"closed","ping_status":"closed","template":"","meta":{"neve_meta_sidebar":"","neve_meta_container":"default","neve_meta_enable_content_width":"","neve_meta_content_width":0,"neve_meta_title_alignment":"left","neve_meta_author_avatar":"","neve_post_elements_order":"","neve_meta_disable_header":"","neve_meta_disable_footer":"","neve_meta_disable_title":""},"yoast_head":"<!-- This site is optimized with the Yoast SEO plugin v18.4.1 - https:\/\/yoast.com\/wordpress\/plugins\/seo\/ -->\n<title>Participantes -<\/title>\n<meta name=\"description\" content=\"Participantes de GIHAT Grupo de Investigaci\u00f3n del Anarquismo Transnacional\" \/>\n<meta name=\"robots\" content=\"index, follow, max-snippet:-1, max-image-preview:large, max-video-preview:-1\" \/>\n<link rel=\"canonical\" href=\"https:\/\/gihat.org\/index.php\/participantes\/\" \/>\n<meta property=\"og:locale\" content=\"es_ES\" \/>\n<meta property=\"og:type\" content=\"article\" \/>\n<meta property=\"og:title\" content=\"Participantes -\" \/>\n<meta property=\"og:description\" content=\"Participantes de GIHAT Grupo de Investigaci\u00f3n del Anarquismo Transnacional\" \/>\n<meta property=\"og:url\" content=\"https:\/\/gihat.org\/index.php\/participantes\/\" \/>\n<meta property=\"article:modified_time\" content=\"2024-11-18T11:47:21+00:00\" \/>\n<meta property=\"og:image\" content=\"http:\/\/gihat.org\/wp-content\/uploads\/2021\/04\/Javier-Navarro-Navarro.jpg\" \/>\n<meta name=\"twitter:card\" content=\"summary_large_image\" \/>\n<meta name=\"twitter:label1\" content=\"Tiempo de lectura\" \/>\n\t<meta name=\"twitter:data1\" content=\"4 minutos\" \/>\n<script type=\"application\/ld+json\" class=\"yoast-schema-graph\">{\"@context\":\"https:\/\/schema.org\",\"@graph\":[{\"@type\":\"Organization\",\"@id\":\"https:\/\/gihat.org\/#organization\",\"name\":\"GIHAT, Grupo de Investigaci\u00f3n de Historia del Anarquismo Transnacional\",\"url\":\"https:\/\/gihat.org\/\",\"sameAs\":[],\"logo\":{\"@type\":\"ImageObject\",\"@id\":\"https:\/\/gihat.org\/#logo\",\"inLanguage\":\"es\",\"url\":\"http:\/\/gihat.org\/wp-content\/uploads\/2021\/04\/cropped-Gihat-Logo-2.gif\",\"contentUrl\":\"http:\/\/gihat.org\/wp-content\/uploads\/2021\/04\/cropped-Gihat-Logo-2.gif\",\"width\":282,\"height\":90,\"caption\":\"GIHAT, Grupo de Investigaci\u00f3n de Historia del Anarquismo Transnacional\"},\"image\":{\"@id\":\"https:\/\/gihat.org\/#logo\"}},{\"@type\":\"WebSite\",\"@id\":\"https:\/\/gihat.org\/#website\",\"url\":\"https:\/\/gihat.org\/\",\"name\":\"\",\"description\":\"\",\"publisher\":{\"@id\":\"https:\/\/gihat.org\/#organization\"},\"potentialAction\":[{\"@type\":\"SearchAction\",\"target\":{\"@type\":\"EntryPoint\",\"urlTemplate\":\"https:\/\/gihat.org\/?s={search_term_string}\"},\"query-input\":\"required name=search_term_string\"}],\"inLanguage\":\"es\"},{\"@type\":\"ImageObject\",\"@id\":\"https:\/\/gihat.org\/index.php\/participantes\/#primaryimage\",\"inLanguage\":\"es\",\"url\":\"https:\/\/gihat.org\/wp-content\/uploads\/2021\/04\/Javier-Navarro-Navarro.jpg\",\"contentUrl\":\"https:\/\/gihat.org\/wp-content\/uploads\/2021\/04\/Javier-Navarro-Navarro.jpg\",\"width\":500,\"height\":500},{\"@type\":\"WebPage\",\"@id\":\"https:\/\/gihat.org\/index.php\/participantes\/#webpage\",\"url\":\"https:\/\/gihat.org\/index.php\/participantes\/\",\"name\":\"Participantes -\",\"isPartOf\":{\"@id\":\"https:\/\/gihat.org\/#website\"},\"primaryImageOfPage\":{\"@id\":\"https:\/\/gihat.org\/index.php\/participantes\/#primaryimage\"},\"datePublished\":\"2021-04-24T16:33:27+00:00\",\"dateModified\":\"2024-11-18T11:47:21+00:00\",\"description\":\"Participantes de GIHAT Grupo de Investigaci\u00f3n del Anarquismo Transnacional\",\"breadcrumb\":{\"@id\":\"https:\/\/gihat.org\/index.php\/participantes\/#breadcrumb\"},\"inLanguage\":\"es\",\"potentialAction\":[{\"@type\":\"ReadAction\",\"target\":[\"https:\/\/gihat.org\/index.php\/participantes\/\"]}]},{\"@type\":\"BreadcrumbList\",\"@id\":\"https:\/\/gihat.org\/index.php\/participantes\/#breadcrumb\",\"itemListElement\":[{\"@type\":\"ListItem\",\"position\":1,\"name\":\"Portada\",\"item\":\"https:\/\/gihat.org\/\"},{\"@type\":\"ListItem\",\"position\":2,\"name\":\"Participantes\"}]}]}<\/script>\n<!-- \/ Yoast SEO plugin. -->","yoast_head_json":{"title":"Participantes -","description":"Participantes de GIHAT Grupo de Investigaci\u00f3n del Anarquismo Transnacional","robots":{"index":"index","follow":"follow","max-snippet":"max-snippet:-1","max-image-preview":"max-image-preview:large","max-video-preview":"max-video-preview:-1"},"canonical":"https:\/\/gihat.org\/index.php\/participantes\/","og_locale":"es_ES","og_type":"article","og_title":"Participantes -","og_description":"Participantes de GIHAT Grupo de Investigaci\u00f3n del Anarquismo Transnacional","og_url":"https:\/\/gihat.org\/index.php\/participantes\/","article_modified_time":"2024-11-18T11:47:21+00:00","og_image":[{"url":"http:\/\/gihat.org\/wp-content\/uploads\/2021\/04\/Javier-Navarro-Navarro.jpg"}],"twitter_card":"summary_large_image","twitter_misc":{"Tiempo de lectura":"4 minutos"},"schema":{"@context":"https:\/\/schema.org","@graph":[{"@type":"Organization","@id":"https:\/\/gihat.org\/#organization","name":"GIHAT, Grupo de Investigaci\u00f3n de Historia del Anarquismo Transnacional","url":"https:\/\/gihat.org\/","sameAs":[],"logo":{"@type":"ImageObject","@id":"https:\/\/gihat.org\/#logo","inLanguage":"es","url":"http:\/\/gihat.org\/wp-content\/uploads\/2021\/04\/cropped-Gihat-Logo-2.gif","contentUrl":"http:\/\/gihat.org\/wp-content\/uploads\/2021\/04\/cropped-Gihat-Logo-2.gif","width":282,"height":90,"caption":"GIHAT, Grupo de Investigaci\u00f3n de Historia del Anarquismo Transnacional"},"image":{"@id":"https:\/\/gihat.org\/#logo"}},{"@type":"WebSite","@id":"https:\/\/gihat.org\/#website","url":"https:\/\/gihat.org\/","name":"","description":"","publisher":{"@id":"https:\/\/gihat.org\/#organization"},"potentialAction":[{"@type":"SearchAction","target":{"@type":"EntryPoint","urlTemplate":"https:\/\/gihat.org\/?s={search_term_string}"},"query-input":"required name=search_term_string"}],"inLanguage":"es"},{"@type":"ImageObject","@id":"https:\/\/gihat.org\/index.php\/participantes\/#primaryimage","inLanguage":"es","url":"https:\/\/gihat.org\/wp-content\/uploads\/2021\/04\/Javier-Navarro-Navarro.jpg","contentUrl":"https:\/\/gihat.org\/wp-content\/uploads\/2021\/04\/Javier-Navarro-Navarro.jpg","width":500,"height":500},{"@type":"WebPage","@id":"https:\/\/gihat.org\/index.php\/participantes\/#webpage","url":"https:\/\/gihat.org\/index.php\/participantes\/","name":"Participantes -","isPartOf":{"@id":"https:\/\/gihat.org\/#website"},"primaryImageOfPage":{"@id":"https:\/\/gihat.org\/index.php\/participantes\/#primaryimage"},"datePublished":"2021-04-24T16:33:27+00:00","dateModified":"2024-11-18T11:47:21+00:00","description":"Participantes de GIHAT Grupo de Investigaci\u00f3n del Anarquismo Transnacional","breadcrumb":{"@id":"https:\/\/gihat.org\/index.php\/participantes\/#breadcrumb"},"inLanguage":"es","potentialAction":[{"@type":"ReadAction","target":["https:\/\/gihat.org\/index.php\/participantes\/"]}]},{"@type":"BreadcrumbList","@id":"https:\/\/gihat.org\/index.php\/participantes\/#breadcrumb","itemListElement":[{"@type":"ListItem","position":1,"name":"Portada","item":"https:\/\/gihat.org\/"},{"@type":"ListItem","position":2,"name":"Participantes"}]}]}},"_links":{"self":[{"href":"https:\/\/gihat.org\/index.php\/wp-json\/wp\/v2\/pages\/80"}],"collection":[{"href":"https:\/\/gihat.org\/index.php\/wp-json\/wp\/v2\/pages"}],"about":[{"href":"https:\/\/gihat.org\/index.php\/wp-json\/wp\/v2\/types\/page"}],"author":[{"embeddable":true,"href":"https:\/\/gihat.org\/index.php\/wp-json\/wp\/v2\/users\/1"}],"replies":[{"embeddable":true,"href":"https:\/\/gihat.org\/index.php\/wp-json\/wp\/v2\/comments?post=80"}],"version-history":[{"count":89,"href":"https:\/\/gihat.org\/index.php\/wp-json\/wp\/v2\/pages\/80\/revisions"}],"predecessor-version":[{"id":533,"href":"https:\/\/gihat.org\/index.php\/wp-json\/wp\/v2\/pages\/80\/revisions\/533"}],"wp:attachment":[{"href":"https:\/\/gihat.org\/index.php\/wp-json\/wp\/v2\/media?parent=80"}],"curies":[{"name":"wp","href":"https:\/\/api.w.org\/{rel}","templated":true}]}}